{"id":209,"date":"2025-12-19T19:24:15","date_gmt":"2025-12-19T19:24:15","guid":{"rendered":"https:\/\/lacuinaproductosyservicios.com\/?post_type=product&#038;p=209"},"modified":"2026-01-07T01:50:04","modified_gmt":"2026-01-07T01:50:04","slug":"209","status":"publish","type":"product","link":"https:\/\/lacuinaproductosyservicios.com\/index.php\/producto\/209\/","title":{"rendered":"RELOJ SAMSUNG WATCH FIT 3"},"content":{"rendered":"<pre style=\"text-align: left;\"><span class=\"matching-text-highlight\">RELOJ<\/span> SAMSUNG WATCH FIT 3\r\nEl Smartwatch Samsung Fit 3 Combina estilo y funcionalidad, monitoreando tu actividad f\u00edsica y salud con una pantalla t\u00e1ctil brillante y m\u00faltiples funciones.\r\nEl Fit3 es la elecci\u00f3n ideal para aquellos que buscan un dispositivo elegante y funcional en su vida diaria. Gracias a su pantalla AMOLED de 1.6 pulgadas, disfrutar\u00e1s de una visualizaci\u00f3n clara y v\u00edvida de tus notificaciones y m\u00e9tricas de salud. Dise\u00f1ado para adaptarse a cualquier estilo, este reloj unisex es m\u00e1s que un simple accesorio; es tu nuevo compa\u00f1ero de bienestar. Equipado con tecnolog\u00eda de conectividad Bluetooth 5.3, el Galaxy Fit3 garantiza una sincronizaci\u00f3n r\u00e1pida y estable con tu smartphone, manteni\u00e9ndote siempre conectado sin importar d\u00f3nde est\u00e9s. La duraci\u00f3n de la bater\u00eda de hasta 13 d\u00edas lo convierte en una opci\u00f3n excepcional para aquellos que no quieren preocuparse por tener que cargar el dispositivo constantemente. Ideal para actividades deportivas, el Galaxy Fit3 ofrece caracter\u00edsticas que monitorean tu actividad f\u00edsica, mejorando tu rendimiento y ayud\u00e1ndote a alcanzar tus metas de fitness. No importa si est\u00e1s en el gimnasio, caminando al aire libre o en la oficina, este smartwatch se adapta perfectamente a cualquier situaci\u00f3n, brind\u00e1ndote apoyo continuo en tu jornada diaria.<\/pre>\n","protected":false},"excerpt":{"rendered":"<p>RELOJ SAMSUNG WATCH FIT 3 El Smartwatch Samsung Fit 3 Combina estilo y funcionalidad, monitoreando tu actividad f\u00edsica y salud con una pantalla t\u00e1ctil brillante y m\u00faltiples funciones. El Fit3 es la elecci\u00f3n ideal para aquellos que buscan un dispositivo elegante y funcional en su vida diaria. Gracias a su pantalla AMOLED de 1.6 pulgadas,&#8230;<\/p>\n","protected":false},"featured_media":212,"comment_status":"open","ping_status":"closed","template":"","meta":{"_kad_post_transparent":"default","_kad_post_title":"","_kad_post_layout":"default","_kad_post_sidebar_id":"","_kad_post_content_style":"default","_kad_post_vertical_padding":"default","_kad_post_feature":"","_kad_post_feature_position":"","_kad_post_header":false,"_kad_post_footer":false,"_kad_post_classname":""},"product_brand":[],"product_cat":[16,23],"product_tag":[],"class_list":{"0":"post-209","1":"product","2":"type-product","3":"status-publish","4":"has-post-thumbnail","6":"product_cat-accesorios","7":"product_cat-smartwatch","9":"first","10":"instock","11":"shipping-taxable","12":"purchasable","13":"product-type-simple","14":"entry","15":"content-bg","16":"loop-entry"},"_links":{"self":[{"href":"https:\/\/lacuinaproductosyservicios.com\/index.php\/wp-json\/wp\/v2\/product\/209","targetHints":{"allow":["GET"]}}],"collection":[{"href":"https:\/\/lacuinaproductosyservicios.com\/index.php\/wp-json\/wp\/v2\/product"}],"about":[{"href":"https:\/\/lacuinaproductosyservicios.com\/index.php\/wp-json\/wp\/v2\/types\/product"}],"replies":[{"embeddable":true,"href":"https:\/\/lacuinaproductosyservicios.com\/index.php\/wp-json\/wp\/v2\/comments?post=209"}],"wp:featuredmedia":[{"embeddable":true,"href":"https:\/\/lacuinaproductosyservicios.com\/index.php\/wp-json\/wp\/v2\/media\/212"}],"wp:attachment":[{"href":"https:\/\/lacuinaproductosyservicios.com\/index.php\/wp-json\/wp\/v2\/media?parent=209"}],"wp:term":[{"taxonomy":"product_brand","embeddable":true,"href":"https:\/\/lacuinaproductosyservicios.com\/index.php\/wp-json\/wp\/v2\/product_brand?post=209"},{"taxonomy":"product_cat","embeddable":true,"href":"https:\/\/lacuinaproductosyservicios.com\/index.php\/wp-json\/wp\/v2\/product_cat?post=209"},{"taxonomy":"product_tag","embeddable":true,"href":"https:\/\/lacuinaproductosyservicios.com\/index.php\/wp-json\/wp\/v2\/product_tag?post=209"}],"curies":[{"name":"wp","href":"https:\/\/api.w.org\/{rel}","templated":true}]}}