{"id":215,"date":"2025-12-19T19:57:49","date_gmt":"2025-12-19T19:57:49","guid":{"rendered":"https:\/\/lacuinaproductosyservicios.com\/?post_type=product&#038;p=215"},"modified":"2025-12-19T19:57:49","modified_gmt":"2025-12-19T19:57:49","slug":"reloj-xiaomi-mi-band-9-active","status":"publish","type":"product","link":"https:\/\/lacuinaproductosyservicios.com\/index.php\/producto\/reloj-xiaomi-mi-band-9-active\/","title":{"rendered":"RELOJ XIAOMI MI BAND 9 ACTIVE"},"content":{"rendered":"<pre><strong data-entity-type=\"MessageEntityBold\"><span class=\"matching-text-highlight\">RELOJ<\/span> XIAOMI MI BAND 9 ACTIVE\r\n<\/strong><\/pre>\n<p>La Xiaomi Smart Band 9 Active est\u00e1 dise\u00f1ada para personas que priorizan la salud, la actividad f\u00edsica y la comodidad. Equipada con funciones avanzadas de seguimiento de la salud, esta pulsera monitorea tu frecuencia card\u00edaca, la calidad del sue\u00f1o y la actividad diaria para brindarte una visi\u00f3n integral de tu bienestar. Con su dise\u00f1o liviano, pantalla vibrante y opciones personalizables, se adapta perfectamente a cualquier estilo de vida, ayud\u00e1ndote a mantenerte motivado y encaminado hacia tus objetivos de actividad f\u00edsica.<br \/>\nEsta pulsera inteligente se conecta f\u00e1cilmente a tu tel\u00e9fono inteligente, lo que garantiza que te mantengas actualizado con las notificaciones mientras est\u00e1s en movimiento. Con una bater\u00eda de larga duraci\u00f3n y resistencia al agua, la Xiaomi Smart Band 9 Active es perfecta tanto para hacer ejercicio como para usarla a diario.<\/p>\n<p><strong>Caracter\u00edsticas principales:<\/strong><\/p>\n<p>Monitoreo de la salud: rastrea la frecuencia card\u00edaca, los patrones de sue\u00f1o y m\u00e1s para obtener una descripci\u00f3n completa del bienestar.<\/p>\n<p>Seguimiento de actividad: registra pasos, calor\u00edas y ejercicio con precisi\u00f3n.<\/p>\n<p>Notificaciones inteligentes: mant\u00e9ngase conectado con alertas de llamadas, mensajes y aplicaciones.<\/p>\n<p>Pantalla personalizable: elige entre m\u00faltiples esferas de reloj para adaptarlas a tu estilo.<\/p>\n<p>Bater\u00eda de larga duraci\u00f3n: rendimiento confiable para mantenerte activo durante todo el d\u00eda.<\/p>\n<p>Resistencia al agua: Dise\u00f1ado para soportar salpicaduras y sudor cotidianos.<\/p>\n<pre><strong data-entity-type=\"MessageEntityBold\">\u00a0<\/strong><\/pre>\n<h1><\/h1>\n","protected":false},"excerpt":{"rendered":"<p>RELOJ XIAOMI MI BAND 9 ACTIVE La Xiaomi Smart Band 9 Active est\u00e1 dise\u00f1ada para personas que priorizan la salud, la actividad f\u00edsica y la comodidad. Equipada con funciones avanzadas de seguimiento de la salud, esta pulsera monitorea tu frecuencia card\u00edaca, la calidad del sue\u00f1o y la actividad diaria para brindarte una visi\u00f3n integral de&#8230;<\/p>\n","protected":false},"featured_media":218,"comment_status":"open","ping_status":"closed","template":"","meta":{"_kad_post_transparent":"default","_kad_post_title":"","_kad_post_layout":"default","_kad_post_sidebar_id":"","_kad_post_content_style":"default","_kad_post_vertical_padding":"default","_kad_post_feature":"","_kad_post_feature_position":"","_kad_post_header":false,"_kad_post_footer":false,"_kad_post_classname":""},"product_brand":[],"product_cat":[16,23],"product_tag":[],"class_list":{"0":"post-215","1":"product","2":"type-product","3":"status-publish","4":"has-post-thumbnail","6":"product_cat-accesorios","7":"product_cat-smartwatch","9":"first","10":"instock","11":"shipping-taxable","12":"purchasable","13":"product-type-simple","14":"entry","15":"content-bg","16":"loop-entry"},"_links":{"self":[{"href":"https:\/\/lacuinaproductosyservicios.com\/index.php\/wp-json\/wp\/v2\/product\/215","targetHints":{"allow":["GET"]}}],"collection":[{"href":"https:\/\/lacuinaproductosyservicios.com\/index.php\/wp-json\/wp\/v2\/product"}],"about":[{"href":"https:\/\/lacuinaproductosyservicios.com\/index.php\/wp-json\/wp\/v2\/types\/product"}],"replies":[{"embeddable":true,"href":"https:\/\/lacuinaproductosyservicios.com\/index.php\/wp-json\/wp\/v2\/comments?post=215"}],"wp:featuredmedia":[{"embeddable":true,"href":"https:\/\/lacuinaproductosyservicios.com\/index.php\/wp-json\/wp\/v2\/media\/218"}],"wp:attachment":[{"href":"https:\/\/lacuinaproductosyservicios.com\/index.php\/wp-json\/wp\/v2\/media?parent=215"}],"wp:term":[{"taxonomy":"product_brand","embeddable":true,"href":"https:\/\/lacuinaproductosyservicios.com\/index.php\/wp-json\/wp\/v2\/product_brand?post=215"},{"taxonomy":"product_cat","embeddable":true,"href":"https:\/\/lacuinaproductosyservicios.com\/index.php\/wp-json\/wp\/v2\/product_cat?post=215"},{"taxonomy":"product_tag","embeddable":true,"href":"https:\/\/lacuinaproductosyservicios.com\/index.php\/wp-json\/wp\/v2\/product_tag?post=215"}],"curies":[{"name":"wp","href":"https:\/\/api.w.org\/{rel}","templated":true}]}}