{"id":220,"date":"2025-12-19T20:04:32","date_gmt":"2025-12-19T20:04:32","guid":{"rendered":"https:\/\/lacuinaproductosyservicios.com\/?post_type=product&#038;p=220"},"modified":"2025-12-19T20:04:32","modified_gmt":"2025-12-19T20:04:32","slug":"reloj-smart-blulory-ultra-2-2025","status":"publish","type":"product","link":"https:\/\/lacuinaproductosyservicios.com\/index.php\/producto\/reloj-smart-blulory-ultra-2-2025\/","title":{"rendered":"RELOJ SMART BLULORY ULTRA 2 (2025)"},"content":{"rendered":"<p>El Reloj Smartwatch Blulory Ultra 2 (2025) de 49 mm es la soluci\u00f3n ideal para aquellos que desean integrar tecnolog\u00eda avanzada en su vida diaria. Este reloj inteligente destaca por su dise\u00f1o elegante y funcional, con un bisel de metal y una pantalla t\u00e1ctil TFT a color que ofrece una visualizaci\u00f3n clara y vibrante. Gracias a su compatibilidad con sistemas Android e iOS, el Blulory Ultra 2 se adapta a tus necesidades, permiti\u00e9ndote controlar la m\u00fasica de tu tel\u00e9fono y recibir notificaciones de mensajes de aplicaciones como Facebook y WhatsApp directamente en tu mu\u00f1eca. Este smartwatch no solo te mantiene conectado, sino que tambi\u00e9n act\u00faa como un aliado en tu bienestar. Con funciones de monitoreo deportivo y de salud, podr\u00e1s seguir tu frecuencia card\u00edaca, niveles de ox\u00edgeno en sangre y calidad del sue\u00f1o, asegurando un seguimiento exhaustivo de tu estado f\u00edsico. Adem\u00e1s, su funci\u00f3n de alarma te ayuda a gestionar tus horarios de manera eficaz. Con hasta 7 d\u00edas de duraci\u00f3n de bater\u00eda, el Blulory Ultra 2 es perfecto para quienes buscan un dispositivo confiable y multifuncional para mejorar su estilo de vida activo.<\/p>\n<p lang=\"es-MX\"><strong>Caracter\u00edsticas<\/strong><\/p>\n<p><strong>Bluetooth Phone:<\/strong>\u00a0Conecta el smartwatch al tel\u00e9fono por Bluetooth.<\/p>\n<p><strong>M\u00fasica:<\/strong>\u00a0Controla la reproducci\u00f3n de m\u00fasica del tel\u00e9fono desde el reloj.<\/p>\n<p><strong>Modo Deportivo:<\/strong>\u00a0Monitorea actividades f\u00edsicas con distintos modos.<\/p>\n<p><strong>Monitoreo del Sue\u00f1o:<\/strong>\u00a0Registra la calidad del sue\u00f1o.<\/p>\n<p><strong>Notificaciones de Mensajes:<\/strong>\u00a0Recibe y muestra mensajes de apps como Facebook y WhatsApp.<\/p>\n<p><strong>Lectura de Mensajes:<\/strong>\u00a0Permite leer el contenido de los mensajes en el reloj.<\/p>\n<p><strong>Alarma\/Recordatorio:<\/strong>\u00a0Alarma con vibraci\u00f3n o sonido en la mu\u00f1eca.<\/p>\n<p><strong>Control Remoto para Fotos:<\/strong>\u00a0Toma fotos desde el tel\u00e9fono al agitar el reloj.<\/p>\n","protected":false},"excerpt":{"rendered":"<p>El Reloj Smartwatch Blulory Ultra 2 (2025) de 49 mm es la soluci\u00f3n ideal para aquellos que desean integrar tecnolog\u00eda avanzada en su vida diaria. Este reloj inteligente destaca por su dise\u00f1o elegante y funcional, con un bisel de metal y una pantalla t\u00e1ctil TFT a color que ofrece una visualizaci\u00f3n clara y vibrante. Gracias&#8230;<\/p>\n","protected":false},"featured_media":221,"comment_status":"open","ping_status":"closed","template":"","meta":{"_kad_post_transparent":"default","_kad_post_title":"","_kad_post_layout":"default","_kad_post_sidebar_id":"","_kad_post_content_style":"default","_kad_post_vertical_padding":"default","_kad_post_feature":"","_kad_post_feature_position":"","_kad_post_header":false,"_kad_post_footer":false,"_kad_post_classname":""},"product_brand":[],"product_cat":[16,23],"product_tag":[],"class_list":{"0":"post-220","1":"product","2":"type-product","3":"status-publish","4":"has-post-thumbnail","6":"product_cat-accesorios","7":"product_cat-smartwatch","9":"first","10":"instock","11":"shipping-taxable","12":"purchasable","13":"product-type-simple","14":"entry","15":"content-bg","16":"loop-entry"},"_links":{"self":[{"href":"https:\/\/lacuinaproductosyservicios.com\/index.php\/wp-json\/wp\/v2\/product\/220","targetHints":{"allow":["GET"]}}],"collection":[{"href":"https:\/\/lacuinaproductosyservicios.com\/index.php\/wp-json\/wp\/v2\/product"}],"about":[{"href":"https:\/\/lacuinaproductosyservicios.com\/index.php\/wp-json\/wp\/v2\/types\/product"}],"replies":[{"embeddable":true,"href":"https:\/\/lacuinaproductosyservicios.com\/index.php\/wp-json\/wp\/v2\/comments?post=220"}],"wp:featuredmedia":[{"embeddable":true,"href":"https:\/\/lacuinaproductosyservicios.com\/index.php\/wp-json\/wp\/v2\/media\/221"}],"wp:attachment":[{"href":"https:\/\/lacuinaproductosyservicios.com\/index.php\/wp-json\/wp\/v2\/media?parent=220"}],"wp:term":[{"taxonomy":"product_brand","embeddable":true,"href":"https:\/\/lacuinaproductosyservicios.com\/index.php\/wp-json\/wp\/v2\/product_brand?post=220"},{"taxonomy":"product_cat","embeddable":true,"href":"https:\/\/lacuinaproductosyservicios.com\/index.php\/wp-json\/wp\/v2\/product_cat?post=220"},{"taxonomy":"product_tag","embeddable":true,"href":"https:\/\/lacuinaproductosyservicios.com\/index.php\/wp-json\/wp\/v2\/product_tag?post=220"}],"curies":[{"name":"wp","href":"https:\/\/api.w.org\/{rel}","templated":true}]}}