{"id":234,"date":"2025-12-19T20:29:46","date_gmt":"2025-12-19T20:29:46","guid":{"rendered":"https:\/\/lacuinaproductosyservicios.com\/?post_type=product&#038;p=234"},"modified":"2026-01-07T01:50:04","modified_gmt":"2026-01-07T01:50:04","slug":"reloj-haylou-solar-lite-smart","status":"publish","type":"product","link":"https:\/\/lacuinaproductosyservicios.com\/index.php\/producto\/reloj-haylou-solar-lite-smart\/","title":{"rendered":"RELOJ HAYLOU SOLAR LITE SMART"},"content":{"rendered":"<p><span class=\"matching-text-highlight\">RELOJ<\/span> HAYLOU SOLAR LITE SMART<\/p>\n<p>El Smartwatch Haylou Solar Lite es inteligente, vers\u00e1til y moderno que combina funcionalidades avanzadas con un dise\u00f1o elegante y una larga duraci\u00f3n de la bater\u00eda. Este smartwatch est\u00e1 dise\u00f1ado para satisfacer las necesidades de aquellos que desean un dispositivo port\u00e1til que ofrezca seguimiento de la actividad f\u00edsica, notificaciones inteligentes y m\u00e1s. Cuenta con una pantalla redonda de 1.28 pulgadas con tecnolog\u00eda TFT y una resoluci\u00f3n n\u00edtida que muestra informaci\u00f3n clara y f\u00e1cil de leer. El reloj est\u00e1 equipado con sensores de movimiento de alta precisi\u00f3n y un monitor de frecuencia card\u00edaca que registra con precisi\u00f3n tus actividades diarias, como pasos, distancia recorrida, calor\u00edas quemadas y calidad del sue\u00f1o.<\/p>\n","protected":false},"excerpt":{"rendered":"<p>RELOJ HAYLOU SOLAR LITE SMART El Smartwatch Haylou Solar Lite es inteligente, vers\u00e1til y moderno que combina funcionalidades avanzadas con un dise\u00f1o elegante y una larga duraci\u00f3n de la bater\u00eda. Este smartwatch est\u00e1 dise\u00f1ado para satisfacer las necesidades de aquellos que desean un dispositivo port\u00e1til que ofrezca seguimiento de la actividad f\u00edsica, notificaciones inteligentes y&#8230;<\/p>\n","protected":false},"featured_media":236,"comment_status":"open","ping_status":"closed","template":"","meta":{"_kad_post_transparent":"default","_kad_post_title":"","_kad_post_layout":"default","_kad_post_sidebar_id":"","_kad_post_content_style":"default","_kad_post_vertical_padding":"default","_kad_post_feature":"","_kad_post_feature_position":"","_kad_post_header":false,"_kad_post_footer":false,"_kad_post_classname":""},"product_brand":[],"product_cat":[23],"product_tag":[],"class_list":{"0":"post-234","1":"product","2":"type-product","3":"status-publish","4":"has-post-thumbnail","6":"product_cat-smartwatch","8":"first","9":"instock","10":"shipping-taxable","11":"purchasable","12":"product-type-simple","13":"entry","14":"content-bg","15":"loop-entry"},"_links":{"self":[{"href":"https:\/\/lacuinaproductosyservicios.com\/index.php\/wp-json\/wp\/v2\/product\/234","targetHints":{"allow":["GET"]}}],"collection":[{"href":"https:\/\/lacuinaproductosyservicios.com\/index.php\/wp-json\/wp\/v2\/product"}],"about":[{"href":"https:\/\/lacuinaproductosyservicios.com\/index.php\/wp-json\/wp\/v2\/types\/product"}],"replies":[{"embeddable":true,"href":"https:\/\/lacuinaproductosyservicios.com\/index.php\/wp-json\/wp\/v2\/comments?post=234"}],"wp:featuredmedia":[{"embeddable":true,"href":"https:\/\/lacuinaproductosyservicios.com\/index.php\/wp-json\/wp\/v2\/media\/236"}],"wp:attachment":[{"href":"https:\/\/lacuinaproductosyservicios.com\/index.php\/wp-json\/wp\/v2\/media?parent=234"}],"wp:term":[{"taxonomy":"product_brand","embeddable":true,"href":"https:\/\/lacuinaproductosyservicios.com\/index.php\/wp-json\/wp\/v2\/product_brand?post=234"},{"taxonomy":"product_cat","embeddable":true,"href":"https:\/\/lacuinaproductosyservicios.com\/index.php\/wp-json\/wp\/v2\/product_cat?post=234"},{"taxonomy":"product_tag","embeddable":true,"href":"https:\/\/lacuinaproductosyservicios.com\/index.php\/wp-json\/wp\/v2\/product_tag?post=234"}],"curies":[{"name":"wp","href":"https:\/\/api.w.org\/{rel}","templated":true}]}}