{"id":237,"date":"2025-12-19T20:36:44","date_gmt":"2025-12-19T20:36:44","guid":{"rendered":"https:\/\/lacuinaproductosyservicios.com\/?post_type=product&#038;p=237"},"modified":"2026-01-07T01:50:04","modified_gmt":"2026-01-07T01:50:04","slug":"reloj-t24-champion-edition-c-7-pulseras","status":"publish","type":"product","link":"https:\/\/lacuinaproductosyservicios.com\/index.php\/producto\/reloj-t24-champion-edition-c-7-pulseras\/","title":{"rendered":"RELOJ T24 CHAMPION EDITION C\/ 7 PULSERAS"},"content":{"rendered":"<p>Modelo: T24 CHAMPION<br \/>\nRealiza y recibe llamadas<br \/>\nCon una pantalla y con una resoluci\u00f3n incre\u00edble, siendo legible a la luz solar directa.<br \/>\nCuenta con m\u00faltiples interfaces que podr\u00e1s cambiar a tu favorito<br \/>\nTiene una bater\u00eda de gran capacidad que permite el bajo consumo del reloj, con carga magn\u00e9tica para una carga instant\u00e1nea.<br \/>\nSincroniza tus contactos, puedes llamar o contestar una llamada desde tu celular.<br \/>\nAltavoz Est\u00e9reo de Alta Calidad. Notificaciones: WhatsApp, Facebook, Twitter, Messenger, SMS entre otras aplicaciones. Ox\u00edmetro. Electrocardiogramas. Presi\u00f3n arteria. Alarma\/despertador. Control M\u00fasica. C\u00e1mara Remota. Monitorizaci\u00f3n del sue\u00f1o. Recordatorio de sedentarismo.\u00a0 Modo multi-deporte. Alarma\/despertador. Contador de calor\u00edas. Conectividad Inal\u00e1mbrica avanzada: Con\u00e9ctate a trav\u00e9s de Bluetooth mediante tecnolog\u00eda inal\u00e1mbrica para una conectividad sin problemas.<br \/>\nCompatible con iOS y Android<\/p>\n<p>Incluye: Reloj inteligente, 7 pulseras, cargador cable y manual de usuario<br \/>\nLa duraci\u00f3n de la bater\u00eda, los ciclos de carga y la duraci\u00f3n de la pantalla var\u00edan seg\u00fan el uso y la configuraci\u00f3n<\/p>\n","protected":false},"excerpt":{"rendered":"<p>Modelo: T24 CHAMPION Realiza y recibe llamadas Con una pantalla y con una resoluci\u00f3n incre\u00edble, siendo legible a la luz solar directa. Cuenta con m\u00faltiples interfaces que podr\u00e1s cambiar a tu favorito Tiene una bater\u00eda de gran capacidad que permite el bajo consumo del reloj, con carga magn\u00e9tica para una carga instant\u00e1nea. Sincroniza tus contactos,&#8230;<\/p>\n","protected":false},"featured_media":239,"comment_status":"open","ping_status":"closed","template":"","meta":{"_kad_post_transparent":"default","_kad_post_title":"","_kad_post_layout":"default","_kad_post_sidebar_id":"","_kad_post_content_style":"default","_kad_post_vertical_padding":"default","_kad_post_feature":"","_kad_post_feature_position":"","_kad_post_header":false,"_kad_post_footer":false,"_kad_post_classname":""},"product_brand":[],"product_cat":[23],"product_tag":[],"class_list":{"0":"post-237","1":"product","2":"type-product","3":"status-publish","4":"has-post-thumbnail","6":"product_cat-smartwatch","8":"first","9":"instock","10":"shipping-taxable","11":"purchasable","12":"product-type-simple","13":"entry","14":"content-bg","15":"loop-entry"},"_links":{"self":[{"href":"https:\/\/lacuinaproductosyservicios.com\/index.php\/wp-json\/wp\/v2\/product\/237","targetHints":{"allow":["GET"]}}],"collection":[{"href":"https:\/\/lacuinaproductosyservicios.com\/index.php\/wp-json\/wp\/v2\/product"}],"about":[{"href":"https:\/\/lacuinaproductosyservicios.com\/index.php\/wp-json\/wp\/v2\/types\/product"}],"replies":[{"embeddable":true,"href":"https:\/\/lacuinaproductosyservicios.com\/index.php\/wp-json\/wp\/v2\/comments?post=237"}],"wp:featuredmedia":[{"embeddable":true,"href":"https:\/\/lacuinaproductosyservicios.com\/index.php\/wp-json\/wp\/v2\/media\/239"}],"wp:attachment":[{"href":"https:\/\/lacuinaproductosyservicios.com\/index.php\/wp-json\/wp\/v2\/media?parent=237"}],"wp:term":[{"taxonomy":"product_brand","embeddable":true,"href":"https:\/\/lacuinaproductosyservicios.com\/index.php\/wp-json\/wp\/v2\/product_brand?post=237"},{"taxonomy":"product_cat","embeddable":true,"href":"https:\/\/lacuinaproductosyservicios.com\/index.php\/wp-json\/wp\/v2\/product_cat?post=237"},{"taxonomy":"product_tag","embeddable":true,"href":"https:\/\/lacuinaproductosyservicios.com\/index.php\/wp-json\/wp\/v2\/product_tag?post=237"}],"curies":[{"name":"wp","href":"https:\/\/api.w.org\/{rel}","templated":true}]}}