{"id":252,"date":"2025-12-19T20:54:32","date_gmt":"2025-12-19T20:54:32","guid":{"rendered":"https:\/\/lacuinaproductosyservicios.com\/?post_type=product&#038;p=252"},"modified":"2025-12-19T20:54:32","modified_gmt":"2025-12-19T20:54:32","slug":"adaptador-usb-tp-link-tl-wn821n","status":"publish","type":"product","link":"https:\/\/lacuinaproductosyservicios.com\/index.php\/producto\/adaptador-usb-tp-link-tl-wn821n\/","title":{"rendered":"Adaptador USB TP-Link TL-WN821N"},"content":{"rendered":"","protected":false},"excerpt":{"rendered":"<p>El adaptador USB inal\u00e1mbrico N TL-WN821N le permite conectar su ordenador de sobremesa o port\u00e1til a una red inal\u00e1mbrica y acceder a ella a alta velocidad. Conforme con el est\u00e1ndar IEEE 802.11n, ofrece una velocidad inal\u00e1mbrica de hasta 300 Mbps, perfecta para jugar online o el v\u00eddeo en streaming. Incorpora la tecnolog\u00eda MIMO que le permite minimizar las p\u00e9rdidas de se\u00f1al provocadas por la presencia de obst\u00e1culos en las oficinas o apartamentos de gran tama\u00f1o, incluso si se trata de estructuras de acero y hormig\u00f3n. Como resultado de todo ello, es capaz de captar f\u00e1cilmente una se\u00f1al inal\u00e1mbrica emitida a larga distancia a diferencia de si se utiliza un dispositivo 11g de la anterior generaci\u00f3n.<\/p>\n","protected":false},"featured_media":253,"comment_status":"open","ping_status":"closed","template":"","meta":{"_kad_post_transparent":"default","_kad_post_title":"","_kad_post_layout":"default","_kad_post_sidebar_id":"","_kad_post_content_style":"default","_kad_post_vertical_padding":"default","_kad_post_feature":"","_kad_post_feature_position":"","_kad_post_header":false,"_kad_post_footer":false,"_kad_post_classname":""},"product_brand":[],"product_cat":[16],"product_tag":[],"class_list":{"0":"post-252","1":"product","2":"type-product","3":"status-publish","4":"has-post-thumbnail","6":"product_cat-accesorios","8":"first","9":"instock","10":"shipping-taxable","11":"purchasable","12":"product-type-simple","13":"entry","14":"content-bg","15":"loop-entry"},"_links":{"self":[{"href":"https:\/\/lacuinaproductosyservicios.com\/index.php\/wp-json\/wp\/v2\/product\/252","targetHints":{"allow":["GET"]}}],"collection":[{"href":"https:\/\/lacuinaproductosyservicios.com\/index.php\/wp-json\/wp\/v2\/product"}],"about":[{"href":"https:\/\/lacuinaproductosyservicios.com\/index.php\/wp-json\/wp\/v2\/types\/product"}],"replies":[{"embeddable":true,"href":"https:\/\/lacuinaproductosyservicios.com\/index.php\/wp-json\/wp\/v2\/comments?post=252"}],"wp:featuredmedia":[{"embeddable":true,"href":"https:\/\/lacuinaproductosyservicios.com\/index.php\/wp-json\/wp\/v2\/media\/253"}],"wp:attachment":[{"href":"https:\/\/lacuinaproductosyservicios.com\/index.php\/wp-json\/wp\/v2\/media?parent=252"}],"wp:term":[{"taxonomy":"product_brand","embeddable":true,"href":"https:\/\/lacuinaproductosyservicios.com\/index.php\/wp-json\/wp\/v2\/product_brand?post=252"},{"taxonomy":"product_cat","embeddable":true,"href":"https:\/\/lacuinaproductosyservicios.com\/index.php\/wp-json\/wp\/v2\/product_cat?post=252"},{"taxonomy":"product_tag","embeddable":true,"href":"https:\/\/lacuinaproductosyservicios.com\/index.php\/wp-json\/wp\/v2\/product_tag?post=252"}],"curies":[{"name":"wp","href":"https:\/\/api.w.org\/{rel}","templated":true}]}}