{"id":321,"date":"2025-12-20T14:41:49","date_gmt":"2025-12-20T14:41:49","guid":{"rendered":"https:\/\/lacuinaproductosyservicios.com\/?post_type=product&#038;p=321"},"modified":"2025-12-20T14:43:03","modified_gmt":"2025-12-20T14:43:03","slug":"destornillador-electrico","status":"publish","type":"product","link":"https:\/\/lacuinaproductosyservicios.com\/index.php\/producto\/destornillador-electrico\/","title":{"rendered":"DESTORNILLADOR ELECTRICO"},"content":{"rendered":"<p>DESTORNILLADOR ELECTRICO ET2093 INCLUYE 5 PIEZAS.<\/p>\n<p>Este modelo de\u00a0Rotomartillo\u00a0viene con el Mandril de encastre r\u00e1pido de 26 mm, mechas y punteras.<\/p>\n<p>El\u00a0Rotomartillo, tambi\u00e9n conocido como\u00a0Martillete\u00a0o\u00a0Martillo Rotativo\u00a0es una herramienta de construcci\u00f3n esencial. Perfora Hormig\u00f3n con facilidad. El\u00a0Rotomartillo ligero cuenta con 3 modos de operaci\u00f3n: s\u00f3lo percusi\u00f3n, percusi\u00f3n con rotaci\u00f3n y s\u00f3lo rotaci\u00f3n.<\/p>\n<p>&nbsp;<\/p>\n","protected":false},"excerpt":{"rendered":"<p>DESTORNILLADOR ELECTRICO ET2093 INCLUYE 5 PIEZAS. Este modelo de\u00a0Rotomartillo\u00a0viene con el Mandril de encastre r\u00e1pido de 26 mm, mechas y punteras. El\u00a0Rotomartillo, tambi\u00e9n conocido como\u00a0Martillete\u00a0o\u00a0Martillo Rotativo\u00a0es una herramienta de construcci\u00f3n esencial. Perfora Hormig\u00f3n con facilidad. El\u00a0Rotomartillo ligero cuenta con 3 modos de operaci\u00f3n: s\u00f3lo percusi\u00f3n, percusi\u00f3n con rotaci\u00f3n y s\u00f3lo rotaci\u00f3n. &nbsp;<\/p>\n","protected":false},"featured_media":322,"comment_status":"open","ping_status":"closed","template":"","meta":{"_kad_post_transparent":"default","_kad_post_title":"","_kad_post_layout":"default","_kad_post_sidebar_id":"","_kad_post_content_style":"default","_kad_post_vertical_padding":"default","_kad_post_feature":"","_kad_post_feature_position":"","_kad_post_header":false,"_kad_post_footer":false,"_kad_post_classname":""},"product_brand":[],"product_cat":[25],"product_tag":[],"class_list":{"0":"post-321","1":"product","2":"type-product","3":"status-publish","4":"has-post-thumbnail","6":"product_cat-herramientas","8":"first","9":"instock","10":"shipping-taxable","11":"purchasable","12":"product-type-simple","13":"entry","14":"content-bg","15":"loop-entry"},"_links":{"self":[{"href":"https:\/\/lacuinaproductosyservicios.com\/index.php\/wp-json\/wp\/v2\/product\/321","targetHints":{"allow":["GET"]}}],"collection":[{"href":"https:\/\/lacuinaproductosyservicios.com\/index.php\/wp-json\/wp\/v2\/product"}],"about":[{"href":"https:\/\/lacuinaproductosyservicios.com\/index.php\/wp-json\/wp\/v2\/types\/product"}],"replies":[{"embeddable":true,"href":"https:\/\/lacuinaproductosyservicios.com\/index.php\/wp-json\/wp\/v2\/comments?post=321"}],"wp:featuredmedia":[{"embeddable":true,"href":"https:\/\/lacuinaproductosyservicios.com\/index.php\/wp-json\/wp\/v2\/media\/322"}],"wp:attachment":[{"href":"https:\/\/lacuinaproductosyservicios.com\/index.php\/wp-json\/wp\/v2\/media?parent=321"}],"wp:term":[{"taxonomy":"product_brand","embeddable":true,"href":"https:\/\/lacuinaproductosyservicios.com\/index.php\/wp-json\/wp\/v2\/product_brand?post=321"},{"taxonomy":"product_cat","embeddable":true,"href":"https:\/\/lacuinaproductosyservicios.com\/index.php\/wp-json\/wp\/v2\/product_cat?post=321"},{"taxonomy":"product_tag","embeddable":true,"href":"https:\/\/lacuinaproductosyservicios.com\/index.php\/wp-json\/wp\/v2\/product_tag?post=321"}],"curies":[{"name":"wp","href":"https:\/\/api.w.org\/{rel}","templated":true}]}}