{"id":405,"date":"2025-12-20T20:50:56","date_gmt":"2025-12-20T20:50:56","guid":{"rendered":"https:\/\/lacuinaproductosyservicios.com\/?post_type=product&#038;p=405"},"modified":"2025-12-20T20:52:12","modified_gmt":"2025-12-20T20:52:12","slug":"405","status":"publish","type":"product","link":"https:\/\/lacuinaproductosyservicios.com\/index.php\/producto\/405\/","title":{"rendered":"Speaker Ecopower EP-2562"},"content":{"rendered":"<p>\u2705 Potencia total de 120W (60W x2), para un sonido fuerte y envolvente<br \/>\n\u2705 Bater\u00eda de larga duraci\u00f3n de 10.400 mAh (hasta 8 horas de m\u00fasica continua)<br \/>\n\u2705 Resistencia al agua IPX6, \u00a1perfecto para exteriores! (No teme a salpicaduras)<br \/>\n\u2705 Bluetooth 5.3 para una conexi\u00f3n r\u00e1pida y estable<br \/>\n\u2705 Luces RGB din\u00e1micas, que acompa\u00f1an el ritmo de tu m\u00fasica<br \/>\n\u2705 Compatibilidad con USB, tarjeta TF y entrada AUX<br \/>\n\u2705 TWS (True Wireless Stereo): conect\u00e1 2 parlantes para duplicar la experiencia<br \/>\n\u2705 Sonido con graves pasivos, ideal para los que aman los bajos profundos<br \/>\n\u2705 Medida de 40 cm, gran tama\u00f1o para mayor potencia<br \/>\n\u2705 Asa port\u00e1til incorporada para llevarlo f\u00e1cilmente a donde vayas<br \/>\n\u2705 Dise\u00f1o moderno y disponible en colores llamativos (Verde ne\u00f3n o Naranja)<\/p>\n","protected":false},"excerpt":{"rendered":"<p>\u2705 Potencia total de 120W (60W x2), para un sonido fuerte y envolvente \u2705 Bater\u00eda de larga duraci\u00f3n de 10.400 mAh (hasta 8 horas de m\u00fasica continua) \u2705 Resistencia al agua IPX6, \u00a1perfecto para exteriores! (No teme a salpicaduras) \u2705 Bluetooth 5.3 para una conexi\u00f3n r\u00e1pida y estable \u2705 Luces RGB din\u00e1micas, que acompa\u00f1an el&#8230;<\/p>\n","protected":false},"featured_media":407,"comment_status":"open","ping_status":"closed","template":"","meta":{"_kad_post_transparent":"default","_kad_post_title":"","_kad_post_layout":"default","_kad_post_sidebar_id":"","_kad_post_content_style":"default","_kad_post_vertical_padding":"default","_kad_post_feature":"","_kad_post_feature_position":"","_kad_post_header":false,"_kad_post_footer":false,"_kad_post_classname":""},"product_brand":[],"product_cat":[21],"product_tag":[],"class_list":{"0":"post-405","1":"product","2":"type-product","3":"status-publish","4":"has-post-thumbnail","6":"product_cat-speakers","8":"first","9":"instock","10":"shipping-taxable","11":"purchasable","12":"product-type-simple","13":"entry","14":"content-bg","15":"loop-entry"},"_links":{"self":[{"href":"https:\/\/lacuinaproductosyservicios.com\/index.php\/wp-json\/wp\/v2\/product\/405","targetHints":{"allow":["GET"]}}],"collection":[{"href":"https:\/\/lacuinaproductosyservicios.com\/index.php\/wp-json\/wp\/v2\/product"}],"about":[{"href":"https:\/\/lacuinaproductosyservicios.com\/index.php\/wp-json\/wp\/v2\/types\/product"}],"replies":[{"embeddable":true,"href":"https:\/\/lacuinaproductosyservicios.com\/index.php\/wp-json\/wp\/v2\/comments?post=405"}],"wp:featuredmedia":[{"embeddable":true,"href":"https:\/\/lacuinaproductosyservicios.com\/index.php\/wp-json\/wp\/v2\/media\/407"}],"wp:attachment":[{"href":"https:\/\/lacuinaproductosyservicios.com\/index.php\/wp-json\/wp\/v2\/media?parent=405"}],"wp:term":[{"taxonomy":"product_brand","embeddable":true,"href":"https:\/\/lacuinaproductosyservicios.com\/index.php\/wp-json\/wp\/v2\/product_brand?post=405"},{"taxonomy":"product_cat","embeddable":true,"href":"https:\/\/lacuinaproductosyservicios.com\/index.php\/wp-json\/wp\/v2\/product_cat?post=405"},{"taxonomy":"product_tag","embeddable":true,"href":"https:\/\/lacuinaproductosyservicios.com\/index.php\/wp-json\/wp\/v2\/product_tag?post=405"}],"curies":[{"name":"wp","href":"https:\/\/api.w.org\/{rel}","templated":true}]}}