{"id":413,"date":"2025-12-20T21:09:51","date_gmt":"2025-12-20T21:09:51","guid":{"rendered":"https:\/\/lacuinaproductosyservicios.com\/?post_type=product&#038;p=413"},"modified":"2025-12-20T21:09:52","modified_gmt":"2025-12-20T21:09:52","slug":"speaker-portatil-ecopower-ep-2379-bluetooth","status":"publish","type":"product","link":"https:\/\/lacuinaproductosyservicios.com\/index.php\/producto\/speaker-portatil-ecopower-ep-2379-bluetooth\/","title":{"rendered":"Speaker Port\u00e1til Ecopower EP-2379 Bluetooth"},"content":{"rendered":"<p>El Speaker Port\u00e1til Ecopower EP-2379 Bluetooth es la soluci\u00f3n perfecta para llevar tu m\u00fasica a cualquier lugar con facilidad y estilo. El EP-2379 no solo destaca por su calidad de sonido, sino tambi\u00e9n por su versatilidad. Con la capacidad de reproducir m\u00fasica a trav\u00e9s de su conexi\u00f3n Bluetooth, podr\u00e1s disfrutar de tus canciones favoritas sin necesidad de cables engorrosos. Este speaker admite control remoto Bluetooth, brind\u00e1ndote la comodidad de gestionar funciones clave como reproducir\/pausar, cambiar de pista y ajustar el volumen (+\/-) desde la distancia. Adem\u00e1s, el Ecopower EP-2379 soporta tarjeta TF, memoria flash USB y ofrece funci\u00f3n de radio FM, brind\u00e1ndote m\u00faltiples opciones para acceder a tu m\u00fasica favorita. Un beneficio adicional es que el puerto USB tambi\u00e9n se puede utilizar para cargar tu tel\u00e9fono m\u00f3vil, convirti\u00e9ndolo en un dispositivo multifuncional ideal para viajes y actividades al aire libre.<\/p>\n<p><strong>Especificaciones:<\/strong><\/p>\n<ul>\n<li>Capacidad: 3.7v\/1800mAh<\/li>\n<li>Voltaje de Carga: DC 5v<\/li>\n<li>Rango de Trabajo: \u226510m<\/li>\n<li>Potencia de Salida: 5Wx2<\/li>\n<li>Tiempo de Carga: Aproximadamente 4-5 horas<\/li>\n<li>Relaci\u00f3n Se\u00f1al\/Ruido: \u226565dB<\/li>\n<li>Tama\u00f1o del speaker: 193 x 81 x 82 mm<\/li>\n<li>Peso del speaker: 590gr<\/li>\n<\/ul>\n","protected":false},"excerpt":{"rendered":"<p>El Speaker Port\u00e1til Ecopower EP-2379 Bluetooth es la soluci\u00f3n perfecta para llevar tu m\u00fasica a cualquier lugar con facilidad y estilo. El EP-2379 no solo destaca por su calidad de sonido, sino tambi\u00e9n por su versatilidad. Con la capacidad de reproducir m\u00fasica a trav\u00e9s de su conexi\u00f3n Bluetooth, podr\u00e1s disfrutar de tus canciones favoritas sin&#8230;<\/p>\n","protected":false},"featured_media":414,"comment_status":"open","ping_status":"closed","template":"","meta":{"_kad_post_transparent":"default","_kad_post_title":"","_kad_post_layout":"default","_kad_post_sidebar_id":"","_kad_post_content_style":"default","_kad_post_vertical_padding":"default","_kad_post_feature":"","_kad_post_feature_position":"","_kad_post_header":false,"_kad_post_footer":false,"_kad_post_classname":""},"product_brand":[],"product_cat":[21],"product_tag":[],"class_list":{"0":"post-413","1":"product","2":"type-product","3":"status-publish","4":"has-post-thumbnail","6":"product_cat-speakers","8":"first","9":"instock","10":"shipping-taxable","11":"purchasable","12":"product-type-simple","13":"entry","14":"content-bg","15":"loop-entry"},"_links":{"self":[{"href":"https:\/\/lacuinaproductosyservicios.com\/index.php\/wp-json\/wp\/v2\/product\/413","targetHints":{"allow":["GET"]}}],"collection":[{"href":"https:\/\/lacuinaproductosyservicios.com\/index.php\/wp-json\/wp\/v2\/product"}],"about":[{"href":"https:\/\/lacuinaproductosyservicios.com\/index.php\/wp-json\/wp\/v2\/types\/product"}],"replies":[{"embeddable":true,"href":"https:\/\/lacuinaproductosyservicios.com\/index.php\/wp-json\/wp\/v2\/comments?post=413"}],"wp:featuredmedia":[{"embeddable":true,"href":"https:\/\/lacuinaproductosyservicios.com\/index.php\/wp-json\/wp\/v2\/media\/414"}],"wp:attachment":[{"href":"https:\/\/lacuinaproductosyservicios.com\/index.php\/wp-json\/wp\/v2\/media?parent=413"}],"wp:term":[{"taxonomy":"product_brand","embeddable":true,"href":"https:\/\/lacuinaproductosyservicios.com\/index.php\/wp-json\/wp\/v2\/product_brand?post=413"},{"taxonomy":"product_cat","embeddable":true,"href":"https:\/\/lacuinaproductosyservicios.com\/index.php\/wp-json\/wp\/v2\/product_cat?post=413"},{"taxonomy":"product_tag","embeddable":true,"href":"https:\/\/lacuinaproductosyservicios.com\/index.php\/wp-json\/wp\/v2\/product_tag?post=413"}],"curies":[{"name":"wp","href":"https:\/\/api.w.org\/{rel}","templated":true}]}}