{"id":425,"date":"2025-12-20T21:41:33","date_gmt":"2025-12-20T21:41:33","guid":{"rendered":"https:\/\/lacuinaproductosyservicios.com\/?post_type=product&#038;p=425"},"modified":"2025-12-20T21:41:33","modified_gmt":"2025-12-20T21:41:33","slug":"ep2313-speaker-bluetooth","status":"publish","type":"product","link":"https:\/\/lacuinaproductosyservicios.com\/index.php\/producto\/ep2313-speaker-bluetooth\/","title":{"rendered":"EP2313 SPEAKER BLUETOOTH"},"content":{"rendered":"<div class=\"html-div xdj266r x14z9mp xat24cr x1lziwak xexx8yu xyri2b x18d9i69 x1c1uobl x9f619 xjbqb8w x78zum5 x15mokao x1ga7v0g x16uus16 xbiv7yw x1uhb9sk x1plvlek xryxfnj x1c4vz4f x2lah0s x1q0g3np xqjyukv x1qjc9v5 x1oa3qoh x1nhvcw1\">\n<div>\n<div class=\"html-div xdj266r x14z9mp xat24cr x1lziwak xexx8yu xyri2b x18d9i69 x1c1uobl x9f619 xjbqb8w x1rg5ohu x15mokao x1ga7v0g x16uus16 xbiv7yw x1uhb9sk x1plvlek xryxfnj x1c4vz4f x2lah0s x1oa3qoh\"><\/div>\n<\/div>\n<\/div>\n<p><span class=\"x193iq5w xeuugli x13faqbe x1vvkbs xt0psk2 x1i0vuye xvs91rp xo1l8bm x5n08af x10wh9bi xpm28yp x8viiok x1o7cslx x126k92a\"><\/p>\n<p>\u2705 Potencia de 10W para un sonido fuerte y n\u00edtido.<br \/>\n\u2705 Bater\u00eda de 1800mAh (3.7V) para disfrutar entre 3 a 6 horas de reproducci\u00f3n continua.<br \/>\n\u2705 Bluetooth 5.3: conexi\u00f3n r\u00e1pida, estable y con menor consumo de energ\u00eda.<br \/>\n\u2705 Tecnolog\u00eda TWS: conect\u00e1 dos unidades y duplic\u00e1 la experiencia est\u00e9reo.<br \/>\n\u2705 Luces LED multicolor que iluminan al ritmo de tu m\u00fasica.<br \/>\n\u2705 Botones grandes y accesibles para un manejo f\u00e1cil e intuitivo.<br \/>\n\u2705 Entradas USB \/ TF \/ FM \/ AUX: conectalo como quieras.<br \/>\n\u2705 Dise\u00f1o compacto y liviano: ideal para llevarlo a todos lados.<br \/>\n\u2705 Cable de transporte incorporado para mayor comodidad.<br \/>\n\u2705 Carga por DC 5V: compatible con la mayor\u00eda de cargadores est\u00e1ndar.<\/span><\/p>\n","protected":false},"excerpt":{"rendered":"<p>\u2705 Potencia de 10W para un sonido fuerte y n\u00edtido. \u2705 Bater\u00eda de 1800mAh (3.7V) para disfrutar entre 3 a 6 horas de reproducci\u00f3n continua. \u2705 Bluetooth 5.3: conexi\u00f3n r\u00e1pida, estable y con menor consumo de energ\u00eda. \u2705 Tecnolog\u00eda TWS: conect\u00e1 dos unidades y duplic\u00e1 la experiencia est\u00e9reo. \u2705 Luces LED multicolor que iluminan al&#8230;<\/p>\n","protected":false},"featured_media":426,"comment_status":"open","ping_status":"closed","template":"","meta":{"_kad_post_transparent":"default","_kad_post_title":"","_kad_post_layout":"default","_kad_post_sidebar_id":"","_kad_post_content_style":"default","_kad_post_vertical_padding":"default","_kad_post_feature":"","_kad_post_feature_position":"","_kad_post_header":false,"_kad_post_footer":false,"_kad_post_classname":""},"product_brand":[],"product_cat":[21],"product_tag":[],"class_list":{"0":"post-425","1":"product","2":"type-product","3":"status-publish","4":"has-post-thumbnail","6":"product_cat-speakers","8":"first","9":"instock","10":"sale","11":"shipping-taxable","12":"purchasable","13":"product-type-simple","14":"entry","15":"content-bg","16":"loop-entry"},"_links":{"self":[{"href":"https:\/\/lacuinaproductosyservicios.com\/index.php\/wp-json\/wp\/v2\/product\/425","targetHints":{"allow":["GET"]}}],"collection":[{"href":"https:\/\/lacuinaproductosyservicios.com\/index.php\/wp-json\/wp\/v2\/product"}],"about":[{"href":"https:\/\/lacuinaproductosyservicios.com\/index.php\/wp-json\/wp\/v2\/types\/product"}],"replies":[{"embeddable":true,"href":"https:\/\/lacuinaproductosyservicios.com\/index.php\/wp-json\/wp\/v2\/comments?post=425"}],"wp:featuredmedia":[{"embeddable":true,"href":"https:\/\/lacuinaproductosyservicios.com\/index.php\/wp-json\/wp\/v2\/media\/426"}],"wp:attachment":[{"href":"https:\/\/lacuinaproductosyservicios.com\/index.php\/wp-json\/wp\/v2\/media?parent=425"}],"wp:term":[{"taxonomy":"product_brand","embeddable":true,"href":"https:\/\/lacuinaproductosyservicios.com\/index.php\/wp-json\/wp\/v2\/product_brand?post=425"},{"taxonomy":"product_cat","embeddable":true,"href":"https:\/\/lacuinaproductosyservicios.com\/index.php\/wp-json\/wp\/v2\/product_cat?post=425"},{"taxonomy":"product_tag","embeddable":true,"href":"https:\/\/lacuinaproductosyservicios.com\/index.php\/wp-json\/wp\/v2\/product_tag?post=425"}],"curies":[{"name":"wp","href":"https:\/\/api.w.org\/{rel}","templated":true}]}}