{"id":475,"date":"2025-12-22T20:23:12","date_gmt":"2025-12-22T20:23:12","guid":{"rendered":"https:\/\/lacuinaproductosyservicios.com\/?post_type=product&#038;p=475"},"modified":"2025-12-22T20:23:12","modified_gmt":"2025-12-22T20:23:12","slug":"bebedero-electrico-de-mesa-bivolt-duoacqua-qtbem65-quanta","status":"publish","type":"product","link":"https:\/\/lacuinaproductosyservicios.com\/index.php\/producto\/bebedero-electrico-de-mesa-bivolt-duoacqua-qtbem65-quanta\/","title":{"rendered":"Bebedero El\u00e9ctrico de Mesa Bivolt DuoAcqua QTBEM65 Quanta"},"content":{"rendered":"<p>El\u00a0<em>Bebedero El\u00e9ctrico de Mesa DuoAcqua<\/em>\u00a0es la opci\u00f3n perfecta para disfrutar de agua fr\u00eda y natural de forma pr\u00e1ctica y segura. Su dise\u00f1o compacto y tecnolog\u00eda silenciosa lo convierten en un aliado ideal tanto para el hogar como para la oficina.<\/p>\n<p><strong>Especificaciones:<\/strong><\/p>\n<ul>\n<li><strong>Agua fr\u00eda y natural:<\/strong>\u00a0Dispensador con dos botones independientes.<\/li>\n<li><strong>Sistema de refrigeraci\u00f3n electr\u00f3nico:<\/strong>\u00a0Sin compresor, lo que lo hace extremadamente silencioso.<\/li>\n<li><strong>Capacidad de enfriamiento:<\/strong>\u00a0\u22650.65L\/h con una temperatura de 10-12\u00b0C.<\/li>\n<li><strong>Bajo consumo de energ\u00eda:<\/strong>\u00a0Solo 0.065 kWh.<\/li>\n<li><strong>Dise\u00f1o compacto y moderno:<\/strong>\u00a0Ideal para mesas y encimeras, con agarre ergon\u00f3mico.<\/li>\n<li><strong>Soporte con perforador de bid\u00f3n:<\/strong>\u00a0Facilita la instalaci\u00f3n y el uso.<\/li>\n<li><strong>Bandeja removible:<\/strong>\u00a0Para una limpieza m\u00e1s sencilla.<\/li>\n<li><strong>Libre de bisfenol A (BPA Free):<\/strong>\u00a0Materiales seguros para tu salud.<\/li>\n<li><strong>Tuber\u00eda de salida de silicona:<\/strong>\u00a0Higi\u00e9nica y segura para el consumo de agua.<\/li>\n<li><strong>Indicador de luz:<\/strong>\u00a0Se\u00f1aliza el funcionamiento del equipo.<\/li>\n<li><strong>Potencia:<\/strong>\u00a065W.<\/li>\n<li><strong>Bivolt:<\/strong>\u00a0Compatible con voltajes de 110V-240V ~ 50\/60Hz.<\/li>\n<\/ul>\n","protected":false},"excerpt":{"rendered":"<p>El\u00a0Bebedero El\u00e9ctrico de Mesa DuoAcqua\u00a0es la opci\u00f3n perfecta para disfrutar de agua fr\u00eda y natural de forma pr\u00e1ctica y segura. Su dise\u00f1o compacto y tecnolog\u00eda silenciosa lo convierten en un aliado ideal tanto para el hogar como para la oficina. Especificaciones: Agua fr\u00eda y natural:\u00a0Dispensador con dos botones independientes. Sistema de refrigeraci\u00f3n electr\u00f3nico:\u00a0Sin compresor, lo&#8230;<\/p>\n","protected":false},"featured_media":476,"comment_status":"open","ping_status":"closed","template":"","meta":{"_kad_post_transparent":"default","_kad_post_title":"","_kad_post_layout":"default","_kad_post_sidebar_id":"","_kad_post_content_style":"default","_kad_post_vertical_padding":"default","_kad_post_feature":"","_kad_post_feature_position":"","_kad_post_header":false,"_kad_post_footer":false,"_kad_post_classname":""},"product_brand":[],"product_cat":[20],"product_tag":[],"class_list":{"0":"post-475","1":"product","2":"type-product","3":"status-publish","4":"has-post-thumbnail","6":"product_cat-hogar","8":"first","9":"instock","10":"shipping-taxable","11":"purchasable","12":"product-type-simple","13":"entry","14":"content-bg","15":"loop-entry"},"_links":{"self":[{"href":"https:\/\/lacuinaproductosyservicios.com\/index.php\/wp-json\/wp\/v2\/product\/475","targetHints":{"allow":["GET"]}}],"collection":[{"href":"https:\/\/lacuinaproductosyservicios.com\/index.php\/wp-json\/wp\/v2\/product"}],"about":[{"href":"https:\/\/lacuinaproductosyservicios.com\/index.php\/wp-json\/wp\/v2\/types\/product"}],"replies":[{"embeddable":true,"href":"https:\/\/lacuinaproductosyservicios.com\/index.php\/wp-json\/wp\/v2\/comments?post=475"}],"wp:featuredmedia":[{"embeddable":true,"href":"https:\/\/lacuinaproductosyservicios.com\/index.php\/wp-json\/wp\/v2\/media\/476"}],"wp:attachment":[{"href":"https:\/\/lacuinaproductosyservicios.com\/index.php\/wp-json\/wp\/v2\/media?parent=475"}],"wp:term":[{"taxonomy":"product_brand","embeddable":true,"href":"https:\/\/lacuinaproductosyservicios.com\/index.php\/wp-json\/wp\/v2\/product_brand?post=475"},{"taxonomy":"product_cat","embeddable":true,"href":"https:\/\/lacuinaproductosyservicios.com\/index.php\/wp-json\/wp\/v2\/product_cat?post=475"},{"taxonomy":"product_tag","embeddable":true,"href":"https:\/\/lacuinaproductosyservicios.com\/index.php\/wp-json\/wp\/v2\/product_tag?post=475"}],"curies":[{"name":"wp","href":"https:\/\/api.w.org\/{rel}","templated":true}]}}