{"id":501,"date":"2025-12-22T21:58:03","date_gmt":"2025-12-22T21:58:03","guid":{"rendered":"https:\/\/lacuinaproductosyservicios.com\/?post_type=product&#038;p=501"},"modified":"2025-12-22T21:59:14","modified_gmt":"2025-12-22T21:59:14","slug":"dual-shock-analog-controller-crystal-playstation-2","status":"publish","type":"product","link":"https:\/\/lacuinaproductosyservicios.com\/index.php\/producto\/dual-shock-analog-controller-crystal-playstation-2\/","title":{"rendered":"DUAL SHOCK Analog Controller &#8211; Crystal &#8211; PlayStation 2"},"content":{"rendered":"","protected":false},"excerpt":{"rendered":"<ul class=\"a-unordered-list a-vertical a-spacing-mini\">\n<li class=\"a-spacing-mini\"><span class=\"a-list-item\">Dise\u00f1o ergon\u00f3mico: el controlador tiene un dise\u00f1o ergon\u00f3mico para un uso prolongado y c\u00f3modo.<\/span><\/li>\n<li class=\"a-spacing-mini\"><span class=\"a-list-item\">Conectividad inal\u00e1mbrica: el controlador se conecta de forma inal\u00e1mbrica a la consola PlayStation 2.<\/span><\/li>\n<li class=\"a-spacing-mini\"><span class=\"a-list-item\">Configuraci\u00f3n de 14 botones: El controlador cuenta con 14 botones, incluyendo palillos anal\u00f3gicos duales.<\/span><\/li>\n<li class=\"a-spacing-mini\"><span class=\"a-list-item\">Color del cristal: el controlador tiene un elegante acabado de color cristal.<\/span><\/li>\n<li class=\"a-spacing-mini\"><span class=\"a-list-item\">Compatible con PlayStation 2: el controlador est\u00e1 dise\u00f1ado espec\u00edficamente para su uso con la consola PlayStation 2.<\/span><\/li>\n<\/ul>\n","protected":false},"featured_media":502,"comment_status":"open","ping_status":"closed","template":"","meta":{"_kad_post_transparent":"default","_kad_post_title":"","_kad_post_layout":"default","_kad_post_sidebar_id":"","_kad_post_content_style":"default","_kad_post_vertical_padding":"default","_kad_post_feature":"","_kad_post_feature_position":"","_kad_post_header":false,"_kad_post_footer":false,"_kad_post_classname":""},"product_brand":[],"product_cat":[24],"product_tag":[],"class_list":{"0":"post-501","1":"product","2":"type-product","3":"status-publish","4":"has-post-thumbnail","6":"product_cat-gaming-y-streaming","8":"first","9":"instock","10":"shipping-taxable","11":"purchasable","12":"product-type-simple","13":"entry","14":"content-bg","15":"loop-entry"},"_links":{"self":[{"href":"https:\/\/lacuinaproductosyservicios.com\/index.php\/wp-json\/wp\/v2\/product\/501","targetHints":{"allow":["GET"]}}],"collection":[{"href":"https:\/\/lacuinaproductosyservicios.com\/index.php\/wp-json\/wp\/v2\/product"}],"about":[{"href":"https:\/\/lacuinaproductosyservicios.com\/index.php\/wp-json\/wp\/v2\/types\/product"}],"replies":[{"embeddable":true,"href":"https:\/\/lacuinaproductosyservicios.com\/index.php\/wp-json\/wp\/v2\/comments?post=501"}],"wp:featuredmedia":[{"embeddable":true,"href":"https:\/\/lacuinaproductosyservicios.com\/index.php\/wp-json\/wp\/v2\/media\/502"}],"wp:attachment":[{"href":"https:\/\/lacuinaproductosyservicios.com\/index.php\/wp-json\/wp\/v2\/media?parent=501"}],"wp:term":[{"taxonomy":"product_brand","embeddable":true,"href":"https:\/\/lacuinaproductosyservicios.com\/index.php\/wp-json\/wp\/v2\/product_brand?post=501"},{"taxonomy":"product_cat","embeddable":true,"href":"https:\/\/lacuinaproductosyservicios.com\/index.php\/wp-json\/wp\/v2\/product_cat?post=501"},{"taxonomy":"product_tag","embeddable":true,"href":"https:\/\/lacuinaproductosyservicios.com\/index.php\/wp-json\/wp\/v2\/product_tag?post=501"}],"curies":[{"name":"wp","href":"https:\/\/api.w.org\/{rel}","templated":true}]}}