{"id":511,"date":"2025-12-22T22:23:56","date_gmt":"2025-12-22T22:23:56","guid":{"rendered":"https:\/\/lacuinaproductosyservicios.com\/?post_type=product&#038;p=511"},"modified":"2025-12-22T22:23:57","modified_gmt":"2025-12-22T22:23:57","slug":"game-stick-lite-luo-lu-sy03","status":"publish","type":"product","link":"https:\/\/lacuinaproductosyservicios.com\/index.php\/producto\/game-stick-lite-luo-lu-sy03\/","title":{"rendered":"GAME STICK LITE\/LUO LU-SY03"},"content":{"rendered":"<p>Dos controles para una experiencia de juego mejorada.<br \/>\n&#8211; Sistema de c\u00f3digo abierto y capacidad para dos jugadores.<br \/>\n&#8211; Joystick especial para juegos de arcade con alta sensibilidad y dise\u00f1o antideslizante.<br \/>\n&#8211; Conexi\u00f3n HDMI para una experiencia de juego en TV y operaci\u00f3n sincronizada.<br \/>\n&#8211; Compatible con m\u00e1s de 10,000 juegos y capacidad de descargar juegos adicionales.<br \/>\n&#8211; Reproducci\u00f3n de m\u00fasica y videos para una experiencia de entretenimiento completa.<\/p>\n","protected":false},"excerpt":{"rendered":"<p>Dos controles para una experiencia de juego mejorada. &#8211; Sistema de c\u00f3digo abierto y capacidad para dos jugadores. &#8211; Joystick especial para juegos de arcade con alta sensibilidad y dise\u00f1o antideslizante. &#8211; Conexi\u00f3n HDMI para una experiencia de juego en TV y operaci\u00f3n sincronizada. &#8211; Compatible con m\u00e1s de 10,000 juegos y capacidad de descargar&#8230;<\/p>\n","protected":false},"featured_media":513,"comment_status":"open","ping_status":"closed","template":"","meta":{"_kad_post_transparent":"default","_kad_post_title":"","_kad_post_layout":"default","_kad_post_sidebar_id":"","_kad_post_content_style":"default","_kad_post_vertical_padding":"default","_kad_post_feature":"","_kad_post_feature_position":"","_kad_post_header":false,"_kad_post_footer":false,"_kad_post_classname":""},"product_brand":[],"product_cat":[24],"product_tag":[],"class_list":{"0":"post-511","1":"product","2":"type-product","3":"status-publish","4":"has-post-thumbnail","6":"product_cat-gaming-y-streaming","8":"first","9":"instock","10":"sale","11":"shipping-taxable","12":"purchasable","13":"product-type-simple","14":"entry","15":"content-bg","16":"loop-entry"},"_links":{"self":[{"href":"https:\/\/lacuinaproductosyservicios.com\/index.php\/wp-json\/wp\/v2\/product\/511","targetHints":{"allow":["GET"]}}],"collection":[{"href":"https:\/\/lacuinaproductosyservicios.com\/index.php\/wp-json\/wp\/v2\/product"}],"about":[{"href":"https:\/\/lacuinaproductosyservicios.com\/index.php\/wp-json\/wp\/v2\/types\/product"}],"replies":[{"embeddable":true,"href":"https:\/\/lacuinaproductosyservicios.com\/index.php\/wp-json\/wp\/v2\/comments?post=511"}],"wp:featuredmedia":[{"embeddable":true,"href":"https:\/\/lacuinaproductosyservicios.com\/index.php\/wp-json\/wp\/v2\/media\/513"}],"wp:attachment":[{"href":"https:\/\/lacuinaproductosyservicios.com\/index.php\/wp-json\/wp\/v2\/media?parent=511"}],"wp:term":[{"taxonomy":"product_brand","embeddable":true,"href":"https:\/\/lacuinaproductosyservicios.com\/index.php\/wp-json\/wp\/v2\/product_brand?post=511"},{"taxonomy":"product_cat","embeddable":true,"href":"https:\/\/lacuinaproductosyservicios.com\/index.php\/wp-json\/wp\/v2\/product_cat?post=511"},{"taxonomy":"product_tag","embeddable":true,"href":"https:\/\/lacuinaproductosyservicios.com\/index.php\/wp-json\/wp\/v2\/product_tag?post=511"}],"curies":[{"name":"wp","href":"https:\/\/api.w.org\/{rel}","templated":true}]}}