{"id":535,"date":"2025-12-23T15:17:33","date_gmt":"2025-12-23T15:17:33","guid":{"rendered":"https:\/\/lacuinaproductosyservicios.com\/?post_type=product&#038;p=535"},"modified":"2025-12-23T15:17:33","modified_gmt":"2025-12-23T15:17:33","slug":"drone-hetzer-e99-pro","status":"publish","type":"product","link":"https:\/\/lacuinaproductosyservicios.com\/index.php\/producto\/drone-hetzer-e99-pro\/","title":{"rendered":"Drone Hetzer E99 Pro"},"content":{"rendered":"<p>Emb\u00e1rcate en una aventura a\u00e9rea con el Drone Hetzer E99 Pro con 2 Bater\u00edas, un dispositivo de la marca Gen\u00e9rico que redefine la captura de im\u00e1genes con su c\u00e1mara 4K de alta resoluci\u00f3n. Dise\u00f1ado para los entusiastas de la fotograf\u00eda y el video, este dron ofrece una perspectiva a\u00e9rea \u00fanica, permiti\u00e9ndote capturar momentos inolvidables con colores vibrantes y detalles n\u00edtidos. Gracias a sus dos bater\u00edas Lipo de 3,7 V y 1800 mAh, disfrutar\u00e1s de un tiempo de vuelo extendido de hasta 15 minutos por carga, asegurando que nunca te pierdas una toma importante. Su tiempo de carga de solo 60 minutos te permite volver al aire r\u00e1pidamente, haciendo que tus sesiones sean m\u00e1s productivas. Ideal para exploraciones en exteriores, capturar eventos deportivos o inmortalizar paisajes impresionantes, el Drone E99 Pro es tu aliado perfecto para elevar tu contenido al siguiente nivel. Con su dise\u00f1o compacto y elegante en color negro, este dron no solo es funcional, sino tambi\u00e9n estilizado. Descubre la libertad de volar y capturar el mundo desde una perspectiva completamente nueva con el Drone E99 Pro.<\/p>\n<p>&nbsp;<\/p>\n<p><strong>Caracteristicas:<\/strong><\/p>\n<ul>\n<li>Frecuencia: 2.4G.<\/li>\n<li>Canal: 4 CH.<\/li>\n<li>Giroscopio: 6 ejes.<\/li>\n<li>Bater\u00eda del cuadric\u00f3ptero: de 3.7V y 1800 mAh (incluida).<\/li>\n<li>Bater\u00eda del transmisor: 3 pilas AA de 1.5 (no incluidas).<\/li>\n<li>Tiempo de carga: 60 minutos.<\/li>\n<li>Tiempo de vuelo: 13-15 minutos.<\/li>\n<li>Distancia R\/C: 120-150m.<\/li>\n<li>C\u00e1mara: c\u00e1mara \u00fanica wifi 4K HD.<\/li>\n<li>Dron E99 PRO con brazos plegables, tama\u00f1o peque\u00f1o, f\u00e1cil de transportar.<\/li>\n<li>Con retenci\u00f3n de altitud, la funci\u00f3n de modo proporciona un vuelo estable.<\/li>\n<li>Con la funci\u00f3n Wifi se puede conectar la APP y el sistema APK para tomar fotograf\u00edas, v\u00eddeos y transmitir im\u00e1genes en tiempo real a trav\u00e9s de la c\u00e1mara del tel\u00e9fono.<\/li>\n<li>Dron E99 Pro con modo sin cabeza, no es necesario ajustar la posici\u00f3n de la aeronave antes de volar.<\/li>\n<li>Con la funci\u00f3n de retorno con una sola tecla es m\u00e1s f\u00e1cil encontrar el camino a casa.<\/li>\n<li>Tecnolog\u00eda de 2.4 GHz adoptada para evitar interferencias.<\/li>\n<li>4 canales que pueden ascender, descender, avanzar, retroceder, volar hacia el lado izquierdo, volar hacia el lado derecho y girar 360\u00b0.<\/li>\n<li>Giroscopio de 6 ejes que puede tener un vuelo m\u00e1s estable y ser f\u00e1cil de controlar.<\/li>\n<li>El dron E99 PRO tiene 3 niveles de velocidad de vuelo para cambiar que pueden hacer que volar sea m\u00e1s divertido.<\/li>\n<\/ul>\n","protected":false},"excerpt":{"rendered":"<p>Emb\u00e1rcate en una aventura a\u00e9rea con el Drone Hetzer E99 Pro con 2 Bater\u00edas, un dispositivo de la marca Gen\u00e9rico que redefine la captura de im\u00e1genes con su c\u00e1mara 4K de alta resoluci\u00f3n. Dise\u00f1ado para los entusiastas de la fotograf\u00eda y el video, este dron ofrece una perspectiva a\u00e9rea \u00fanica, permiti\u00e9ndote capturar momentos inolvidables con&#8230;<\/p>\n","protected":false},"featured_media":536,"comment_status":"open","ping_status":"closed","template":"","meta":{"_kad_post_transparent":"default","_kad_post_title":"","_kad_post_layout":"default","_kad_post_sidebar_id":"","_kad_post_content_style":"default","_kad_post_vertical_padding":"default","_kad_post_feature":"","_kad_post_feature_position":"","_kad_post_header":false,"_kad_post_footer":false,"_kad_post_classname":""},"product_brand":[],"product_cat":[24],"product_tag":[],"class_list":{"0":"post-535","1":"product","2":"type-product","3":"status-publish","4":"has-post-thumbnail","6":"product_cat-gaming-y-streaming","8":"first","9":"instock","10":"sale","11":"shipping-taxable","12":"purchasable","13":"product-type-simple","14":"entry","15":"content-bg","16":"loop-entry"},"_links":{"self":[{"href":"https:\/\/lacuinaproductosyservicios.com\/index.php\/wp-json\/wp\/v2\/product\/535","targetHints":{"allow":["GET"]}}],"collection":[{"href":"https:\/\/lacuinaproductosyservicios.com\/index.php\/wp-json\/wp\/v2\/product"}],"about":[{"href":"https:\/\/lacuinaproductosyservicios.com\/index.php\/wp-json\/wp\/v2\/types\/product"}],"replies":[{"embeddable":true,"href":"https:\/\/lacuinaproductosyservicios.com\/index.php\/wp-json\/wp\/v2\/comments?post=535"}],"wp:featuredmedia":[{"embeddable":true,"href":"https:\/\/lacuinaproductosyservicios.com\/index.php\/wp-json\/wp\/v2\/media\/536"}],"wp:attachment":[{"href":"https:\/\/lacuinaproductosyservicios.com\/index.php\/wp-json\/wp\/v2\/media?parent=535"}],"wp:term":[{"taxonomy":"product_brand","embeddable":true,"href":"https:\/\/lacuinaproductosyservicios.com\/index.php\/wp-json\/wp\/v2\/product_brand?post=535"},{"taxonomy":"product_cat","embeddable":true,"href":"https:\/\/lacuinaproductosyservicios.com\/index.php\/wp-json\/wp\/v2\/product_cat?post=535"},{"taxonomy":"product_tag","embeddable":true,"href":"https:\/\/lacuinaproductosyservicios.com\/index.php\/wp-json\/wp\/v2\/product_tag?post=535"}],"curies":[{"name":"wp","href":"https:\/\/api.w.org\/{rel}","templated":true}]}}