{"id":556,"date":"2025-12-23T20:54:43","date_gmt":"2025-12-23T20:54:43","guid":{"rendered":"https:\/\/lacuinaproductosyservicios.com\/?post_type=product&#038;p=556"},"modified":"2025-12-23T20:54:43","modified_gmt":"2025-12-23T20:54:43","slug":"grillera-pizzera-ecopower-ep-3618-220v","status":"publish","type":"product","link":"https:\/\/lacuinaproductosyservicios.com\/index.php\/producto\/grillera-pizzera-ecopower-ep-3618-220v\/","title":{"rendered":"GRILLERA PIZZERA ECOPOWER EP-3618 220V"},"content":{"rendered":"","protected":false},"excerpt":{"rendered":"<ul>\n<li><strong>Marca\/Modelo: Ecopower EP-3618<\/strong><\/li>\n<li><strong>Potencia: 1500W<\/strong><\/li>\n<li><strong>Interior: Antiadherente<\/strong><\/li>\n<li><strong>Temperatura: Control de temperatura ajustable<\/strong><\/li>\n<li><strong>Dimensiones: 32 x 9 cm<\/strong><\/li>\n<li><strong>Descripci\u00f3n: F\u00e1cil de usar, ideal para preparar platillos fritos, guisados o asados, como paellas, tortillas, pizzas y m\u00e1s<\/strong><\/li>\n<li><strong>Mangos: Laterales con toque fr\u00edo para f\u00e1cil transporte<\/strong><\/li>\n<li><strong>Voltaje: AC 220-240V, 50\/60 Hz<\/strong><\/li>\n<li><strong>Accesorios: Incluye esp\u00e1tula de maderaa<\/strong><\/li>\n<\/ul>\n","protected":false},"featured_media":557,"comment_status":"open","ping_status":"closed","template":"","meta":{"_kad_post_transparent":"default","_kad_post_title":"","_kad_post_layout":"default","_kad_post_sidebar_id":"","_kad_post_content_style":"default","_kad_post_vertical_padding":"default","_kad_post_feature":"","_kad_post_feature_position":"","_kad_post_header":false,"_kad_post_footer":false,"_kad_post_classname":""},"product_brand":[],"product_cat":[20],"product_tag":[],"class_list":{"0":"post-556","1":"product","2":"type-product","3":"status-publish","4":"has-post-thumbnail","6":"product_cat-hogar","8":"first","9":"instock","10":"shipping-taxable","11":"purchasable","12":"product-type-simple","13":"entry","14":"content-bg","15":"loop-entry"},"_links":{"self":[{"href":"https:\/\/lacuinaproductosyservicios.com\/index.php\/wp-json\/wp\/v2\/product\/556","targetHints":{"allow":["GET"]}}],"collection":[{"href":"https:\/\/lacuinaproductosyservicios.com\/index.php\/wp-json\/wp\/v2\/product"}],"about":[{"href":"https:\/\/lacuinaproductosyservicios.com\/index.php\/wp-json\/wp\/v2\/types\/product"}],"replies":[{"embeddable":true,"href":"https:\/\/lacuinaproductosyservicios.com\/index.php\/wp-json\/wp\/v2\/comments?post=556"}],"wp:featuredmedia":[{"embeddable":true,"href":"https:\/\/lacuinaproductosyservicios.com\/index.php\/wp-json\/wp\/v2\/media\/557"}],"wp:attachment":[{"href":"https:\/\/lacuinaproductosyservicios.com\/index.php\/wp-json\/wp\/v2\/media?parent=556"}],"wp:term":[{"taxonomy":"product_brand","embeddable":true,"href":"https:\/\/lacuinaproductosyservicios.com\/index.php\/wp-json\/wp\/v2\/product_brand?post=556"},{"taxonomy":"product_cat","embeddable":true,"href":"https:\/\/lacuinaproductosyservicios.com\/index.php\/wp-json\/wp\/v2\/product_cat?post=556"},{"taxonomy":"product_tag","embeddable":true,"href":"https:\/\/lacuinaproductosyservicios.com\/index.php\/wp-json\/wp\/v2\/product_tag?post=556"}],"curies":[{"name":"wp","href":"https:\/\/api.w.org\/{rel}","templated":true}]}}