{"id":574,"date":"2025-12-23T21:43:11","date_gmt":"2025-12-23T21:43:11","guid":{"rendered":"https:\/\/lacuinaproductosyservicios.com\/?post_type=product&#038;p=574"},"modified":"2025-12-23T21:43:11","modified_gmt":"2025-12-23T21:43:11","slug":"cocina-infrarrojo-mox-mo-kic09-2200w-220v","status":"publish","type":"product","link":"https:\/\/lacuinaproductosyservicios.com\/index.php\/producto\/cocina-infrarrojo-mox-mo-kic09-2200w-220v\/","title":{"rendered":"Cocina Infrarrojo MOX MO-KIC09 &#8211; 2200W &#8211; 220V"},"content":{"rendered":"<p>Cocina Infrarroja MOX MO-KIC09 de 2200W \u2013 220V, perfecta para cualquier tipo de olla. Con placa infrarroja, funci\u00f3n de temporizador, bajo consumo de energ\u00eda, cable de 1,5 m y una potencia real de 2200W, ofrece un rendimiento eficiente y pr\u00e1ctico para tu cocina.<\/p>\n","protected":false},"excerpt":{"rendered":"<p>Compatible con cualquier tipo de olla<\/p>\n<p>Funci\u00f3n de temporizador.<\/p>\n<p>Placa infrarroja.<\/p>\n<p>CA 220V.\/ Potencia real 2200W<\/p>\n<p>Cable de alimentaci\u00f3n de 1,5 m.<\/p>\n<p>Bajo consumo de energ\u00eda.<\/p>\n","protected":false},"featured_media":575,"comment_status":"open","ping_status":"closed","template":"","meta":{"_kad_post_transparent":"default","_kad_post_title":"","_kad_post_layout":"default","_kad_post_sidebar_id":"","_kad_post_content_style":"default","_kad_post_vertical_padding":"default","_kad_post_feature":"","_kad_post_feature_position":"","_kad_post_header":false,"_kad_post_footer":false,"_kad_post_classname":""},"product_brand":[],"product_cat":[20],"product_tag":[],"class_list":{"0":"post-574","1":"product","2":"type-product","3":"status-publish","4":"has-post-thumbnail","6":"product_cat-hogar","8":"first","9":"instock","10":"shipping-taxable","11":"purchasable","12":"product-type-simple","13":"entry","14":"content-bg","15":"loop-entry"},"_links":{"self":[{"href":"https:\/\/lacuinaproductosyservicios.com\/index.php\/wp-json\/wp\/v2\/product\/574","targetHints":{"allow":["GET"]}}],"collection":[{"href":"https:\/\/lacuinaproductosyservicios.com\/index.php\/wp-json\/wp\/v2\/product"}],"about":[{"href":"https:\/\/lacuinaproductosyservicios.com\/index.php\/wp-json\/wp\/v2\/types\/product"}],"replies":[{"embeddable":true,"href":"https:\/\/lacuinaproductosyservicios.com\/index.php\/wp-json\/wp\/v2\/comments?post=574"}],"wp:featuredmedia":[{"embeddable":true,"href":"https:\/\/lacuinaproductosyservicios.com\/index.php\/wp-json\/wp\/v2\/media\/575"}],"wp:attachment":[{"href":"https:\/\/lacuinaproductosyservicios.com\/index.php\/wp-json\/wp\/v2\/media?parent=574"}],"wp:term":[{"taxonomy":"product_brand","embeddable":true,"href":"https:\/\/lacuinaproductosyservicios.com\/index.php\/wp-json\/wp\/v2\/product_brand?post=574"},{"taxonomy":"product_cat","embeddable":true,"href":"https:\/\/lacuinaproductosyservicios.com\/index.php\/wp-json\/wp\/v2\/product_cat?post=574"},{"taxonomy":"product_tag","embeddable":true,"href":"https:\/\/lacuinaproductosyservicios.com\/index.php\/wp-json\/wp\/v2\/product_tag?post=574"}],"curies":[{"name":"wp","href":"https:\/\/api.w.org\/{rel}","templated":true}]}}