{"id":576,"date":"2025-12-23T21:48:01","date_gmt":"2025-12-23T21:48:01","guid":{"rendered":"https:\/\/lacuinaproductosyservicios.com\/?post_type=product&#038;p=576"},"modified":"2025-12-23T21:48:01","modified_gmt":"2025-12-23T21:48:01","slug":"placa-infrarroja-raf-r-8050-2-bocas-220v","status":"publish","type":"product","link":"https:\/\/lacuinaproductosyservicios.com\/index.php\/producto\/placa-infrarroja-raf-r-8050-2-bocas-220v\/","title":{"rendered":"PLACA INFRARROJA RAF R.8050 \/ 2 BOCAS \/ 220V"},"content":{"rendered":"<p>Marca: RAF.<br \/>\nModelo: R.8050<br \/>\nPotencia: 7000 Watts (3500 + 3500)<br \/>\nHornallas: 2<br \/>\nNiveles de temperatura: 10 (60\u00b0 a 650\u00b0)<br \/>\nCristal templado y resistente<br \/>\nFunci\u00f3n de cocci\u00f3n al vapor<br \/>\n4 funciones autom\u00e1ticas (Hervir agua, frituras, salteados, Cocci\u00f3n normal y cocinar al vapor)<br \/>\nTeclado digital TOUCH<br \/>\nPantalla LCD<br \/>\nProgramable hasta 4 hrs<\/p>\n","protected":false},"excerpt":{"rendered":"<p>Marca: RAF. Modelo: R.8050 Potencia: 7000 Watts (3500 + 3500) Hornallas: 2 Niveles de temperatura: 10 (60\u00b0 a 650\u00b0) Cristal templado y resistente Funci\u00f3n de cocci\u00f3n al vapor 4 funciones autom\u00e1ticas (Hervir agua, frituras, salteados, Cocci\u00f3n normal y cocinar al vapor) Teclado digital TOUCH Pantalla LCD Programable hasta 4 hrs<\/p>\n","protected":false},"featured_media":577,"comment_status":"open","ping_status":"closed","template":"","meta":{"_kad_post_transparent":"default","_kad_post_title":"","_kad_post_layout":"default","_kad_post_sidebar_id":"","_kad_post_content_style":"default","_kad_post_vertical_padding":"default","_kad_post_feature":"","_kad_post_feature_position":"","_kad_post_header":false,"_kad_post_footer":false,"_kad_post_classname":""},"product_brand":[],"product_cat":[20],"product_tag":[],"class_list":{"0":"post-576","1":"product","2":"type-product","3":"status-publish","4":"has-post-thumbnail","6":"product_cat-hogar","8":"first","9":"instock","10":"shipping-taxable","11":"purchasable","12":"product-type-simple","13":"entry","14":"content-bg","15":"loop-entry"},"_links":{"self":[{"href":"https:\/\/lacuinaproductosyservicios.com\/index.php\/wp-json\/wp\/v2\/product\/576","targetHints":{"allow":["GET"]}}],"collection":[{"href":"https:\/\/lacuinaproductosyservicios.com\/index.php\/wp-json\/wp\/v2\/product"}],"about":[{"href":"https:\/\/lacuinaproductosyservicios.com\/index.php\/wp-json\/wp\/v2\/types\/product"}],"replies":[{"embeddable":true,"href":"https:\/\/lacuinaproductosyservicios.com\/index.php\/wp-json\/wp\/v2\/comments?post=576"}],"wp:featuredmedia":[{"embeddable":true,"href":"https:\/\/lacuinaproductosyservicios.com\/index.php\/wp-json\/wp\/v2\/media\/577"}],"wp:attachment":[{"href":"https:\/\/lacuinaproductosyservicios.com\/index.php\/wp-json\/wp\/v2\/media?parent=576"}],"wp:term":[{"taxonomy":"product_brand","embeddable":true,"href":"https:\/\/lacuinaproductosyservicios.com\/index.php\/wp-json\/wp\/v2\/product_brand?post=576"},{"taxonomy":"product_cat","embeddable":true,"href":"https:\/\/lacuinaproductosyservicios.com\/index.php\/wp-json\/wp\/v2\/product_cat?post=576"},{"taxonomy":"product_tag","embeddable":true,"href":"https:\/\/lacuinaproductosyservicios.com\/index.php\/wp-json\/wp\/v2\/product_tag?post=576"}],"curies":[{"name":"wp","href":"https:\/\/api.w.org\/{rel}","templated":true}]}}