{"id":586,"date":"2025-12-29T15:22:21","date_gmt":"2025-12-29T15:22:21","guid":{"rendered":"https:\/\/lacuinaproductosyservicios.com\/?post_type=product&#038;p=586"},"modified":"2025-12-29T18:51:08","modified_gmt":"2025-12-29T18:51:08","slug":"consola-gamebox-sup","status":"publish","type":"product","link":"https:\/\/lacuinaproductosyservicios.com\/index.php\/producto\/consola-gamebox-sup\/","title":{"rendered":"Consola Gamebox Sup"},"content":{"rendered":"<p>Consola Gamebox 400 in 1 SUP<\/p>\n<ul>\n<li><strong>Pantalla:\u00a0<\/strong>LCD TFT de 3&#8243;<\/li>\n<li><strong>Funci\u00f3n:<\/strong>\u00a0Dispositivo digital multiplataforma, se puede reproducir en TV<\/li>\n<li><strong>Interfaz:\u00a0<\/strong>TV-out, Micro USB<\/li>\n<li><strong>Incorporado:\u00a0<\/strong>400 juegos cl\u00e1sicos<\/li>\n<li><strong>Duraci\u00f3n de la bater\u00eda: 4<\/strong>\u00a0horas aprox.<\/li>\n<\/ul>\n<p>&nbsp;<\/p>\n","protected":false},"excerpt":{"rendered":"<p>Consola Gamebox 400 in 1 SUP Pantalla:\u00a0LCD TFT de 3&#8243; Funci\u00f3n:\u00a0Dispositivo digital multiplataforma, se puede reproducir en TV Interfaz:\u00a0TV-out, Micro USB Incorporado:\u00a0400 juegos cl\u00e1sicos Duraci\u00f3n de la bater\u00eda: 4\u00a0horas aprox. &nbsp;<\/p>\n","protected":false},"featured_media":588,"comment_status":"open","ping_status":"closed","template":"","meta":{"_kad_post_transparent":"default","_kad_post_title":"","_kad_post_layout":"default","_kad_post_sidebar_id":"","_kad_post_content_style":"default","_kad_post_vertical_padding":"default","_kad_post_feature":"","_kad_post_feature_position":"","_kad_post_header":false,"_kad_post_footer":false,"_kad_post_classname":""},"product_brand":[],"product_cat":[24],"product_tag":[],"class_list":{"0":"post-586","1":"product","2":"type-product","3":"status-publish","4":"has-post-thumbnail","6":"product_cat-gaming-y-streaming","8":"first","9":"instock","10":"shipping-taxable","11":"purchasable","12":"product-type-simple","13":"entry","14":"content-bg","15":"loop-entry"},"_links":{"self":[{"href":"https:\/\/lacuinaproductosyservicios.com\/index.php\/wp-json\/wp\/v2\/product\/586","targetHints":{"allow":["GET"]}}],"collection":[{"href":"https:\/\/lacuinaproductosyservicios.com\/index.php\/wp-json\/wp\/v2\/product"}],"about":[{"href":"https:\/\/lacuinaproductosyservicios.com\/index.php\/wp-json\/wp\/v2\/types\/product"}],"replies":[{"embeddable":true,"href":"https:\/\/lacuinaproductosyservicios.com\/index.php\/wp-json\/wp\/v2\/comments?post=586"}],"wp:featuredmedia":[{"embeddable":true,"href":"https:\/\/lacuinaproductosyservicios.com\/index.php\/wp-json\/wp\/v2\/media\/588"}],"wp:attachment":[{"href":"https:\/\/lacuinaproductosyservicios.com\/index.php\/wp-json\/wp\/v2\/media?parent=586"}],"wp:term":[{"taxonomy":"product_brand","embeddable":true,"href":"https:\/\/lacuinaproductosyservicios.com\/index.php\/wp-json\/wp\/v2\/product_brand?post=586"},{"taxonomy":"product_cat","embeddable":true,"href":"https:\/\/lacuinaproductosyservicios.com\/index.php\/wp-json\/wp\/v2\/product_cat?post=586"},{"taxonomy":"product_tag","embeddable":true,"href":"https:\/\/lacuinaproductosyservicios.com\/index.php\/wp-json\/wp\/v2\/product_tag?post=586"}],"curies":[{"name":"wp","href":"https:\/\/api.w.org\/{rel}","templated":true}]}}