{"id":592,"date":"2025-12-29T15:39:31","date_gmt":"2025-12-29T15:39:31","guid":{"rendered":"https:\/\/lacuinaproductosyservicios.com\/?post_type=product&#038;p=592"},"modified":"2025-12-29T15:40:10","modified_gmt":"2025-12-29T15:40:10","slug":"consola-extreme-minigame-box","status":"publish","type":"product","link":"https:\/\/lacuinaproductosyservicios.com\/index.php\/producto\/consola-extreme-minigame-box\/","title":{"rendered":"Consola Extreme MiniGame Box"},"content":{"rendered":"<p id=\"title\" class=\"a-size-large a-spacing-none\"><span id=\"productTitle\" class=\"a-size-large product-title-word-break\">Extreme Mini caja de juegos con 2 controladores inal\u00e1mbricos, Retro Game Stick 2.1 para TV con emulador de 620 juegos cl\u00e1sicos compatible con juegos NES de 8 bits Consola de videojuegos Plug and Play.\u00a0 \u00a0 \u00a0 \u00a0 \u00a0 \u00a0 \u00a0 \u00a0 \u00a0 \u00a0 \u00a0 \u00a0 \u00a0 \u00a0 \u00a0 \u00a0 \u00a0 \u00a0 \u00a0 \u00a0 \u00a0 \u00a0 \u00a0 \u00a0 \u00a0 Este mini sistema de juegos retro est\u00e1 dise\u00f1ado para conectarse a su televisor para jugar juegos cl\u00e1sicos de los a\u00f1os 80. Tiene un emulador incorporado para juegos de formato NES. Consejo: Aseg\u00farese de que su televisor tenga un puerto HDMI.\u00a0 \u00a0 \u00a0 \u00a0 \u00a0 \u00a0 \u00a0 \u00a0 \u00a0 \u00a0 \u00a0 \u00a0 \u00a0 \u00a0 \u00a0 \u00a0 \u00a0 \u00a0 \u00a0 \u00a0 \u00a0 \u00a0 \u00a0 \u00a0 \u00a0 \u00a0 \u00a0 \u00a0 \u00a0 \u00a0 \u00a0 \u00a0 \u00a0 \u00a0 \u00a0 \u00a0 \u00a0 \u00a0 \u00a0 \u00a0 \u00a0 \u00a0 \u00a0 \u00a0 \u00a0 \u00a0 \u00a0 \u00a0 \u00a0 \u00a0 \u00a0 \u00a0 \u00a0 \u00a0 \u00a0 \u00a0 \u00a0 \u00a0 \u00a0 \u00a0 \u00a0 \u00a0 \u00a0 \u00a0 \u00a0 \u00a0 \u00a0 \u00a0 \u00a0 \u00a0 \u00a0 \u00a0 \u00a0 \u00a0 \u00a0 \u00a0 \u00a0 \u00a0 \u00a0 \u00a0 \u00a0 \u00a0 \u00a0 \u00a0 \u00a0 \u00a0 \u00a0 \u00a0 \u00a0 \u00a0 \u00a0 \u00a0 \u00a0 \u00a0 \u00a0 \u00a0 \u00a0 \u00a0 \u00a0 \u00a0Con el juego extreme mini gamebox,\u00a0 cuenta con un puerto HDMI y debe ser compatible con televisores con puertos HDMI. Tambi\u00e9n se puede utilizar con monitores de computadora y proyectores con puertos HDMI (pero estos requieren salida de sonido para escuchar sonidos del juego).\u00a0 \u00a0 \u00a0 \u00a0 \u00a0 \u00a0 \u00a0 \u00a0 \u00a0 \u00a0 \u00a0 \u00a0 \u00a0 \u00a0 \u00a0 \u00a0 \u00a0 \u00a0 \u00a0 \u00a0 \u00a0 \u00a0 \u00a0 \u00a0 \u00a0 \u00a0 \u00a0 \u00a0 \u00a0 \u00a0 \u00a0 \u00a0 \u00a0 \u00a0 \u00a0 \u00a0 \u00a0 \u00a0 \u00a0 \u00a0 \u00a0 \u00a0 \u00a0 \u00a0 \u00a0 \u00a0 \u00a0 \u00a0 \u00a0 \u00a0 \u00a0 \u00a0 \u00a0 \u00a0 \u00a0 \u00a0 \u00a0 \u00a0 \u00a0 \u00a0 \u00a0 \u00a0 \u00a0 \u00a0 \u00a0 \u00a0 \u00a0 \u00a0 \u00a0 \u00a0 \u00a0 \u00a0 \u00a0 \u00a0 \u00a0 \u00a0 \u00a0 \u00a0 \u00a0 \u00a0 \u00a0 \u00a0 \u00a0 \u00a0 \u00a0 \u00a0 \u00a0 \u00a0 \u00a0 \u00a0 \u00a0 \u00a0 \u00a0 \u00a0 \u00a0 \u00a0 \u00a0\u00a0<\/span><\/p>\n<p>&nbsp;<\/p>\n<p>&nbsp;<\/p>\n","protected":false},"excerpt":{"rendered":"<p>Extreme Mini caja de juegos con 2 controladores inal\u00e1mbricos, Retro Game Stick 2.1 para TV con emulador de 620 juegos cl\u00e1sicos compatible con juegos NES de 8 bits Consola de videojuegos Plug and Play.\u00a0 \u00a0 \u00a0 \u00a0 \u00a0 \u00a0 \u00a0 \u00a0 \u00a0 \u00a0 \u00a0 \u00a0 \u00a0 \u00a0 \u00a0 \u00a0 \u00a0 \u00a0 \u00a0 \u00a0 \u00a0 \u00a0&#8230;<\/p>\n","protected":false},"featured_media":593,"comment_status":"open","ping_status":"closed","template":"","meta":{"_kad_post_transparent":"default","_kad_post_title":"","_kad_post_layout":"default","_kad_post_sidebar_id":"","_kad_post_content_style":"default","_kad_post_vertical_padding":"default","_kad_post_feature":"","_kad_post_feature_position":"","_kad_post_header":false,"_kad_post_footer":false,"_kad_post_classname":""},"product_brand":[],"product_cat":[24],"product_tag":[],"class_list":{"0":"post-592","1":"product","2":"type-product","3":"status-publish","4":"has-post-thumbnail","6":"product_cat-gaming-y-streaming","8":"first","9":"instock","10":"shipping-taxable","11":"purchasable","12":"product-type-simple","13":"entry","14":"content-bg","15":"loop-entry"},"_links":{"self":[{"href":"https:\/\/lacuinaproductosyservicios.com\/index.php\/wp-json\/wp\/v2\/product\/592","targetHints":{"allow":["GET"]}}],"collection":[{"href":"https:\/\/lacuinaproductosyservicios.com\/index.php\/wp-json\/wp\/v2\/product"}],"about":[{"href":"https:\/\/lacuinaproductosyservicios.com\/index.php\/wp-json\/wp\/v2\/types\/product"}],"replies":[{"embeddable":true,"href":"https:\/\/lacuinaproductosyservicios.com\/index.php\/wp-json\/wp\/v2\/comments?post=592"}],"wp:featuredmedia":[{"embeddable":true,"href":"https:\/\/lacuinaproductosyservicios.com\/index.php\/wp-json\/wp\/v2\/media\/593"}],"wp:attachment":[{"href":"https:\/\/lacuinaproductosyservicios.com\/index.php\/wp-json\/wp\/v2\/media?parent=592"}],"wp:term":[{"taxonomy":"product_brand","embeddable":true,"href":"https:\/\/lacuinaproductosyservicios.com\/index.php\/wp-json\/wp\/v2\/product_brand?post=592"},{"taxonomy":"product_cat","embeddable":true,"href":"https:\/\/lacuinaproductosyservicios.com\/index.php\/wp-json\/wp\/v2\/product_cat?post=592"},{"taxonomy":"product_tag","embeddable":true,"href":"https:\/\/lacuinaproductosyservicios.com\/index.php\/wp-json\/wp\/v2\/product_tag?post=592"}],"curies":[{"name":"wp","href":"https:\/\/api.w.org\/{rel}","templated":true}]}}