{"id":598,"date":"2025-12-29T15:47:36","date_gmt":"2025-12-29T15:47:36","guid":{"rendered":"https:\/\/lacuinaproductosyservicios.com\/?post_type=product&#038;p=598"},"modified":"2025-12-29T15:50:03","modified_gmt":"2025-12-29T15:50:03","slug":"paint-zoom","status":"publish","type":"product","link":"https:\/\/lacuinaproductosyservicios.com\/index.php\/producto\/paint-zoom\/","title":{"rendered":"Paint Zoom"},"content":{"rendered":"","protected":false},"excerpt":{"rendered":"<p>Con este aparato, vas a poder pintar como un profesional con la avanzada tecnolog\u00eda del spray. Pintar va a ser m\u00e1s f\u00e1cil que nunca, y ademas extremadamente r\u00e1pido.<\/p>\n<p>No vas a tener que subir y bajar la escalera nunca m\u00e1s. \u00a1Simplemente c\u00e1rgale pintura al recipiente y listo! Sus capas ser\u00e1n uniformes y no quedaran ning\u00fan tipo de marcas.<\/p>\n<p>Sus gotas de spray llegan a cualquier lugar. Esquinas, detalles en la pared y techos, sin necesidad de usar brochas o pinceles.<\/p>\n<p>Paint zoom es uno de los productos preferidos de nuestros clientes, con excelentes calificaciones y comentarios.<\/p>\n<p><strong><u>Beneficios:<\/u><\/strong><\/p>\n<ul>\n<li>Con su contenedor de pintura, jamas tendr\u00e1 que subir y bajar la escalera nunca m\u00e1s.<\/li>\n<li>Capas uniformes y sin marcas. No gotea, por lo que no tendr\u00e1 que cubrir sus muebles y pisos nunca m\u00e1s.<\/li>\n<li>Preferido de nuestros clientes, con excelentes calificaciones y comentarios.<\/li>\n<\/ul>\n<p>Potencia:\u00a0650 Watts<\/p>\n","protected":false},"featured_media":601,"comment_status":"open","ping_status":"closed","template":"","meta":{"_kad_post_transparent":"default","_kad_post_title":"","_kad_post_layout":"default","_kad_post_sidebar_id":"","_kad_post_content_style":"default","_kad_post_vertical_padding":"default","_kad_post_feature":"","_kad_post_feature_position":"","_kad_post_header":false,"_kad_post_footer":false,"_kad_post_classname":""},"product_brand":[],"product_cat":[16],"product_tag":[],"class_list":{"0":"post-598","1":"product","2":"type-product","3":"status-publish","4":"has-post-thumbnail","6":"product_cat-accesorios","8":"first","9":"instock","10":"sale","11":"shipping-taxable","12":"purchasable","13":"product-type-simple","14":"entry","15":"content-bg","16":"loop-entry"},"_links":{"self":[{"href":"https:\/\/lacuinaproductosyservicios.com\/index.php\/wp-json\/wp\/v2\/product\/598","targetHints":{"allow":["GET"]}}],"collection":[{"href":"https:\/\/lacuinaproductosyservicios.com\/index.php\/wp-json\/wp\/v2\/product"}],"about":[{"href":"https:\/\/lacuinaproductosyservicios.com\/index.php\/wp-json\/wp\/v2\/types\/product"}],"replies":[{"embeddable":true,"href":"https:\/\/lacuinaproductosyservicios.com\/index.php\/wp-json\/wp\/v2\/comments?post=598"}],"wp:featuredmedia":[{"embeddable":true,"href":"https:\/\/lacuinaproductosyservicios.com\/index.php\/wp-json\/wp\/v2\/media\/601"}],"wp:attachment":[{"href":"https:\/\/lacuinaproductosyservicios.com\/index.php\/wp-json\/wp\/v2\/media?parent=598"}],"wp:term":[{"taxonomy":"product_brand","embeddable":true,"href":"https:\/\/lacuinaproductosyservicios.com\/index.php\/wp-json\/wp\/v2\/product_brand?post=598"},{"taxonomy":"product_cat","embeddable":true,"href":"https:\/\/lacuinaproductosyservicios.com\/index.php\/wp-json\/wp\/v2\/product_cat?post=598"},{"taxonomy":"product_tag","embeddable":true,"href":"https:\/\/lacuinaproductosyservicios.com\/index.php\/wp-json\/wp\/v2\/product_tag?post=598"}],"curies":[{"name":"wp","href":"https:\/\/api.w.org\/{rel}","templated":true}]}}