{"id":602,"date":"2025-12-29T15:58:37","date_gmt":"2025-12-29T15:58:37","guid":{"rendered":"https:\/\/lacuinaproductosyservicios.com\/?post_type=product&#038;p=602"},"modified":"2025-12-29T15:58:37","modified_gmt":"2025-12-29T15:58:37","slug":"consola-inova-blox-master-hd","status":"publish","type":"product","link":"https:\/\/lacuinaproductosyservicios.com\/index.php\/producto\/consola-inova-blox-master-hd\/","title":{"rendered":"CONSOLA INOVA BLOX  MASTER HD"},"content":{"rendered":"<p><strong data-entity-type=\"MessageEntityBold\">CONSOLA BLOX MASTER HD X2 GT-1500 INOVA<\/strong><\/p>\n<div class=\"WaaZC\">\n<div class=\"RJPOee EIJn2\">\n<div class=\"rPeykc uP58nb MNX06c\" data-hveid=\"CAIQAQ\" data-ved=\"2ahUKEwiMy7SnlOORAxXRHbkGHeiXOicQo_EKegQIAhAB\"><span data-huuid=\"14676207199243605303\"><span role=\"heading\" aria-level=\"2\">La\u00a0<strong>consola Blox Master HD GT-1500<\/strong>\u00a0 es un dispositivo de juego inal\u00e1mbrico dise\u00f1ado para emulaci\u00f3n retro.<\/span><span class=\"pjBG2e\" data-cid=\"4b303b81-210a-4b90-b2fd-63644f2babb6\"><span class=\"UV3uM\">\u00a0<\/span><\/span><\/span><\/p>\n<div class=\"NPrrbc\" data-cid=\"4b303b81-210a-4b90-b2fd-63644f2babb6\" data-uuids=\"14676207199243605303\">\n<div class=\"BMebGe btku5b LwdV0e FR7ZSc OJeuxf\" tabindex=\"0\" role=\"button\" aria-label=\"Ver v\u00ednculos relacionados\" data-hveid=\"CAMQAQ\" data-ved=\"2ahUKEwiMy7SnlOORAxXRHbkGHeiXOicQ3fYKegQIAxAB\">\n<div class=\"niO4u\"><\/div>\n<\/div>\n<\/div>\n<\/div>\n<\/div>\n<\/div>\n<div class=\"WaaZC\">\n<div class=\"RJPOee EIJn2\">\n<ul data-hveid=\"CBcQAQ\" data-ved=\"2ahUKEwiMy7SnlOORAxXRHbkGHeiXOicQm_YKegQIFxAB\">\n<li><span data-huuid=\"14676207199243605040\">Incluye dos controles inal\u00e1mbricos 2.4G.<span class=\"pjBG2e\" data-cid=\"39026c56-1efc-407a-9ac6-2cf97b7d8d18\"><span class=\"UV3uM\">\u00a0<\/span><\/span><\/span>\n<div class=\"NPrrbc\" data-cid=\"39026c56-1efc-407a-9ac6-2cf97b7d8d18\" data-uuids=\"14676207199243605040\">\n<div class=\"BMebGe btku5b LwdV0e FR7ZSc OJeuxf\" tabindex=\"0\" role=\"button\" aria-label=\"Ver v\u00ednculos relacionados\" data-hveid=\"CA0QAQ\" data-ved=\"2ahUKEwiMy7SnlOORAxXRHbkGHeiXOicQ3fYKegQIDRAB\">\n<div class=\"niO4u\"><\/div>\n<\/div>\n<\/div>\n<\/li>\n<li><span data-huuid=\"14676207199243606230\">Se conecta a trav\u00e9s de HDMI a pantallas planas, proyectores y computadoras.<span class=\"pjBG2e\" data-cid=\"bc0c6ad1-4a9d-4d20-be5f-48abeaf5de5e\"><span class=\"UV3uM\">\u00a0<\/span><\/span><\/span>\n<div class=\"NPrrbc\" data-cid=\"bc0c6ad1-4a9d-4d20-be5f-48abeaf5de5e\" data-uuids=\"14676207199243606230\">\n<div class=\"BMebGe btku5b LwdV0e FR7ZSc OJeuxf\" tabindex=\"0\" role=\"button\" aria-label=\"Ver v\u00ednculos relacionados\" data-hveid=\"CA4QAQ\" data-ved=\"2ahUKEwiMy7SnlOORAxXRHbkGHeiXOicQ3fYKegQIDhAB\">\n<div class=\"niO4u\"><\/div>\n<\/div>\n<\/div>\n<\/li>\n<li><span data-huuid=\"14676207199243607420\">Utiliza el sistema EmuELEC para emular juegos de diversas consolas retro.<span class=\"pjBG2e\" data-cid=\"89bc022e-1f12-4a82-9405-679cc4f31ce3\"><span class=\"UV3uM\">\u00a0<\/span><\/span><\/span>\n<div class=\"NPrrbc\" data-cid=\"89bc022e-1f12-4a82-9405-679cc4f31ce3\" data-uuids=\"14676207199243607420\">\n<div class=\"BMebGe btku5b LwdV0e FR7ZSc OJeuxf\" tabindex=\"0\" role=\"button\" aria-label=\"Ver v\u00ednculos relacionados\" data-hveid=\"CA8QAQ\" data-ved=\"2ahUKEwiMy7SnlOORAxXRHbkGHeiXOicQ3fYKegQIDxAB\">\n<div class=\"niO4u\"><\/div>\n<\/div>\n<\/div>\n<\/li>\n<li><span data-huuid=\"14676207199243604514\">Se enfoca en juegos de 8 y 16 bits, arcade, y hasta PlayStation 1.<span class=\"pjBG2e\" data-cid=\"6b38716f-46c4-4c1a-a1a7-ecb989f4f8c2\"><span class=\"UV3uM\">\u00a0<\/span><\/span><\/span>\n<div class=\"NPrrbc\" data-cid=\"6b38716f-46c4-4c1a-a1a7-ecb989f4f8c2\" data-uuids=\"14676207199243604514\">\n<div class=\"BMebGe btku5b LwdV0e FR7ZSc OJeuxf\" tabindex=\"0\" role=\"button\" aria-label=\"Ver v\u00ednculos relacionados\" data-hveid=\"CBEQAQ\" data-ved=\"2ahUKEwiMy7SnlOORAxXRHbkGHeiXOicQ3fYKegQIERAB\">\n<div class=\"niO4u\"><\/div>\n<\/div>\n<\/div>\n<\/li>\n<li><span data-huuid=\"14676207199243605704\">Es una opci\u00f3n de bajo costo para jugar a dobles en el televisor, laptop, proyector con entrada HDMI.<\/span><\/li>\n<\/ul>\n<\/div>\n<\/div>\n","protected":false},"excerpt":{"rendered":"<p>CONSOLA BLOX MASTER HD X2 GT-1500 INOVA La\u00a0consola Blox Master HD GT-1500\u00a0 es un dispositivo de juego inal\u00e1mbrico dise\u00f1ado para emulaci\u00f3n retro.\u00a0 Incluye dos controles inal\u00e1mbricos 2.4G.\u00a0 Se conecta a trav\u00e9s de HDMI a pantallas planas, proyectores y computadoras.\u00a0 Utiliza el sistema EmuELEC para emular juegos de diversas consolas retro.\u00a0 Se enfoca en juegos de&#8230;<\/p>\n","protected":false},"featured_media":605,"comment_status":"open","ping_status":"closed","template":"","meta":{"_kad_post_transparent":"default","_kad_post_title":"","_kad_post_layout":"default","_kad_post_sidebar_id":"","_kad_post_content_style":"default","_kad_post_vertical_padding":"default","_kad_post_feature":"","_kad_post_feature_position":"","_kad_post_header":false,"_kad_post_footer":false,"_kad_post_classname":""},"product_brand":[],"product_cat":[24],"product_tag":[],"class_list":{"0":"post-602","1":"product","2":"type-product","3":"status-publish","4":"has-post-thumbnail","6":"product_cat-gaming-y-streaming","8":"first","9":"instock","10":"shipping-taxable","11":"purchasable","12":"product-type-simple","13":"entry","14":"content-bg","15":"loop-entry"},"_links":{"self":[{"href":"https:\/\/lacuinaproductosyservicios.com\/index.php\/wp-json\/wp\/v2\/product\/602","targetHints":{"allow":["GET"]}}],"collection":[{"href":"https:\/\/lacuinaproductosyservicios.com\/index.php\/wp-json\/wp\/v2\/product"}],"about":[{"href":"https:\/\/lacuinaproductosyservicios.com\/index.php\/wp-json\/wp\/v2\/types\/product"}],"replies":[{"embeddable":true,"href":"https:\/\/lacuinaproductosyservicios.com\/index.php\/wp-json\/wp\/v2\/comments?post=602"}],"wp:featuredmedia":[{"embeddable":true,"href":"https:\/\/lacuinaproductosyservicios.com\/index.php\/wp-json\/wp\/v2\/media\/605"}],"wp:attachment":[{"href":"https:\/\/lacuinaproductosyservicios.com\/index.php\/wp-json\/wp\/v2\/media?parent=602"}],"wp:term":[{"taxonomy":"product_brand","embeddable":true,"href":"https:\/\/lacuinaproductosyservicios.com\/index.php\/wp-json\/wp\/v2\/product_brand?post=602"},{"taxonomy":"product_cat","embeddable":true,"href":"https:\/\/lacuinaproductosyservicios.com\/index.php\/wp-json\/wp\/v2\/product_cat?post=602"},{"taxonomy":"product_tag","embeddable":true,"href":"https:\/\/lacuinaproductosyservicios.com\/index.php\/wp-json\/wp\/v2\/product_tag?post=602"}],"curies":[{"name":"wp","href":"https:\/\/api.w.org\/{rel}","templated":true}]}}