{"id":645,"date":"2025-12-29T19:17:48","date_gmt":"2025-12-29T19:17:48","guid":{"rendered":"https:\/\/lacuinaproductosyservicios.com\/?post_type=product&#038;p=645"},"modified":"2025-12-29T19:17:48","modified_gmt":"2025-12-29T19:17:48","slug":"teclado-ecopower-ep-k601","status":"publish","type":"product","link":"https:\/\/lacuinaproductosyservicios.com\/index.php\/producto\/teclado-ecopower-ep-k601\/","title":{"rendered":"TECLADO ECOPOWER EP-K601"},"content":{"rendered":"<p><span class=\"matching-text-highlight\">TECLADO<\/span> ECOPOWER EP-K601 ESPA\u00d1OL<\/p>\n<p>CON LUCES LED RGB\/ USB C\/CABLE: es un teclado de membrana, de dise\u00f1o ergon\u00f3mico y liviano, con layout en espa\u00f1ol (Latinoam\u00e9rica), ideal para uso diario, trabajo, estudio y gaming, destacando por sus luces LED coloridas (RGB) que a\u00f1aden un toque est\u00e9tico, gran durabilidad y conectividad USB, ofreciendo una experiencia de escritura fluida y c\u00f3moda, adem\u00e1s de ser compatible con PC y laptops. Es una opci\u00f3n econ\u00f3mica y funcional que combina est\u00e9tica (luces) y practicidad, perfecta para quienes buscan un teclado completo y con estilo para sus actividades en la computadora.<\/p>\n<p>&nbsp;<\/p>\n<p>&nbsp;<\/p>\n<p>&nbsp;<\/p>\n","protected":false},"excerpt":{"rendered":"<p>TECLADO ECOPOWER EP-K601 ESPA\u00d1OL CON LUCES LED RGB\/ USB C\/CABLE: es un teclado de membrana, de dise\u00f1o ergon\u00f3mico y liviano, con layout en espa\u00f1ol (Latinoam\u00e9rica), ideal para uso diario, trabajo, estudio y gaming, destacando por sus luces LED coloridas (RGB) que a\u00f1aden un toque est\u00e9tico, gran durabilidad y conectividad USB, ofreciendo una experiencia de escritura&#8230;<\/p>\n","protected":false},"featured_media":646,"comment_status":"open","ping_status":"closed","template":"","meta":{"_kad_post_transparent":"default","_kad_post_title":"","_kad_post_layout":"default","_kad_post_sidebar_id":"","_kad_post_content_style":"default","_kad_post_vertical_padding":"default","_kad_post_feature":"","_kad_post_feature_position":"","_kad_post_header":false,"_kad_post_footer":false,"_kad_post_classname":""},"product_brand":[],"product_cat":[24],"product_tag":[],"class_list":{"0":"post-645","1":"product","2":"type-product","3":"status-publish","4":"has-post-thumbnail","6":"product_cat-gaming-y-streaming","8":"first","9":"instock","10":"shipping-taxable","11":"purchasable","12":"product-type-simple","13":"entry","14":"content-bg","15":"loop-entry"},"_links":{"self":[{"href":"https:\/\/lacuinaproductosyservicios.com\/index.php\/wp-json\/wp\/v2\/product\/645","targetHints":{"allow":["GET"]}}],"collection":[{"href":"https:\/\/lacuinaproductosyservicios.com\/index.php\/wp-json\/wp\/v2\/product"}],"about":[{"href":"https:\/\/lacuinaproductosyservicios.com\/index.php\/wp-json\/wp\/v2\/types\/product"}],"replies":[{"embeddable":true,"href":"https:\/\/lacuinaproductosyservicios.com\/index.php\/wp-json\/wp\/v2\/comments?post=645"}],"wp:featuredmedia":[{"embeddable":true,"href":"https:\/\/lacuinaproductosyservicios.com\/index.php\/wp-json\/wp\/v2\/media\/646"}],"wp:attachment":[{"href":"https:\/\/lacuinaproductosyservicios.com\/index.php\/wp-json\/wp\/v2\/media?parent=645"}],"wp:term":[{"taxonomy":"product_brand","embeddable":true,"href":"https:\/\/lacuinaproductosyservicios.com\/index.php\/wp-json\/wp\/v2\/product_brand?post=645"},{"taxonomy":"product_cat","embeddable":true,"href":"https:\/\/lacuinaproductosyservicios.com\/index.php\/wp-json\/wp\/v2\/product_cat?post=645"},{"taxonomy":"product_tag","embeddable":true,"href":"https:\/\/lacuinaproductosyservicios.com\/index.php\/wp-json\/wp\/v2\/product_tag?post=645"}],"curies":[{"name":"wp","href":"https:\/\/api.w.org\/{rel}","templated":true}]}}