{"id":649,"date":"2025-12-29T19:30:09","date_gmt":"2025-12-29T19:30:09","guid":{"rendered":"https:\/\/lacuinaproductosyservicios.com\/?post_type=product&#038;p=649"},"modified":"2025-12-29T19:30:09","modified_gmt":"2025-12-29T19:30:09","slug":"mouse-sate-gamer-a-87","status":"publish","type":"product","link":"https:\/\/lacuinaproductosyservicios.com\/index.php\/producto\/mouse-sate-gamer-a-87\/","title":{"rendered":"MOUSE SATE GAMER A-87"},"content":{"rendered":"<p>Mouse Sate Gamer A-87<\/p>\n<div><u><em><strong>Caracter\u00edsticas:<\/strong><\/em><\/u><\/div>\n<div>. Luces led<\/div>\n<div><\/div>\n<div>. Rat\u00f3n \u00f3ptico para juegos<\/div>\n<div><\/div>\n<div>. Precisi\u00f3n de posicionamiento<\/div>\n<div><\/div>\n<div>-Ficha de juego<\/div>\n<div><\/div>\n<div>-7 Luz de color<\/div>\n<div><\/div>\n<div>-1600 DPI<\/div>\n<div><\/div>\n<div>-4 Botones programables.<\/div>\n","protected":false},"excerpt":{"rendered":"<p>Mouse Sate Gamer A-87 Caracter\u00edsticas: . Luces led . Rat\u00f3n \u00f3ptico para juegos . Precisi\u00f3n de posicionamiento -Ficha de juego -7 Luz de color -1600 DPI -4 Botones programables.<\/p>\n","protected":false},"featured_media":650,"comment_status":"open","ping_status":"closed","template":"","meta":{"_kad_post_transparent":"default","_kad_post_title":"","_kad_post_layout":"default","_kad_post_sidebar_id":"","_kad_post_content_style":"default","_kad_post_vertical_padding":"default","_kad_post_feature":"","_kad_post_feature_position":"","_kad_post_header":false,"_kad_post_footer":false,"_kad_post_classname":""},"product_brand":[],"product_cat":[24],"product_tag":[],"class_list":{"0":"post-649","1":"product","2":"type-product","3":"status-publish","4":"has-post-thumbnail","6":"product_cat-gaming-y-streaming","8":"first","9":"instock","10":"shipping-taxable","11":"purchasable","12":"product-type-simple","13":"entry","14":"content-bg","15":"loop-entry"},"_links":{"self":[{"href":"https:\/\/lacuinaproductosyservicios.com\/index.php\/wp-json\/wp\/v2\/product\/649","targetHints":{"allow":["GET"]}}],"collection":[{"href":"https:\/\/lacuinaproductosyservicios.com\/index.php\/wp-json\/wp\/v2\/product"}],"about":[{"href":"https:\/\/lacuinaproductosyservicios.com\/index.php\/wp-json\/wp\/v2\/types\/product"}],"replies":[{"embeddable":true,"href":"https:\/\/lacuinaproductosyservicios.com\/index.php\/wp-json\/wp\/v2\/comments?post=649"}],"wp:featuredmedia":[{"embeddable":true,"href":"https:\/\/lacuinaproductosyservicios.com\/index.php\/wp-json\/wp\/v2\/media\/650"}],"wp:attachment":[{"href":"https:\/\/lacuinaproductosyservicios.com\/index.php\/wp-json\/wp\/v2\/media?parent=649"}],"wp:term":[{"taxonomy":"product_brand","embeddable":true,"href":"https:\/\/lacuinaproductosyservicios.com\/index.php\/wp-json\/wp\/v2\/product_brand?post=649"},{"taxonomy":"product_cat","embeddable":true,"href":"https:\/\/lacuinaproductosyservicios.com\/index.php\/wp-json\/wp\/v2\/product_cat?post=649"},{"taxonomy":"product_tag","embeddable":true,"href":"https:\/\/lacuinaproductosyservicios.com\/index.php\/wp-json\/wp\/v2\/product_tag?post=649"}],"curies":[{"name":"wp","href":"https:\/\/api.w.org\/{rel}","templated":true}]}}