{"id":655,"date":"2025-12-29T19:36:02","date_gmt":"2025-12-29T19:36:02","guid":{"rendered":"https:\/\/lacuinaproductosyservicios.com\/?post_type=product&#038;p=655"},"modified":"2025-12-29T19:36:03","modified_gmt":"2025-12-29T19:36:03","slug":"velador-lampara-led-chancho-touch-recargable-por-usb","status":"publish","type":"product","link":"https:\/\/lacuinaproductosyservicios.com\/index.php\/producto\/velador-lampara-led-chancho-touch-recargable-por-usb\/","title":{"rendered":"Velador Lampara Led Chancho Touch recargable por USB"},"content":{"rendered":"<p>Permite colocarse sobre el escritorio o mesa con su propia base estable como los veladores comunes.<br \/>\n\u2022 Recargable<br \/>\n\u2022 Portable: una vez recargada puede trasladarla y utilizarla con facilidad.<br \/>\n\u2022 Dise\u00f1o f\u00e1cil de usar: el brazo flexible le permite situar la luz exactamente donde quiere y mantenerla all\u00ed.<br \/>\n\u2022 Cuidado de los ojos: No hay parpadeo, no hay \u00e1rea oscura y no hay fantasmas para proteger su visi\u00f3n y reducir la fatiga ocular.<br \/>\n\u2022 Tiempo de carga: No menos de 2 horas por el cable del USB (incluido).<br \/>\n\u2022 Permite utilizarse con el cable conectado<br \/>\n\u2022 Bajo consumo de energ\u00eda<br \/>\n\u2022 Cuello ajustable que le permite posicionarlo a su preferencia<br \/>\n\u2022 Bot\u00f3n Touch en la parte frontal para prender y apagar<\/p>\n","protected":false},"excerpt":{"rendered":"<p>Divertido y super practico Velador Led Cerdo doble Funci\u00f3n. Adem\u00e1s de servirte para iluminar tu escritorio tiene un contenedor Porta Objetos en su base. Cuenta con encendido T\u00e1ctil. Bater\u00eda interna recargable que te permite usarlo de forma inal\u00e1mbrica. Lampara Led con Iluminaci\u00f3n Regulable en 3 intensidades.<\/p>\n","protected":false},"featured_media":657,"comment_status":"open","ping_status":"closed","template":"","meta":{"_kad_post_transparent":"default","_kad_post_title":"","_kad_post_layout":"default","_kad_post_sidebar_id":"","_kad_post_content_style":"default","_kad_post_vertical_padding":"default","_kad_post_feature":"","_kad_post_feature_position":"","_kad_post_header":false,"_kad_post_footer":false,"_kad_post_classname":""},"product_brand":[],"product_cat":[16],"product_tag":[],"class_list":{"0":"post-655","1":"product","2":"type-product","3":"status-publish","4":"has-post-thumbnail","6":"product_cat-accesorios","8":"first","9":"instock","10":"shipping-taxable","11":"purchasable","12":"product-type-simple","13":"entry","14":"content-bg","15":"loop-entry"},"_links":{"self":[{"href":"https:\/\/lacuinaproductosyservicios.com\/index.php\/wp-json\/wp\/v2\/product\/655","targetHints":{"allow":["GET"]}}],"collection":[{"href":"https:\/\/lacuinaproductosyservicios.com\/index.php\/wp-json\/wp\/v2\/product"}],"about":[{"href":"https:\/\/lacuinaproductosyservicios.com\/index.php\/wp-json\/wp\/v2\/types\/product"}],"replies":[{"embeddable":true,"href":"https:\/\/lacuinaproductosyservicios.com\/index.php\/wp-json\/wp\/v2\/comments?post=655"}],"wp:featuredmedia":[{"embeddable":true,"href":"https:\/\/lacuinaproductosyservicios.com\/index.php\/wp-json\/wp\/v2\/media\/657"}],"wp:attachment":[{"href":"https:\/\/lacuinaproductosyservicios.com\/index.php\/wp-json\/wp\/v2\/media?parent=655"}],"wp:term":[{"taxonomy":"product_brand","embeddable":true,"href":"https:\/\/lacuinaproductosyservicios.com\/index.php\/wp-json\/wp\/v2\/product_brand?post=655"},{"taxonomy":"product_cat","embeddable":true,"href":"https:\/\/lacuinaproductosyservicios.com\/index.php\/wp-json\/wp\/v2\/product_cat?post=655"},{"taxonomy":"product_tag","embeddable":true,"href":"https:\/\/lacuinaproductosyservicios.com\/index.php\/wp-json\/wp\/v2\/product_tag?post=655"}],"curies":[{"name":"wp","href":"https:\/\/api.w.org\/{rel}","templated":true}]}}