{"id":670,"date":"2025-12-29T19:58:26","date_gmt":"2025-12-29T19:58:26","guid":{"rendered":"https:\/\/lacuinaproductosyservicios.com\/?post_type=product&#038;p=670"},"modified":"2025-12-29T19:58:26","modified_gmt":"2025-12-29T19:58:26","slug":"mouse-gaming-sate-a-95","status":"publish","type":"product","link":"https:\/\/lacuinaproductosyservicios.com\/index.php\/producto\/mouse-gaming-sate-a-95\/","title":{"rendered":"MOUSE GAMING SATE A-95"},"content":{"rendered":"<p>MOUSE GAMING SATE A-95 NEGRO CON LUCES RGB<\/p>\n<ul>\n<li><strong>Dise\u00f1o:<\/strong>\u00a0Resistente<\/li>\n<li><strong>Tipo de mouse:<\/strong>\u00a0\u00d3ptico<\/li>\n<li><strong>Iluminaci\u00f3n:<\/strong> LED RGB de 7 colores<\/li>\n<li><strong>Resoluci\u00f3n:\u00a0<\/strong>1000 DPI<\/li>\n<li><strong>Interfaz:<\/strong>\u00a0USB<\/li>\n<li><strong>Longitud del cable:<\/strong>\u00a01.8 metros<\/li>\n<\/ul>\n<p>&nbsp;<\/p>\n","protected":false},"excerpt":{"rendered":"<p>MOUSE GAMING SATE A-95 NEGRO CON LUCES RGB Dise\u00f1o:\u00a0Resistente Tipo de mouse:\u00a0\u00d3ptico Iluminaci\u00f3n: LED RGB de 7 colores Resoluci\u00f3n:\u00a01000 DPI Interfaz:\u00a0USB Longitud del cable:\u00a01.8 metros &nbsp;<\/p>\n","protected":false},"featured_media":671,"comment_status":"open","ping_status":"closed","template":"","meta":{"_kad_post_transparent":"default","_kad_post_title":"","_kad_post_layout":"default","_kad_post_sidebar_id":"","_kad_post_content_style":"default","_kad_post_vertical_padding":"default","_kad_post_feature":"","_kad_post_feature_position":"","_kad_post_header":false,"_kad_post_footer":false,"_kad_post_classname":""},"product_brand":[],"product_cat":[24],"product_tag":[],"class_list":{"0":"post-670","1":"product","2":"type-product","3":"status-publish","4":"has-post-thumbnail","6":"product_cat-gaming-y-streaming","8":"first","9":"instock","10":"shipping-taxable","11":"purchasable","12":"product-type-simple","13":"entry","14":"content-bg","15":"loop-entry"},"_links":{"self":[{"href":"https:\/\/lacuinaproductosyservicios.com\/index.php\/wp-json\/wp\/v2\/product\/670","targetHints":{"allow":["GET"]}}],"collection":[{"href":"https:\/\/lacuinaproductosyservicios.com\/index.php\/wp-json\/wp\/v2\/product"}],"about":[{"href":"https:\/\/lacuinaproductosyservicios.com\/index.php\/wp-json\/wp\/v2\/types\/product"}],"replies":[{"embeddable":true,"href":"https:\/\/lacuinaproductosyservicios.com\/index.php\/wp-json\/wp\/v2\/comments?post=670"}],"wp:featuredmedia":[{"embeddable":true,"href":"https:\/\/lacuinaproductosyservicios.com\/index.php\/wp-json\/wp\/v2\/media\/671"}],"wp:attachment":[{"href":"https:\/\/lacuinaproductosyservicios.com\/index.php\/wp-json\/wp\/v2\/media?parent=670"}],"wp:term":[{"taxonomy":"product_brand","embeddable":true,"href":"https:\/\/lacuinaproductosyservicios.com\/index.php\/wp-json\/wp\/v2\/product_brand?post=670"},{"taxonomy":"product_cat","embeddable":true,"href":"https:\/\/lacuinaproductosyservicios.com\/index.php\/wp-json\/wp\/v2\/product_cat?post=670"},{"taxonomy":"product_tag","embeddable":true,"href":"https:\/\/lacuinaproductosyservicios.com\/index.php\/wp-json\/wp\/v2\/product_tag?post=670"}],"curies":[{"name":"wp","href":"https:\/\/api.w.org\/{rel}","templated":true}]}}