{"id":672,"date":"2025-12-29T20:04:26","date_gmt":"2025-12-29T20:04:26","guid":{"rendered":"https:\/\/lacuinaproductosyservicios.com\/?post_type=product&#038;p=672"},"modified":"2025-12-29T20:04:26","modified_gmt":"2025-12-29T20:04:26","slug":"reloj-inteligente-k55","status":"publish","type":"product","link":"https:\/\/lacuinaproductosyservicios.com\/index.php\/producto\/reloj-inteligente-k55\/","title":{"rendered":"Reloj inteligente K55"},"content":{"rendered":"<ul class=\"a-unordered-list a-vertical a-spacing-mini\">\n<li class=\"a-spacing-mini\"><span class=\"a-list-item\">24 modos deportivos: el reloj de fitness soporta escalada de monta\u00f1a, salto de cuerda, b\u00e1dminton y m\u00e1s, nuestro rastreador de fitness te tiene cubierto para todas tus necesidades deportivas diarias. El reloj inteligente reconoce tu modo de ejercicio de forma inteligente y registra tu frecuencia card\u00edaca, consumo de calor\u00edas, distancia deportiva y tiempo para ayudarte a hacer ejercicio cient\u00edficamente.<\/span><\/li>\n<li class=\"a-spacing-mini\"><span class=\"a-list-item\">Reloj inteligente con Bluetooth para llamadas telef\u00f3nicas: el reloj inteligente para hombre cuenta con un altavoz y micr\u00f3fono integrados, as\u00ed como Bluetooth para llamadas estables. Sincroniza la informaci\u00f3n de tu tel\u00e9fono, nunca te pierdas un mensaje importante con la funci\u00f3n de vibraci\u00f3n.<\/span><\/li>\n<li class=\"a-spacing-mini\"><span class=\"a-list-item\">Reloj inteligente para tel\u00e9fonos Android: los relojes inteligentes son tel\u00e9fonos inteligentes que utilizan iOS y Android. Por favor, ponte en contacto con nosotros si tienes alguna pregunta sobre el reloj, te ayudaremos a resolverlo.<\/span><\/li>\n<li class=\"a-spacing-mini\"><span class=\"a-list-item\">Reloj de salud: se puede utilizar como un reloj de monitor de frecuencia card\u00edaca, tambi\u00e9n puede controlar el estado de sue\u00f1o, presi\u00f3n arterial ox\u00edgeno en sangre (SpO2) y registro de salud femenino para mujeres, un buen regalo.<\/span><\/li>\n<li class=\"a-spacing-mini\"><span class=\"a-list-item\">Bater\u00eda de larga duraci\u00f3n y resistente a los golpes y al desgaste: el reloj inteligente militar est\u00e1 equipado con una gran bater\u00eda de 350 mAh, 15 d\u00edas de uso, 50 d\u00edas de tiempo en espera, di adi\u00f3s a la ansiedad de duraci\u00f3n de la bater\u00eda. Puedes disfrutar de tus deportes favoritos sin preocuparte de que el reloj inteligente se da\u00f1e.<\/span><\/li>\n<\/ul>\n","protected":false},"excerpt":{"rendered":"<p>24 modos deportivos: el reloj de fitness soporta escalada de monta\u00f1a, salto de cuerda, b\u00e1dminton y m\u00e1s, nuestro rastreador de fitness te tiene cubierto para todas tus necesidades deportivas diarias. El reloj inteligente reconoce tu modo de ejercicio de forma inteligente y registra tu frecuencia card\u00edaca, consumo de calor\u00edas, distancia deportiva y tiempo para ayudarte&#8230;<\/p>\n","protected":false},"featured_media":673,"comment_status":"open","ping_status":"closed","template":"","meta":{"_kad_post_transparent":"default","_kad_post_title":"","_kad_post_layout":"default","_kad_post_sidebar_id":"","_kad_post_content_style":"default","_kad_post_vertical_padding":"default","_kad_post_feature":"","_kad_post_feature_position":"","_kad_post_header":false,"_kad_post_footer":false,"_kad_post_classname":""},"product_brand":[],"product_cat":[23],"product_tag":[],"class_list":{"0":"post-672","1":"product","2":"type-product","3":"status-publish","4":"has-post-thumbnail","6":"product_cat-smartwatch","8":"first","9":"instock","10":"shipping-taxable","11":"purchasable","12":"product-type-simple","13":"entry","14":"content-bg","15":"loop-entry"},"_links":{"self":[{"href":"https:\/\/lacuinaproductosyservicios.com\/index.php\/wp-json\/wp\/v2\/product\/672","targetHints":{"allow":["GET"]}}],"collection":[{"href":"https:\/\/lacuinaproductosyservicios.com\/index.php\/wp-json\/wp\/v2\/product"}],"about":[{"href":"https:\/\/lacuinaproductosyservicios.com\/index.php\/wp-json\/wp\/v2\/types\/product"}],"replies":[{"embeddable":true,"href":"https:\/\/lacuinaproductosyservicios.com\/index.php\/wp-json\/wp\/v2\/comments?post=672"}],"wp:featuredmedia":[{"embeddable":true,"href":"https:\/\/lacuinaproductosyservicios.com\/index.php\/wp-json\/wp\/v2\/media\/673"}],"wp:attachment":[{"href":"https:\/\/lacuinaproductosyservicios.com\/index.php\/wp-json\/wp\/v2\/media?parent=672"}],"wp:term":[{"taxonomy":"product_brand","embeddable":true,"href":"https:\/\/lacuinaproductosyservicios.com\/index.php\/wp-json\/wp\/v2\/product_brand?post=672"},{"taxonomy":"product_cat","embeddable":true,"href":"https:\/\/lacuinaproductosyservicios.com\/index.php\/wp-json\/wp\/v2\/product_cat?post=672"},{"taxonomy":"product_tag","embeddable":true,"href":"https:\/\/lacuinaproductosyservicios.com\/index.php\/wp-json\/wp\/v2\/product_tag?post=672"}],"curies":[{"name":"wp","href":"https:\/\/api.w.org\/{rel}","templated":true}]}}