{"id":682,"date":"2025-12-29T20:24:59","date_gmt":"2025-12-29T20:24:59","guid":{"rendered":"https:\/\/lacuinaproductosyservicios.com\/?post_type=product&#038;p=682"},"modified":"2025-12-29T20:24:59","modified_gmt":"2025-12-29T20:24:59","slug":"control-de-play-5-original","status":"publish","type":"product","link":"https:\/\/lacuinaproductosyservicios.com\/index.php\/producto\/control-de-play-5-original\/","title":{"rendered":"CONTROL DE PLAY 5 ORIGINAL"},"content":{"rendered":"<p>CONTROL DE PLAY 5 ORIGINAL<\/p>\n<p><span class=\"N9Q8Lc\">El control original de PS5 es el Dual Sense<\/span><mark class=\"HxTRcb\" data-processed=\"true\"><\/mark><span class=\"N9Q8Lc\">, que se distingue por su innovadora respuesta h\u00e1ptica, gatillos adaptativos y micr\u00f3fono integrado; para identificar uno aut\u00e9ntico, revisa detalles como la luz del bot\u00f3n PS (tenue y azul), la textura de los botones (s\u00edmbolos grabados, no planos), la serigraf\u00eda trasera con n\u00famero de modelo y QR, y que\u00a0<\/span><em class=\"eujQNb\" data-processed=\"true\"><span class=\"N9Q8Lc\">no<\/span><\/em><span class=\"N9Q8Lc\"> incluya un cable USB en la caja (los falsos s\u00ed lo traen), siendo crucial la calidad de los materiales y la luz del bot\u00f3n Home para diferenciarlo de copias y\/o inspiraciones<\/span><span class=\"N9Q8Lc\">.<\/span><span class=\"uJ19be notranslate\" data-wiz-uids=\"MxvCB_f,MxvCB_g,MxvCB_h\" data-processed=\"true\"><span class=\"vKEkVd\" data-animation-atomic=\"\" data-wiz-attrbind=\"class=MxvCB_f\/TKHnVd;\" data-processed=\"true\">\u00a0<\/span><\/span><\/p>\n<ul class=\"KsbFXc U6u95\" data-processed=\"true\">\n<li data-hveid=\"CAQQAA\" data-processed=\"true\"><span class=\"T286Pc\" data-sfc-cp=\"\" data-processed=\"true\"><strong class=\"Yjhzub\" data-processed=\"true\">Tecnolog\u00eda Inmersiva:<\/strong>\u00a0Retroalimentaci\u00f3n h\u00e1ptica (vibraciones avanzadas) y gatillos adaptativos (resistencia variable).<\/span><\/li>\n<li data-hveid=\"CAQQAQ\" data-processed=\"true\"><span class=\"T286Pc\" data-sfc-cp=\"\" data-processed=\"true\"><strong class=\"Yjhzub\" data-processed=\"true\">Dise\u00f1o Ergon\u00f3mico:<\/strong>\u00a0Bordes con los s\u00edmbolos de PlayStation (c\u00edrculo, X, cuadrado, tri\u00e1ngulo) para mejor agarre.<\/span><\/li>\n<li data-hveid=\"CAQQAg\" data-processed=\"true\"><span class=\"T286Pc\" data-sfc-cp=\"\" data-processed=\"true\"><strong class=\"Yjhzub\" data-processed=\"true\">Botones:<\/strong> Bot\u00f3n de opciones (tres l\u00edneas) y de compartir (tres puntos), con un bot\u00f3n de silencio para el micr\u00f3fono. Chatea online con tus amistades.<\/span><\/li>\n<li data-hveid=\"CAQQAw\" data-processed=\"true\"><span class=\"T286Pc\" data-sfc-cp=\"\" data-processed=\"true\"><strong class=\"Yjhzub\" data-processed=\"true\">Conectividad:<\/strong> USB-C para una comodidad \u00fanica, disfrutando de un dise\u00f1o intuitivo que cuenta con joysticks y un touchpad mejorados.<\/span><\/li>\n<\/ul>\n<p>&nbsp;<\/p>\n","protected":false},"excerpt":{"rendered":"<p>CONTROL DE PLAY 5 ORIGINAL El control original de PS5 es el Dual Sense, que se distingue por su innovadora respuesta h\u00e1ptica, gatillos adaptativos y micr\u00f3fono integrado; para identificar uno aut\u00e9ntico, revisa detalles como la luz del bot\u00f3n PS (tenue y azul), la textura de los botones (s\u00edmbolos grabados, no planos), la serigraf\u00eda trasera con&#8230;<\/p>\n","protected":false},"featured_media":677,"comment_status":"open","ping_status":"closed","template":"","meta":{"_kad_post_transparent":"default","_kad_post_title":"","_kad_post_layout":"default","_kad_post_sidebar_id":"","_kad_post_content_style":"default","_kad_post_vertical_padding":"default","_kad_post_feature":"","_kad_post_feature_position":"","_kad_post_header":false,"_kad_post_footer":false,"_kad_post_classname":""},"product_brand":[],"product_cat":[24],"product_tag":[],"class_list":{"0":"post-682","1":"product","2":"type-product","3":"status-publish","4":"has-post-thumbnail","6":"product_cat-gaming-y-streaming","8":"first","9":"instock","10":"shipping-taxable","11":"purchasable","12":"product-type-simple","13":"entry","14":"content-bg","15":"loop-entry"},"_links":{"self":[{"href":"https:\/\/lacuinaproductosyservicios.com\/index.php\/wp-json\/wp\/v2\/product\/682","targetHints":{"allow":["GET"]}}],"collection":[{"href":"https:\/\/lacuinaproductosyservicios.com\/index.php\/wp-json\/wp\/v2\/product"}],"about":[{"href":"https:\/\/lacuinaproductosyservicios.com\/index.php\/wp-json\/wp\/v2\/types\/product"}],"replies":[{"embeddable":true,"href":"https:\/\/lacuinaproductosyservicios.com\/index.php\/wp-json\/wp\/v2\/comments?post=682"}],"wp:featuredmedia":[{"embeddable":true,"href":"https:\/\/lacuinaproductosyservicios.com\/index.php\/wp-json\/wp\/v2\/media\/677"}],"wp:attachment":[{"href":"https:\/\/lacuinaproductosyservicios.com\/index.php\/wp-json\/wp\/v2\/media?parent=682"}],"wp:term":[{"taxonomy":"product_brand","embeddable":true,"href":"https:\/\/lacuinaproductosyservicios.com\/index.php\/wp-json\/wp\/v2\/product_brand?post=682"},{"taxonomy":"product_cat","embeddable":true,"href":"https:\/\/lacuinaproductosyservicios.com\/index.php\/wp-json\/wp\/v2\/product_cat?post=682"},{"taxonomy":"product_tag","embeddable":true,"href":"https:\/\/lacuinaproductosyservicios.com\/index.php\/wp-json\/wp\/v2\/product_tag?post=682"}],"curies":[{"name":"wp","href":"https:\/\/api.w.org\/{rel}","templated":true}]}}