{"id":683,"date":"2025-12-29T20:27:52","date_gmt":"2025-12-29T20:27:52","guid":{"rendered":"https:\/\/lacuinaproductosyservicios.com\/?post_type=product&#038;p=683"},"modified":"2025-12-29T20:27:52","modified_gmt":"2025-12-29T20:27:52","slug":"usa-9-ultra-smart-watch-clone-y-airpods-pro-con-7-correas-adicionales","status":"publish","type":"product","link":"https:\/\/lacuinaproductosyservicios.com\/index.php\/producto\/usa-9-ultra-smart-watch-clone-y-airpods-pro-con-7-correas-adicionales\/","title":{"rendered":"Usa 9 Ultra Smart Watch Clone y Airpods Pro con 7 correas adicionales"},"content":{"rendered":"<h6><strong><span dir=\"auto\">Reloj inteligente<\/span><\/strong><\/h6>\n<ul>\n<li><strong><span dir=\"auto\">Pantalla:<\/span><\/strong><span dir=\"auto\">\u00a0\u00a0Pantalla t\u00e1ctil LCD TFT de 1,28 pulgadas<\/span><\/li>\n<li><strong><span dir=\"auto\">Resoluci\u00f3n:<\/span><\/strong><span dir=\"auto\">\u00a0\u00a0240 x 240 p\u00edxeles<\/span><\/li>\n<li><strong><span dir=\"auto\">Conjunto de chips:<\/span><\/strong><span dir=\"auto\">\u00a0\u00a0Nordic NRF52832<\/span><\/li>\n<li><strong><span dir=\"auto\">Memoria:<\/span><\/strong><span dir=\"auto\">\u00a0\u00a0256 KB + 128 KB<\/span><\/li>\n<li><strong><span dir=\"auto\">Sensores:<\/span><\/strong><span dir=\"auto\">\u00a0\u00a0monitor de frecuencia card\u00edaca, monitor de presi\u00f3n arterial, monitor de ox\u00edgeno en sangre, rastreador de sue\u00f1o, pod\u00f3metro<\/span><\/li>\n<li><strong><span dir=\"auto\">Conectividad:<\/span><\/strong><span dir=\"auto\">\u00a0\u00a0Bluetooth 5.0<\/span><\/li>\n<li><strong><span dir=\"auto\">Compatibilidad:<\/span><\/strong><span dir=\"auto\">\u00a0\u00a0Android 4.4 o posterior, iOS 9.0 o posterior<\/span><\/li>\n<li><strong><span dir=\"auto\">Bater\u00eda:<\/span><\/strong><span dir=\"auto\">\u00a0\u00a0180 mAh<\/span><\/li>\n<li><strong><span dir=\"auto\">Resistencia al agua:<\/span><\/strong><span dir=\"auto\">\u00a0\u00a0IP67<\/span><\/li>\n<\/ul>\n<h6><strong><span dir=\"auto\">Auriculares inal\u00e1mbricos<\/span><\/strong><\/h6>\n<ul>\n<li><strong><span dir=\"auto\">Versi\u00f3n de Bluetooth:<\/span><\/strong><span dir=\"auto\">\u00a0\u00a05.0<\/span><\/li>\n<li><strong><span dir=\"auto\">Conjunto de chips:<\/span><\/strong><span dir=\"auto\">\u00a0\u00a0JL Jerry AC6973<\/span><\/li>\n<li><strong><span dir=\"auto\">Tama\u00f1o del controlador:<\/span><\/strong><span dir=\"auto\">\u00a0\u00a013 mm<\/span><\/li>\n<li><strong><span dir=\"auto\">Respuesta de frecuencia:<\/span><\/strong><span dir=\"auto\">\u00a0\u00a020 Hz &#8211; 20 kHz<\/span><\/li>\n<li><strong><span dir=\"auto\">Sensibilidad:<\/span><\/strong><span dir=\"auto\">\u00a0\u00a0107dB<\/span><\/li>\n<li><strong><span dir=\"auto\">Impedancia:<\/span><\/strong><span dir=\"auto\">\u00a0\u00a032\u03a9<\/span><\/li>\n<li><strong><span dir=\"auto\">Bater\u00eda:<\/span><\/strong><span dir=\"auto\">\u00a0\u00a040 mAh (cada auricular)<\/span><\/li>\n<li><strong><span dir=\"auto\">Tiempo de juego:<\/span><\/strong><span dir=\"auto\">\u00a0\u00a0hasta 4 horas<\/span><\/li>\n<li><strong><span dir=\"auto\">Tiempo de carga:<\/span><\/strong><span dir=\"auto\">\u00a0\u00a0hasta 1 hora<\/span><\/li>\n<li><strong><span dir=\"auto\">Tiempo en espera:<\/span><\/strong><span dir=\"auto\"> \u00a0hasta 100 horas<\/span><\/li>\n<\/ul>\n<h6><strong><span dir=\"auto\">Estuche de carga<\/span><\/strong><\/h6>\n<ul>\n<li><strong><span dir=\"auto\">Capacidad de la bater\u00eda:<\/span><\/strong><span dir=\"auto\">\u00a0\u00a0300 mAh<\/span><\/li>\n<li><strong><span dir=\"auto\">Tiempo de carga:<\/span><\/strong><span dir=\"auto\">\u00a0\u00a0hasta 2 horas<\/span><\/li>\n<li><strong><span dir=\"auto\">Ciclos de carga:<\/span><\/strong><span dir=\"auto\">\u00a0\u00a0Hasta 3 veces<\/span><\/li>\n<\/ul>\n<h6><strong><span dir=\"auto\">Caracter\u00edsticas adicionales<\/span><\/strong><\/h6>\n<ul>\n<li><strong><span dir=\"auto\">Reloj inteligente:<\/span><\/strong><span dir=\"auto\">\u00a0\u00a0notificaciones de llamadas, notificaciones de mensajes, notificaciones de aplicaciones, control de reproducci\u00f3n de m\u00fasica, control remoto de c\u00e1mara, despertador, temporizador, cron\u00f3metro, encontrar mi tel\u00e9fono<\/span><\/li>\n<li><strong><span dir=\"auto\">Auriculares inal\u00e1mbricos:<\/span><\/strong><span dir=\"auto\">\u00a0\u00a0controles t\u00e1ctiles, detecci\u00f3n en el o\u00eddo, emparejamiento autom\u00e1tico<\/span><\/li>\n<\/ul>\n","protected":false},"excerpt":{"rendered":"<p>Reloj inteligente Pantalla:\u00a0\u00a0Pantalla t\u00e1ctil LCD TFT de 1,28 pulgadas Resoluci\u00f3n:\u00a0\u00a0240 x 240 p\u00edxeles Conjunto de chips:\u00a0\u00a0Nordic NRF52832 Memoria:\u00a0\u00a0256 KB + 128 KB Sensores:\u00a0\u00a0monitor de frecuencia card\u00edaca, monitor de presi\u00f3n arterial, monitor de ox\u00edgeno en sangre, rastreador de sue\u00f1o, pod\u00f3metro Conectividad:\u00a0\u00a0Bluetooth 5.0 Compatibilidad:\u00a0\u00a0Android 4.4 o posterior, iOS 9.0 o posterior Bater\u00eda:\u00a0\u00a0180 mAh Resistencia al agua:\u00a0\u00a0IP67 Auriculares&#8230;<\/p>\n","protected":false},"featured_media":684,"comment_status":"open","ping_status":"closed","template":"","meta":{"_kad_post_transparent":"default","_kad_post_title":"","_kad_post_layout":"default","_kad_post_sidebar_id":"","_kad_post_content_style":"default","_kad_post_vertical_padding":"default","_kad_post_feature":"","_kad_post_feature_position":"","_kad_post_header":false,"_kad_post_footer":false,"_kad_post_classname":""},"product_brand":[],"product_cat":[23],"product_tag":[],"class_list":{"0":"post-683","1":"product","2":"type-product","3":"status-publish","4":"has-post-thumbnail","6":"product_cat-smartwatch","8":"first","9":"instock","10":"shipping-taxable","11":"purchasable","12":"product-type-simple","13":"entry","14":"content-bg","15":"loop-entry"},"_links":{"self":[{"href":"https:\/\/lacuinaproductosyservicios.com\/index.php\/wp-json\/wp\/v2\/product\/683","targetHints":{"allow":["GET"]}}],"collection":[{"href":"https:\/\/lacuinaproductosyservicios.com\/index.php\/wp-json\/wp\/v2\/product"}],"about":[{"href":"https:\/\/lacuinaproductosyservicios.com\/index.php\/wp-json\/wp\/v2\/types\/product"}],"replies":[{"embeddable":true,"href":"https:\/\/lacuinaproductosyservicios.com\/index.php\/wp-json\/wp\/v2\/comments?post=683"}],"wp:featuredmedia":[{"embeddable":true,"href":"https:\/\/lacuinaproductosyservicios.com\/index.php\/wp-json\/wp\/v2\/media\/684"}],"wp:attachment":[{"href":"https:\/\/lacuinaproductosyservicios.com\/index.php\/wp-json\/wp\/v2\/media?parent=683"}],"wp:term":[{"taxonomy":"product_brand","embeddable":true,"href":"https:\/\/lacuinaproductosyservicios.com\/index.php\/wp-json\/wp\/v2\/product_brand?post=683"},{"taxonomy":"product_cat","embeddable":true,"href":"https:\/\/lacuinaproductosyservicios.com\/index.php\/wp-json\/wp\/v2\/product_cat?post=683"},{"taxonomy":"product_tag","embeddable":true,"href":"https:\/\/lacuinaproductosyservicios.com\/index.php\/wp-json\/wp\/v2\/product_tag?post=683"}],"curies":[{"name":"wp","href":"https:\/\/api.w.org\/{rel}","templated":true}]}}