{"id":692,"date":"2025-12-29T20:51:24","date_gmt":"2025-12-29T20:51:24","guid":{"rendered":"https:\/\/lacuinaproductosyservicios.com\/?post_type=product&#038;p=692"},"modified":"2025-12-29T20:51:25","modified_gmt":"2025-12-29T20:51:25","slug":"s9-ultra2-smart-watch-7-en-1","status":"publish","type":"product","link":"https:\/\/lacuinaproductosyservicios.com\/index.php\/producto\/s9-ultra2-smart-watch-7-en-1\/","title":{"rendered":"S9 Ultra2 Smart Watch 7 en 1"},"content":{"rendered":"<p>Procesador: YC1130\/YC1133 Chip, pantalla:\u00a02,01\u00bb pantalla \/240 * 285. \u00a0Bluetooth: BT5,3, Power: 200mAh,\u00a0\u00a049mm correas<br \/>\n<b>7 correas de reloj.\u00a0<\/b>\u00a0<b>APP: RDfit\u00a0<\/b>\u00a0bajo consumo de energ\u00eda, espera ultra larga, doble bot\u00f3n con encoder giratorio 1. Bluetooth para responder, realizar y rechazar llamadas 2. Sincronizar agenda, hora e informaci\u00f3n, 3. Pod\u00f3metro, kilometraje, calor\u00edas, monitorizaci\u00f3n del sue\u00f1o y recordatorio sedentario.<br \/>\n4. Frecuencia card\u00edaca, presi\u00f3n arterial, ox\u00edgeno en la sangre,<br \/>\n5. Mando a distancia de la c\u00e1mara, grabaci\u00f3n, reproductor de m\u00fasica,<br \/>\n6. Encontrar tel\u00e9fono m\u00f3vil, pulsera, despertador y cron\u00f3metro.<br \/>\n7. Lenguas multinacionales<br \/>\n8. Mantenga la tecla Sport a la larga para la funci\u00f3n SOS.<br \/>\n9. Modo de carga: Carga inal\u00e1mbrica<\/p>\n","protected":false},"excerpt":{"rendered":"<p>Procesador: YC1130\/YC1133 Chip, pantalla:\u00a02,01\u00bb pantalla \/240 * 285. \u00a0Bluetooth: BT5,3, Power: 200mAh,\u00a0\u00a049mm correas 7 correas de reloj.\u00a0\u00a0APP: RDfit\u00a0\u00a0bajo consumo de energ\u00eda, espera ultra larga, doble bot\u00f3n con encoder giratorio 1. Bluetooth para responder, realizar y rechazar llamadas 2. Sincronizar agenda, hora e informaci\u00f3n, 3. Pod\u00f3metro, kilometraje, calor\u00edas, monitorizaci\u00f3n del sue\u00f1o y recordatorio sedentario. 4. Frecuencia&#8230;<\/p>\n","protected":false},"featured_media":694,"comment_status":"open","ping_status":"closed","template":"","meta":{"_kad_post_transparent":"default","_kad_post_title":"","_kad_post_layout":"default","_kad_post_sidebar_id":"","_kad_post_content_style":"default","_kad_post_vertical_padding":"default","_kad_post_feature":"","_kad_post_feature_position":"","_kad_post_header":false,"_kad_post_footer":false,"_kad_post_classname":""},"product_brand":[],"product_cat":[23],"product_tag":[],"class_list":{"0":"post-692","1":"product","2":"type-product","3":"status-publish","4":"has-post-thumbnail","6":"product_cat-smartwatch","8":"first","9":"instock","10":"shipping-taxable","11":"purchasable","12":"product-type-simple","13":"entry","14":"content-bg","15":"loop-entry"},"_links":{"self":[{"href":"https:\/\/lacuinaproductosyservicios.com\/index.php\/wp-json\/wp\/v2\/product\/692","targetHints":{"allow":["GET"]}}],"collection":[{"href":"https:\/\/lacuinaproductosyservicios.com\/index.php\/wp-json\/wp\/v2\/product"}],"about":[{"href":"https:\/\/lacuinaproductosyservicios.com\/index.php\/wp-json\/wp\/v2\/types\/product"}],"replies":[{"embeddable":true,"href":"https:\/\/lacuinaproductosyservicios.com\/index.php\/wp-json\/wp\/v2\/comments?post=692"}],"wp:featuredmedia":[{"embeddable":true,"href":"https:\/\/lacuinaproductosyservicios.com\/index.php\/wp-json\/wp\/v2\/media\/694"}],"wp:attachment":[{"href":"https:\/\/lacuinaproductosyservicios.com\/index.php\/wp-json\/wp\/v2\/media?parent=692"}],"wp:term":[{"taxonomy":"product_brand","embeddable":true,"href":"https:\/\/lacuinaproductosyservicios.com\/index.php\/wp-json\/wp\/v2\/product_brand?post=692"},{"taxonomy":"product_cat","embeddable":true,"href":"https:\/\/lacuinaproductosyservicios.com\/index.php\/wp-json\/wp\/v2\/product_cat?post=692"},{"taxonomy":"product_tag","embeddable":true,"href":"https:\/\/lacuinaproductosyservicios.com\/index.php\/wp-json\/wp\/v2\/product_tag?post=692"}],"curies":[{"name":"wp","href":"https:\/\/api.w.org\/{rel}","templated":true}]}}