{"id":706,"date":"2025-12-29T21:38:49","date_gmt":"2025-12-29T21:38:49","guid":{"rendered":"https:\/\/lacuinaproductosyservicios.com\/?post_type=product&#038;p=706"},"modified":"2025-12-29T21:40:12","modified_gmt":"2025-12-29T21:40:12","slug":"adaptador-multimedia-amazon-fire-tv-stick-4k","status":"publish","type":"product","link":"https:\/\/lacuinaproductosyservicios.com\/index.php\/producto\/adaptador-multimedia-amazon-fire-tv-stick-4k\/","title":{"rendered":"Adaptador Multimedia Amazon Fire TV Stick 4K"},"content":{"rendered":"<p><b>Transmisi\u00f3n 4K avanzada<\/b><br \/>\nMejora tu entretenimiento con el Fire TV Stick 4K de pr\u00f3xima generaci\u00f3n con rendimiento de transmisi\u00f3n mejorado.<\/p>\n<p><b>Juega juegos de Xbox sin necesidad de una consola<\/b><br \/>\nTransmite Forza Motorsport, Starfield, Palworld y descubre cientos de otros juegos de alta calidad directamente en tu Fire TV Stick 4K con Xbox Game Pass Ultimate a trav\u00e9s de juegos en la nube.<\/p>\n<p><b>La b\u00fasqueda m\u00e1s inteligente comienza aqu\u00ed<\/b><br \/>\nBusca pel\u00edculas por actor, trama e incluso citas ic\u00f3nicas con Fire TV Search con tecnolog\u00eda de IA. Prueba a decir: \u00abAlexa, mu\u00e9strame pel\u00edculas de acci\u00f3n con persecuciones de autos\u00bb.<\/p>\n<p><b>Compatibilidad con Wi-Fi 6<\/b><br \/>\nDisfruta de una transmisi\u00f3n fluida en 4K, incluso cuando otros dispositivos est\u00e9n conectados a tu enrutador.<\/p>\n<p><b>Experiencia cinematogr\u00e1fica<\/b><br \/>\nMira en vibrante 4K Ultra HD con compatibilidad con Dolby Vision, HDR10+ y audio envolvente Dolby Atmos.<\/p>\n<p><b>Entretenimiento sin fin<\/b><br \/>\nTransmite m\u00e1s de 1,5 millones de pel\u00edculas y episodios de TV. Mira tus favoritos de Netflix, Prime Video, Disney+, Max y m\u00e1s. Pueden aplicarse tarifas de suscripci\u00f3n.<\/p>\n<p><b>Transmite gratis<\/b>\u00a0Accede a m\u00e1s de 300.000 pel\u00edculas y episodios de TV gratis desde las populares aplicaciones de transmisi\u00f3n con publicidad, como Fire TV Channels, Amazon Freevee, Tubi y Pluto TV.<\/p>\n<p><b>Control remoto por voz de Alexa<\/b><br \/>\nEncuentra, inicia y controla contenido r\u00e1pidamente con tu voz. Accede a tus aplicaciones favoritas con botones preestablecidos y controla el encendido y el volumen del televisor con un solo control remoto.<\/p>\n<p><b>Haz m\u00e1s con tu hogar inteligente<\/b><br \/>\nControla dispositivos compatibles, como c\u00e1maras, luces y m\u00e1s, con tu control remoto. Presiona y p\u00eddele a Alexa que verifique el clima o aten\u00fae las luces.<\/p>\n<p><b>Incluye:<\/b><br \/>\nFire TV Stick 4K (2\u00aa generaci\u00f3n), control remoto por voz de Alexa, 2 pilas AAA, adaptador de corriente, cable de alimentaci\u00f3n y cable extensor HDMI. Necesita Internet de alta velocidad con wifi y HDTV o 4K HDTV con entrada HDMI.<\/p>\n","protected":false},"excerpt":{"rendered":"<p>Transmisi\u00f3n 4K avanzada Mejora tu entretenimiento con el Fire TV Stick 4K de pr\u00f3xima generaci\u00f3n con rendimiento de transmisi\u00f3n mejorado. Juega juegos de Xbox sin necesidad de una consola Transmite Forza Motorsport, Starfield, Palworld y descubre cientos de otros juegos de alta calidad directamente en tu Fire TV Stick 4K con Xbox Game Pass Ultimate&#8230;<\/p>\n","protected":false},"featured_media":709,"comment_status":"open","ping_status":"closed","template":"","meta":{"_kad_post_transparent":"default","_kad_post_title":"","_kad_post_layout":"default","_kad_post_sidebar_id":"","_kad_post_content_style":"default","_kad_post_vertical_padding":"default","_kad_post_feature":"","_kad_post_feature_position":"","_kad_post_header":false,"_kad_post_footer":false,"_kad_post_classname":""},"product_brand":[],"product_cat":[20],"product_tag":[],"class_list":{"0":"post-706","1":"product","2":"type-product","3":"status-publish","4":"has-post-thumbnail","6":"product_cat-hogar","8":"first","9":"instock","10":"sale","11":"shipping-taxable","12":"purchasable","13":"product-type-simple","14":"entry","15":"content-bg","16":"loop-entry"},"_links":{"self":[{"href":"https:\/\/lacuinaproductosyservicios.com\/index.php\/wp-json\/wp\/v2\/product\/706","targetHints":{"allow":["GET"]}}],"collection":[{"href":"https:\/\/lacuinaproductosyservicios.com\/index.php\/wp-json\/wp\/v2\/product"}],"about":[{"href":"https:\/\/lacuinaproductosyservicios.com\/index.php\/wp-json\/wp\/v2\/types\/product"}],"replies":[{"embeddable":true,"href":"https:\/\/lacuinaproductosyservicios.com\/index.php\/wp-json\/wp\/v2\/comments?post=706"}],"wp:featuredmedia":[{"embeddable":true,"href":"https:\/\/lacuinaproductosyservicios.com\/index.php\/wp-json\/wp\/v2\/media\/709"}],"wp:attachment":[{"href":"https:\/\/lacuinaproductosyservicios.com\/index.php\/wp-json\/wp\/v2\/media?parent=706"}],"wp:term":[{"taxonomy":"product_brand","embeddable":true,"href":"https:\/\/lacuinaproductosyservicios.com\/index.php\/wp-json\/wp\/v2\/product_brand?post=706"},{"taxonomy":"product_cat","embeddable":true,"href":"https:\/\/lacuinaproductosyservicios.com\/index.php\/wp-json\/wp\/v2\/product_cat?post=706"},{"taxonomy":"product_tag","embeddable":true,"href":"https:\/\/lacuinaproductosyservicios.com\/index.php\/wp-json\/wp\/v2\/product_tag?post=706"}],"curies":[{"name":"wp","href":"https:\/\/api.w.org\/{rel}","templated":true}]}}