{"id":712,"date":"2025-12-30T14:04:00","date_gmt":"2025-12-30T14:04:00","guid":{"rendered":"https:\/\/lacuinaproductosyservicios.com\/?post_type=product&#038;p=712"},"modified":"2025-12-30T14:04:00","modified_gmt":"2025-12-30T14:04:00","slug":"microfono-inalambrico-havit-sk851bt","status":"publish","type":"product","link":"https:\/\/lacuinaproductosyservicios.com\/index.php\/producto\/microfono-inalambrico-havit-sk851bt\/","title":{"rendered":"Micr\u00f3fono Inal\u00e1mbrico Havit SK851BT"},"content":{"rendered":"","protected":false},"excerpt":{"rendered":"<p>El micr\u00f3fono karaoke portatil SK851BT de Hativ es vers\u00e1til, permitiendo disfrutar de la diversi\u00f3n del karaoke en cualquier lugar. Conectividad bluetooth, puedes sincronizarlo f\u00e1cilmente con dispositivos Android e iOS para reproducir tu m\u00fasica favorita. Cuenta con una ranura para tarjeta TF tambi\u00e9n, permitiendo reproducir canciones almacenadas en una tarjeta de memoria.<\/p>\n<ul>\n<li><strong>Ideal para:<\/strong>\u00a0Karaokes<\/li>\n<li><strong>Conectividad:<\/strong>\u00a0Bluetooth y TF<\/li>\n<li><strong>Funciones:<\/strong>\u00a0Controlador de volumen y ecualizador incorporado<\/li>\n<li><strong>Compatible con:<\/strong>\u00a0Android e iOS<\/li>\n<\/ul>\n","protected":false},"featured_media":713,"comment_status":"open","ping_status":"closed","template":"","meta":{"_kad_post_transparent":"default","_kad_post_title":"","_kad_post_layout":"default","_kad_post_sidebar_id":"","_kad_post_content_style":"default","_kad_post_vertical_padding":"default","_kad_post_feature":"","_kad_post_feature_position":"","_kad_post_header":false,"_kad_post_footer":false,"_kad_post_classname":""},"product_brand":[],"product_cat":[24],"product_tag":[],"class_list":{"0":"post-712","1":"product","2":"type-product","3":"status-publish","4":"has-post-thumbnail","6":"product_cat-gaming-y-streaming","8":"first","9":"instock","10":"shipping-taxable","11":"purchasable","12":"product-type-simple","13":"entry","14":"content-bg","15":"loop-entry"},"_links":{"self":[{"href":"https:\/\/lacuinaproductosyservicios.com\/index.php\/wp-json\/wp\/v2\/product\/712","targetHints":{"allow":["GET"]}}],"collection":[{"href":"https:\/\/lacuinaproductosyservicios.com\/index.php\/wp-json\/wp\/v2\/product"}],"about":[{"href":"https:\/\/lacuinaproductosyservicios.com\/index.php\/wp-json\/wp\/v2\/types\/product"}],"replies":[{"embeddable":true,"href":"https:\/\/lacuinaproductosyservicios.com\/index.php\/wp-json\/wp\/v2\/comments?post=712"}],"wp:featuredmedia":[{"embeddable":true,"href":"https:\/\/lacuinaproductosyservicios.com\/index.php\/wp-json\/wp\/v2\/media\/713"}],"wp:attachment":[{"href":"https:\/\/lacuinaproductosyservicios.com\/index.php\/wp-json\/wp\/v2\/media?parent=712"}],"wp:term":[{"taxonomy":"product_brand","embeddable":true,"href":"https:\/\/lacuinaproductosyservicios.com\/index.php\/wp-json\/wp\/v2\/product_brand?post=712"},{"taxonomy":"product_cat","embeddable":true,"href":"https:\/\/lacuinaproductosyservicios.com\/index.php\/wp-json\/wp\/v2\/product_cat?post=712"},{"taxonomy":"product_tag","embeddable":true,"href":"https:\/\/lacuinaproductosyservicios.com\/index.php\/wp-json\/wp\/v2\/product_tag?post=712"}],"curies":[{"name":"wp","href":"https:\/\/api.w.org\/{rel}","templated":true}]}}