{"id":718,"date":"2025-12-30T14:20:11","date_gmt":"2025-12-30T14:20:11","guid":{"rendered":"https:\/\/lacuinaproductosyservicios.com\/?post_type=product&#038;p=718"},"modified":"2025-12-30T14:20:11","modified_gmt":"2025-12-30T14:20:11","slug":"scanner-a-scan01","status":"publish","type":"product","link":"https:\/\/lacuinaproductosyservicios.com\/index.php\/producto\/scanner-a-scan01\/","title":{"rendered":"Scanner A-SCAN01"},"content":{"rendered":"<div>\n<div><u><em><strong>\u00a0Lector de C\u00f3digo de Barra A-SCAN01<\/strong><\/em><\/u><\/div>\n<div>-Scanner de C\u00f3digo de Barra 2D<\/div>\n<div>-Con Cable ,Conector USB,<\/div>\n<div>-Sensor CMOS 640*480,<\/div>\n<div>-Velocidad\u00a0 de descodificaci\u00f3n 300escaneo\/Segundo<\/div>\n<\/div>\n<div>\n<div>&#8211; 1D: Puede leer varios tipos de c\u00f3digos de barras unidimensionales, como UPC, EAN y c\u00f3digos 39. Esto incluye c\u00f3digos que se utilizan com\u00fanmente en productos de venta al por menor.<\/div>\n<div>&#8211; 2D: Tambi\u00e9n puede leer c\u00f3digos bidimensionales como QR y PDF417, que son utilizados en aplicaciones m\u00e1s complejas, como entradas digitales y informaci\u00f3n codificada.<\/div>\n<\/div>\n","protected":false},"excerpt":{"rendered":"<p>\u00a0Lector de C\u00f3digo de Barra A-SCAN01 -Scanner de C\u00f3digo de Barra 2D -Con Cable ,Conector USB, -Sensor CMOS 640*480, -Velocidad\u00a0 de descodificaci\u00f3n 300escaneo\/Segundo &#8211; 1D: Puede leer varios tipos de c\u00f3digos de barras unidimensionales, como UPC, EAN y c\u00f3digos 39. Esto incluye c\u00f3digos que se utilizan com\u00fanmente en productos de venta al por menor. &#8211;&#8230;<\/p>\n","protected":false},"featured_media":719,"comment_status":"open","ping_status":"closed","template":"","meta":{"_kad_post_transparent":"default","_kad_post_title":"","_kad_post_layout":"default","_kad_post_sidebar_id":"","_kad_post_content_style":"default","_kad_post_vertical_padding":"default","_kad_post_feature":"","_kad_post_feature_position":"","_kad_post_header":false,"_kad_post_footer":false,"_kad_post_classname":""},"product_brand":[],"product_cat":[16],"product_tag":[],"class_list":{"0":"post-718","1":"product","2":"type-product","3":"status-publish","4":"has-post-thumbnail","6":"product_cat-accesorios","8":"first","9":"instock","10":"shipping-taxable","11":"purchasable","12":"product-type-simple","13":"entry","14":"content-bg","15":"loop-entry"},"_links":{"self":[{"href":"https:\/\/lacuinaproductosyservicios.com\/index.php\/wp-json\/wp\/v2\/product\/718","targetHints":{"allow":["GET"]}}],"collection":[{"href":"https:\/\/lacuinaproductosyservicios.com\/index.php\/wp-json\/wp\/v2\/product"}],"about":[{"href":"https:\/\/lacuinaproductosyservicios.com\/index.php\/wp-json\/wp\/v2\/types\/product"}],"replies":[{"embeddable":true,"href":"https:\/\/lacuinaproductosyservicios.com\/index.php\/wp-json\/wp\/v2\/comments?post=718"}],"wp:featuredmedia":[{"embeddable":true,"href":"https:\/\/lacuinaproductosyservicios.com\/index.php\/wp-json\/wp\/v2\/media\/719"}],"wp:attachment":[{"href":"https:\/\/lacuinaproductosyservicios.com\/index.php\/wp-json\/wp\/v2\/media?parent=718"}],"wp:term":[{"taxonomy":"product_brand","embeddable":true,"href":"https:\/\/lacuinaproductosyservicios.com\/index.php\/wp-json\/wp\/v2\/product_brand?post=718"},{"taxonomy":"product_cat","embeddable":true,"href":"https:\/\/lacuinaproductosyservicios.com\/index.php\/wp-json\/wp\/v2\/product_cat?post=718"},{"taxonomy":"product_tag","embeddable":true,"href":"https:\/\/lacuinaproductosyservicios.com\/index.php\/wp-json\/wp\/v2\/product_tag?post=718"}],"curies":[{"name":"wp","href":"https:\/\/api.w.org\/{rel}","templated":true}]}}