{"id":720,"date":"2025-12-30T14:24:24","date_gmt":"2025-12-30T14:24:24","guid":{"rendered":"https:\/\/lacuinaproductosyservicios.com\/?post_type=product&#038;p=720"},"modified":"2025-12-30T14:24:24","modified_gmt":"2025-12-30T14:24:24","slug":"scanner-a-scan02","status":"publish","type":"product","link":"https:\/\/lacuinaproductosyservicios.com\/index.php\/producto\/scanner-a-scan02\/","title":{"rendered":"Scanner A-SCAN02"},"content":{"rendered":"<div>\n<div><u><em><strong>Scanner de C\u00f3digo de Barra 2D A-SCAN02<\/strong><\/em><\/u><\/div>\n<div>&#8211; 2 Modos en 1 Inal\u00e1mbrico 2.4G Y Cable USB<\/div>\n<div>&#8211; Sensor CMOS 640*480,<\/div>\n<div>&#8211; Velocidad de descodificaci\u00f3n 300escaneo\/Segundo<\/div>\n<div>&#8211; Alcance inalambrico de 60metros<\/div>\n<\/div>\n<div>&#8211; 1D: Puede leer varios tipos de c\u00f3digos de barras unidimensionales, como UPC, EAN y c\u00f3digos 39. Esto incluye c\u00f3digos que se utilizan com\u00fanmente en productos de venta al por menor.<\/div>\n<div>&#8211; 2D: Tambi\u00e9n puede leer c\u00f3digos bidimensionales como QR y PDF417, que son utilizados en aplicaciones m\u00e1s complejas, como entradas digitales y informaci\u00f3n codificada.<\/div>\n","protected":false},"excerpt":{"rendered":"<p>Scanner de C\u00f3digo de Barra 2D A-SCAN02 &#8211; 2 Modos en 1 Inal\u00e1mbrico 2.4G Y Cable USB &#8211; Sensor CMOS 640*480, &#8211; Velocidad de descodificaci\u00f3n 300escaneo\/Segundo &#8211; Alcance inalambrico de 60metros &#8211; 1D: Puede leer varios tipos de c\u00f3digos de barras unidimensionales, como UPC, EAN y c\u00f3digos 39. Esto incluye c\u00f3digos que se utilizan com\u00fanmente&#8230;<\/p>\n","protected":false},"featured_media":721,"comment_status":"open","ping_status":"closed","template":"","meta":{"_kad_post_transparent":"default","_kad_post_title":"","_kad_post_layout":"default","_kad_post_sidebar_id":"","_kad_post_content_style":"default","_kad_post_vertical_padding":"default","_kad_post_feature":"","_kad_post_feature_position":"","_kad_post_header":false,"_kad_post_footer":false,"_kad_post_classname":""},"product_brand":[],"product_cat":[16],"product_tag":[],"class_list":{"0":"post-720","1":"product","2":"type-product","3":"status-publish","4":"has-post-thumbnail","6":"product_cat-accesorios","8":"first","9":"instock","10":"shipping-taxable","11":"purchasable","12":"product-type-simple","13":"entry","14":"content-bg","15":"loop-entry"},"_links":{"self":[{"href":"https:\/\/lacuinaproductosyservicios.com\/index.php\/wp-json\/wp\/v2\/product\/720","targetHints":{"allow":["GET"]}}],"collection":[{"href":"https:\/\/lacuinaproductosyservicios.com\/index.php\/wp-json\/wp\/v2\/product"}],"about":[{"href":"https:\/\/lacuinaproductosyservicios.com\/index.php\/wp-json\/wp\/v2\/types\/product"}],"replies":[{"embeddable":true,"href":"https:\/\/lacuinaproductosyservicios.com\/index.php\/wp-json\/wp\/v2\/comments?post=720"}],"wp:featuredmedia":[{"embeddable":true,"href":"https:\/\/lacuinaproductosyservicios.com\/index.php\/wp-json\/wp\/v2\/media\/721"}],"wp:attachment":[{"href":"https:\/\/lacuinaproductosyservicios.com\/index.php\/wp-json\/wp\/v2\/media?parent=720"}],"wp:term":[{"taxonomy":"product_brand","embeddable":true,"href":"https:\/\/lacuinaproductosyservicios.com\/index.php\/wp-json\/wp\/v2\/product_brand?post=720"},{"taxonomy":"product_cat","embeddable":true,"href":"https:\/\/lacuinaproductosyservicios.com\/index.php\/wp-json\/wp\/v2\/product_cat?post=720"},{"taxonomy":"product_tag","embeddable":true,"href":"https:\/\/lacuinaproductosyservicios.com\/index.php\/wp-json\/wp\/v2\/product_tag?post=720"}],"curies":[{"name":"wp","href":"https:\/\/api.w.org\/{rel}","templated":true}]}}