{"id":727,"date":"2025-12-30T14:45:17","date_gmt":"2025-12-30T14:45:17","guid":{"rendered":"https:\/\/lacuinaproductosyservicios.com\/?post_type=product&#038;p=727"},"modified":"2025-12-30T14:45:17","modified_gmt":"2025-12-30T14:45:17","slug":"mini-balanza-precision-mox-mo-b500-plata-500gr","status":"publish","type":"product","link":"https:\/\/lacuinaproductosyservicios.com\/index.php\/producto\/mini-balanza-precision-mox-mo-b500-plata-500gr\/","title":{"rendered":"Mini Balanza Precisi\u00f3n Mox MO-B500 &#8211; Plata 500gr"},"content":{"rendered":"","protected":false},"excerpt":{"rendered":"<p>La mini balanza Mox MO-B500 pesa unidades como; gramo, onza, quilate y grain. Posee indicador de bater\u00eda baja y sobrepeso y se apaga autom\u00e1ticamente despu\u00e9s de 30 segundos si no est\u00e1 midiendo. Es ideal para pesar joyas. Requiere de dos\u00a0<span data-pb-style=\"6248F6C44204C\">2 pilas AAA para el funcionamiento.\u00a0<\/span><\/p>\n<ul>\n<li><strong>Dise\u00f1o:<\/strong>\u00a0Compacto<\/li>\n<li><strong>Pantalla:<\/strong>\u00a0LCD con iluminaci\u00f3n interna<\/li>\n<li><strong>Funciones de peso:<\/strong>\u00a0Gramo, onza, quilate y grain<\/li>\n<li><strong>Ideal para:<\/strong>\u00a0Pesar joyas<\/li>\n<li><strong>Capacidad:<\/strong>\u00a0500gr<\/li>\n<\/ul>\n","protected":false},"featured_media":728,"comment_status":"open","ping_status":"closed","template":"","meta":{"_kad_post_transparent":"default","_kad_post_title":"","_kad_post_layout":"default","_kad_post_sidebar_id":"","_kad_post_content_style":"default","_kad_post_vertical_padding":"default","_kad_post_feature":"","_kad_post_feature_position":"","_kad_post_header":false,"_kad_post_footer":false,"_kad_post_classname":""},"product_brand":[],"product_cat":[16],"product_tag":[],"class_list":{"0":"post-727","1":"product","2":"type-product","3":"status-publish","4":"has-post-thumbnail","6":"product_cat-accesorios","8":"first","9":"instock","10":"shipping-taxable","11":"purchasable","12":"product-type-simple","13":"entry","14":"content-bg","15":"loop-entry"},"_links":{"self":[{"href":"https:\/\/lacuinaproductosyservicios.com\/index.php\/wp-json\/wp\/v2\/product\/727","targetHints":{"allow":["GET"]}}],"collection":[{"href":"https:\/\/lacuinaproductosyservicios.com\/index.php\/wp-json\/wp\/v2\/product"}],"about":[{"href":"https:\/\/lacuinaproductosyservicios.com\/index.php\/wp-json\/wp\/v2\/types\/product"}],"replies":[{"embeddable":true,"href":"https:\/\/lacuinaproductosyservicios.com\/index.php\/wp-json\/wp\/v2\/comments?post=727"}],"wp:featuredmedia":[{"embeddable":true,"href":"https:\/\/lacuinaproductosyservicios.com\/index.php\/wp-json\/wp\/v2\/media\/728"}],"wp:attachment":[{"href":"https:\/\/lacuinaproductosyservicios.com\/index.php\/wp-json\/wp\/v2\/media?parent=727"}],"wp:term":[{"taxonomy":"product_brand","embeddable":true,"href":"https:\/\/lacuinaproductosyservicios.com\/index.php\/wp-json\/wp\/v2\/product_brand?post=727"},{"taxonomy":"product_cat","embeddable":true,"href":"https:\/\/lacuinaproductosyservicios.com\/index.php\/wp-json\/wp\/v2\/product_cat?post=727"},{"taxonomy":"product_tag","embeddable":true,"href":"https:\/\/lacuinaproductosyservicios.com\/index.php\/wp-json\/wp\/v2\/product_tag?post=727"}],"curies":[{"name":"wp","href":"https:\/\/api.w.org\/{rel}","templated":true}]}}