{"id":733,"date":"2025-12-30T15:26:18","date_gmt":"2025-12-30T15:26:18","guid":{"rendered":"https:\/\/lacuinaproductosyservicios.com\/?post_type=product&#038;p=733"},"modified":"2025-12-30T15:26:18","modified_gmt":"2025-12-30T15:26:18","slug":"jbl-quantum-50-audifonos-gamer-multiplataforma","status":"publish","type":"product","link":"https:\/\/lacuinaproductosyservicios.com\/index.php\/producto\/jbl-quantum-50-audifonos-gamer-multiplataforma\/","title":{"rendered":"JBL Quantum 50 Aud\u00edfonos Gamer Multiplataforma"},"content":{"rendered":"<p>JBL QuantumSOUND<\/p>\n<p>Con controladores de 8,6 mm impulsados \u200b\u200bpor JBL QuantumSOUND Signature, escuche enemigos (y amigos) como nunca antes. L\u00e1nzate a otro mundo de juegos m\u00f3viles. Recoge los detalles de sonido m\u00e1s peque\u00f1os. Juega para dominar.<\/p>\n<p>Micr\u00f3fono de enfoque de voz integrado<\/p>\n<p>Optimizado para juegos multijugador. El micr\u00f3fono est\u00e1 cerca de la boca y separado de los otros controles, lo que le brinda una captaci\u00f3n de voz superior.<\/p>\n<p>&nbsp;<\/p>\n<p>&nbsp;<\/p>\n","protected":false},"excerpt":{"rendered":"<p>JBL QuantumSOUND Con controladores de 8,6 mm impulsados \u200b\u200bpor JBL QuantumSOUND Signature, escuche enemigos (y amigos) como nunca antes. L\u00e1nzate a otro mundo de juegos m\u00f3viles. Recoge los detalles de sonido m\u00e1s peque\u00f1os. Juega para dominar. Micr\u00f3fono de enfoque de voz integrado Optimizado para juegos multijugador. El micr\u00f3fono est\u00e1 cerca de la boca y separado&#8230;<\/p>\n","protected":false},"featured_media":734,"comment_status":"open","ping_status":"closed","template":"","meta":{"_kad_post_transparent":"default","_kad_post_title":"","_kad_post_layout":"default","_kad_post_sidebar_id":"","_kad_post_content_style":"default","_kad_post_vertical_padding":"default","_kad_post_feature":"","_kad_post_feature_position":"","_kad_post_header":false,"_kad_post_footer":false,"_kad_post_classname":""},"product_brand":[],"product_cat":[27,24],"product_tag":[],"class_list":{"0":"post-733","1":"product","2":"type-product","3":"status-publish","4":"has-post-thumbnail","6":"product_cat-auriculares","7":"product_cat-gaming-y-streaming","9":"first","10":"instock","11":"shipping-taxable","12":"purchasable","13":"product-type-simple","14":"entry","15":"content-bg","16":"loop-entry"},"_links":{"self":[{"href":"https:\/\/lacuinaproductosyservicios.com\/index.php\/wp-json\/wp\/v2\/product\/733","targetHints":{"allow":["GET"]}}],"collection":[{"href":"https:\/\/lacuinaproductosyservicios.com\/index.php\/wp-json\/wp\/v2\/product"}],"about":[{"href":"https:\/\/lacuinaproductosyservicios.com\/index.php\/wp-json\/wp\/v2\/types\/product"}],"replies":[{"embeddable":true,"href":"https:\/\/lacuinaproductosyservicios.com\/index.php\/wp-json\/wp\/v2\/comments?post=733"}],"wp:featuredmedia":[{"embeddable":true,"href":"https:\/\/lacuinaproductosyservicios.com\/index.php\/wp-json\/wp\/v2\/media\/734"}],"wp:attachment":[{"href":"https:\/\/lacuinaproductosyservicios.com\/index.php\/wp-json\/wp\/v2\/media?parent=733"}],"wp:term":[{"taxonomy":"product_brand","embeddable":true,"href":"https:\/\/lacuinaproductosyservicios.com\/index.php\/wp-json\/wp\/v2\/product_brand?post=733"},{"taxonomy":"product_cat","embeddable":true,"href":"https:\/\/lacuinaproductosyservicios.com\/index.php\/wp-json\/wp\/v2\/product_cat?post=733"},{"taxonomy":"product_tag","embeddable":true,"href":"https:\/\/lacuinaproductosyservicios.com\/index.php\/wp-json\/wp\/v2\/product_tag?post=733"}],"curies":[{"name":"wp","href":"https:\/\/api.w.org\/{rel}","templated":true}]}}