{"id":743,"date":"2025-12-30T16:31:39","date_gmt":"2025-12-30T16:31:39","guid":{"rendered":"https:\/\/lacuinaproductosyservicios.com\/?post_type=product&#038;p=743"},"modified":"2025-12-30T16:31:40","modified_gmt":"2025-12-30T16:31:40","slug":"speaker-amazon-echo-dot-alexa-smart-5th-gen","status":"publish","type":"product","link":"https:\/\/lacuinaproductosyservicios.com\/index.php\/producto\/speaker-amazon-echo-dot-alexa-smart-5th-gen\/","title":{"rendered":"Speaker Amazon Echo Dot Alexa Smart 5th Gen"},"content":{"rendered":"<h2>Tama\u00f1o peque\u00f1o, grandes posibilidades<\/h2>\n<p>El parlante inteligente m\u00e1s popular cuenta con un dise\u00f1o estilizado y audio mejorado para producir un sonido vibrante en cualquier lugar de tu casa. Usa el Echo Dot para mantenerte al d\u00eda con la ayuda de Alexa, controlar dispositivos de Smart Home e iniciar rutinas por movimiento.<\/p>\n<p>Este Echo Dot tiene un parlante con calidad de audio mejorada, voces m\u00e1s n\u00edtidas y graves m\u00e1s profundos para que el sonido sea intenso y vibrante. Solo p\u00eddele a Alexa que ponga m\u00fasica, podcasts y audiolibros para disfrutar de una experiencia de audio din\u00e1mica en cualquier lugar de tu casa.<\/p>\n","protected":false},"excerpt":{"rendered":"<ul>\n<li><strong>Dise\u00f1o:<\/strong>\u00a0Elegante y compacto<\/li>\n<li><strong>Control por voz:<\/strong>\u00a0Reproduce m\u00fasicas en l\u00ednea y controla tu hogar inteligente<\/li>\n<li><strong>Conectividad inal\u00e1mbrica:\u00a0<\/strong>Wi-Fi y Bluetooth<\/li>\n<li><strong>Dise\u00f1ado para:<\/strong>\u00a0Proteger tu privacidad<\/li>\n<li><strong>Incorpora:\u00a0<\/strong>Alexa<\/li>\n<\/ul>\n","protected":false},"featured_media":744,"comment_status":"open","ping_status":"closed","template":"","meta":{"_kad_post_transparent":"default","_kad_post_title":"","_kad_post_layout":"default","_kad_post_sidebar_id":"","_kad_post_content_style":"default","_kad_post_vertical_padding":"default","_kad_post_feature":"","_kad_post_feature_position":"","_kad_post_header":false,"_kad_post_footer":false,"_kad_post_classname":""},"product_brand":[],"product_cat":[21],"product_tag":[],"class_list":{"0":"post-743","1":"product","2":"type-product","3":"status-publish","4":"has-post-thumbnail","6":"product_cat-speakers","8":"first","9":"instock","10":"sale","11":"shipping-taxable","12":"purchasable","13":"product-type-simple","14":"entry","15":"content-bg","16":"loop-entry"},"_links":{"self":[{"href":"https:\/\/lacuinaproductosyservicios.com\/index.php\/wp-json\/wp\/v2\/product\/743","targetHints":{"allow":["GET"]}}],"collection":[{"href":"https:\/\/lacuinaproductosyservicios.com\/index.php\/wp-json\/wp\/v2\/product"}],"about":[{"href":"https:\/\/lacuinaproductosyservicios.com\/index.php\/wp-json\/wp\/v2\/types\/product"}],"replies":[{"embeddable":true,"href":"https:\/\/lacuinaproductosyservicios.com\/index.php\/wp-json\/wp\/v2\/comments?post=743"}],"wp:featuredmedia":[{"embeddable":true,"href":"https:\/\/lacuinaproductosyservicios.com\/index.php\/wp-json\/wp\/v2\/media\/744"}],"wp:attachment":[{"href":"https:\/\/lacuinaproductosyservicios.com\/index.php\/wp-json\/wp\/v2\/media?parent=743"}],"wp:term":[{"taxonomy":"product_brand","embeddable":true,"href":"https:\/\/lacuinaproductosyservicios.com\/index.php\/wp-json\/wp\/v2\/product_brand?post=743"},{"taxonomy":"product_cat","embeddable":true,"href":"https:\/\/lacuinaproductosyservicios.com\/index.php\/wp-json\/wp\/v2\/product_cat?post=743"},{"taxonomy":"product_tag","embeddable":true,"href":"https:\/\/lacuinaproductosyservicios.com\/index.php\/wp-json\/wp\/v2\/product_tag?post=743"}],"curies":[{"name":"wp","href":"https:\/\/api.w.org\/{rel}","templated":true}]}}