{"id":752,"date":"2025-12-30T19:08:11","date_gmt":"2025-12-30T19:08:11","guid":{"rendered":"https:\/\/lacuinaproductosyservicios.com\/?post_type=product&#038;p=752"},"modified":"2025-12-30T19:08:11","modified_gmt":"2025-12-30T19:08:11","slug":"auricular-imilab-imiki-t12-se-bluetooth","status":"publish","type":"product","link":"https:\/\/lacuinaproductosyservicios.com\/index.php\/producto\/auricular-imilab-imiki-t12-se-bluetooth\/","title":{"rendered":"Auricular Imilab Imiki T12 SE Bluetooth"},"content":{"rendered":"<p>Los Auriculares Imilab Imiki T12 SE Bluetooth ofrecen un dise\u00f1o ultraligero y compacto con un ajuste estilo media oreja para m\u00e1xima comodidad durante todo el d\u00eda. Equipados con tecnolog\u00eda Bluetooth 5.3, proporcionan conexi\u00f3n estable y c\u00f3decs AAC y SBC para un audio claro y envolvente. Su bater\u00eda permite hasta 4,5 horas de uso continuo, extendi\u00e9ndose a 18 horas con el estuche de carga, que se recarga en solo 1 hora. Incorporan control t\u00e1ctil intuitivo, unidad de transmisi\u00f3n con diafragma compuesto de 13 mm para un sonido potente, y un innovador m\u00e9todo de extracci\u00f3n r\u00e1pida para facilidad de uso. Son ideales para quienes buscan auriculares confiables, livianos y con gran autonom\u00eda.<\/p>\n<p><strong>Caracter\u00edsticas<\/strong><\/p>\n<ul>\n<li>Tipo de ajuste: Estilo media oreja<\/li>\n<li>Bluetooth: Versi\u00f3n 5.3<\/li>\n<li>C\u00f3decs compatibles: AAC, SBC<\/li>\n<li>Duraci\u00f3n bater\u00eda: Auriculares: 4,5 horas de reproducci\u00f3n continua \/ estuche + auriculares: hasta 18 horas en total<\/li>\n<li>Capacidad bater\u00eda: Auriculares: 28 mAh \/ estuche de carga: 200 mAh<\/li>\n<li>Tiempo de carga: Auriculares: 1 hora \/ estuche: 1 hora<\/li>\n<li>Peso: Auricular: 3,5 g \/ estuche: 26,5 g<\/li>\n<li>Unidad de transmisi\u00f3n: Bobina din\u00e1mica de cobre aut\u00e9ntico de 13 mm con diafragma compuesto<\/li>\n<li>Potencia del altavoz: 2 mW &#8211; 5 mW<\/li>\n<\/ul>\n","protected":false},"excerpt":{"rendered":"<ul>\n<li><span dir=\"ltr\" lang=\"es-MX\"><strong>Dise\u00f1o:<\/strong>\u00a0Compacto y liviano<\/span><\/li>\n<li><strong>Conectividad:<\/strong>\u00a0Bluetooth 5.3<\/li>\n<li><strong>Micr\u00f3fono:\u00a0<\/strong>Integrado<\/li>\n<li><strong>Distancia de transmisi\u00f3n:<\/strong>\u00a0Hasta 10 metros aprox.<\/li>\n<li><strong>Interfaz de carga:<\/strong>\u00a0USB Tipo-C<\/li>\n<li><span><span dir=\"ltr\" lang=\"es-MX\"><strong>Duraci\u00f3n de la bater\u00eda:\u00a0<\/strong><\/span><span dir=\"ltr\" lang=\"es-MX\">Hasta 4.5hs auriculares (18hs con estuche de carga)<\/span><\/span><\/li>\n<\/ul>\n","protected":false},"featured_media":753,"comment_status":"open","ping_status":"closed","template":"","meta":{"_kad_post_transparent":"default","_kad_post_title":"","_kad_post_layout":"default","_kad_post_sidebar_id":"","_kad_post_content_style":"default","_kad_post_vertical_padding":"default","_kad_post_feature":"","_kad_post_feature_position":"","_kad_post_header":false,"_kad_post_footer":false,"_kad_post_classname":""},"product_brand":[],"product_cat":[27],"product_tag":[],"class_list":{"0":"post-752","1":"product","2":"type-product","3":"status-publish","4":"has-post-thumbnail","6":"product_cat-auriculares","8":"first","9":"instock","10":"shipping-taxable","11":"purchasable","12":"product-type-simple","13":"entry","14":"content-bg","15":"loop-entry"},"_links":{"self":[{"href":"https:\/\/lacuinaproductosyservicios.com\/index.php\/wp-json\/wp\/v2\/product\/752","targetHints":{"allow":["GET"]}}],"collection":[{"href":"https:\/\/lacuinaproductosyservicios.com\/index.php\/wp-json\/wp\/v2\/product"}],"about":[{"href":"https:\/\/lacuinaproductosyservicios.com\/index.php\/wp-json\/wp\/v2\/types\/product"}],"replies":[{"embeddable":true,"href":"https:\/\/lacuinaproductosyservicios.com\/index.php\/wp-json\/wp\/v2\/comments?post=752"}],"wp:featuredmedia":[{"embeddable":true,"href":"https:\/\/lacuinaproductosyservicios.com\/index.php\/wp-json\/wp\/v2\/media\/753"}],"wp:attachment":[{"href":"https:\/\/lacuinaproductosyservicios.com\/index.php\/wp-json\/wp\/v2\/media?parent=752"}],"wp:term":[{"taxonomy":"product_brand","embeddable":true,"href":"https:\/\/lacuinaproductosyservicios.com\/index.php\/wp-json\/wp\/v2\/product_brand?post=752"},{"taxonomy":"product_cat","embeddable":true,"href":"https:\/\/lacuinaproductosyservicios.com\/index.php\/wp-json\/wp\/v2\/product_cat?post=752"},{"taxonomy":"product_tag","embeddable":true,"href":"https:\/\/lacuinaproductosyservicios.com\/index.php\/wp-json\/wp\/v2\/product_tag?post=752"}],"curies":[{"name":"wp","href":"https:\/\/api.w.org\/{rel}","templated":true}]}}