{"id":760,"date":"2025-12-30T19:28:56","date_gmt":"2025-12-30T19:28:56","guid":{"rendered":"https:\/\/lacuinaproductosyservicios.com\/?post_type=product&#038;p=760"},"modified":"2025-12-30T19:30:18","modified_gmt":"2025-12-30T19:30:18","slug":"gaming-vibration-headset-ca-h-mic","status":"publish","type":"product","link":"https:\/\/lacuinaproductosyservicios.com\/index.php\/producto\/gaming-vibration-headset-ca-h-mic\/","title":{"rendered":"GAMING VIBRATION HEADSET CA-H-MIC"},"content":{"rendered":"<p>Auriculares Gaming Samurai Series Edition<\/p>\n<p>Potente vibraci\u00f3n para juegos<\/p>\n<p>Aislamiento de sonido externo<\/p>\n<p>Efecto de iluminaci\u00f3n LED multicolor en copa y micr\u00f3fono<\/p>\n<p>Copa completa ultra acolchonada<\/p>\n<p>Banda ancha ajustable y c\u00f3moda almohadilla de protecci\u00f3n<\/p>\n<p>Micr\u00f3fono omnidireccional incorporado con funda transparente protectora<\/p>\n<p>Cable trenzado resistente de 2 metros de largo<\/p>\n<p>Entrada conector USB<\/p>\n<p>Sonido envolvente de alta calidad<\/p>\n<p>Compatible con PC y \u00a0MAC.<\/p>\n","protected":false},"excerpt":{"rendered":"<p>Auriculares Gaming Samurai Series Edition Potente vibraci\u00f3n para juegos Aislamiento de sonido externo Efecto de iluminaci\u00f3n LED multicolor en copa y micr\u00f3fono Copa completa ultra acolchonada Banda ancha ajustable y c\u00f3moda almohadilla de protecci\u00f3n Micr\u00f3fono omnidireccional incorporado con funda transparente protectora Cable trenzado resistente de 2 metros de largo Entrada conector USB Sonido envolvente de&#8230;<\/p>\n","protected":false},"featured_media":761,"comment_status":"open","ping_status":"closed","template":"","meta":{"_kad_post_transparent":"default","_kad_post_title":"","_kad_post_layout":"default","_kad_post_sidebar_id":"","_kad_post_content_style":"default","_kad_post_vertical_padding":"default","_kad_post_feature":"","_kad_post_feature_position":"","_kad_post_header":false,"_kad_post_footer":false,"_kad_post_classname":""},"product_brand":[],"product_cat":[27,24],"product_tag":[],"class_list":{"0":"post-760","1":"product","2":"type-product","3":"status-publish","4":"has-post-thumbnail","6":"product_cat-auriculares","7":"product_cat-gaming-y-streaming","9":"first","10":"instock","11":"sale","12":"shipping-taxable","13":"purchasable","14":"product-type-simple","15":"entry","16":"content-bg","17":"loop-entry"},"_links":{"self":[{"href":"https:\/\/lacuinaproductosyservicios.com\/index.php\/wp-json\/wp\/v2\/product\/760","targetHints":{"allow":["GET"]}}],"collection":[{"href":"https:\/\/lacuinaproductosyservicios.com\/index.php\/wp-json\/wp\/v2\/product"}],"about":[{"href":"https:\/\/lacuinaproductosyservicios.com\/index.php\/wp-json\/wp\/v2\/types\/product"}],"replies":[{"embeddable":true,"href":"https:\/\/lacuinaproductosyservicios.com\/index.php\/wp-json\/wp\/v2\/comments?post=760"}],"wp:featuredmedia":[{"embeddable":true,"href":"https:\/\/lacuinaproductosyservicios.com\/index.php\/wp-json\/wp\/v2\/media\/761"}],"wp:attachment":[{"href":"https:\/\/lacuinaproductosyservicios.com\/index.php\/wp-json\/wp\/v2\/media?parent=760"}],"wp:term":[{"taxonomy":"product_brand","embeddable":true,"href":"https:\/\/lacuinaproductosyservicios.com\/index.php\/wp-json\/wp\/v2\/product_brand?post=760"},{"taxonomy":"product_cat","embeddable":true,"href":"https:\/\/lacuinaproductosyservicios.com\/index.php\/wp-json\/wp\/v2\/product_cat?post=760"},{"taxonomy":"product_tag","embeddable":true,"href":"https:\/\/lacuinaproductosyservicios.com\/index.php\/wp-json\/wp\/v2\/product_tag?post=760"}],"curies":[{"name":"wp","href":"https:\/\/api.w.org\/{rel}","templated":true}]}}