{"id":777,"date":"2026-01-05T20:48:19","date_gmt":"2026-01-05T20:48:19","guid":{"rendered":"https:\/\/lacuinaproductosyservicios.com\/?post_type=product&#038;p=777"},"modified":"2026-01-05T22:30:15","modified_gmt":"2026-01-05T22:30:15","slug":"bomba-de-aire-electrica-inalambrica-recargable-wolulu-as-50965","status":"publish","type":"product","link":"https:\/\/lacuinaproductosyservicios.com\/index.php\/producto\/bomba-de-aire-electrica-inalambrica-recargable-wolulu-as-50965\/","title":{"rendered":"Bomba de aire el\u00e9ctrica inal\u00e1mbrica recargable Wolulu AS-50965"},"content":{"rendered":"<p><span dir=\"auto\">-La bomba de inflado para autom\u00f3vil Wolulu AS-50965 es un compresor de aire compacto y port\u00e1til dise\u00f1ado para inflar f\u00e1cilmente neum\u00e1ticos y otros art\u00edculos inflables.<\/span><br \/>\n<span dir=\"auto\">-Ligero y port\u00e1til, lo que lo hace ideal para guardarlo en su autom\u00f3vil para emergencias o uso regular.<\/span><br \/>\n<span dir=\"auto\">-Equipado con un man\u00f3metro transparente para monitorear el proceso de inflado con precisi\u00f3n, asegurando que alcance el nivel de presi\u00f3n deseado.<\/span><br \/>\n<span dir=\"auto\">-Viene con una manguera duradera y flexible para una f\u00e1cil conexi\u00f3n a varias v\u00e1lvulas de neum\u00e1ticos o art\u00edculos inflables.<\/span><br \/>\n<span dir=\"auto\">-Adecuado para neum\u00e1ticos de autom\u00f3vil, neum\u00e1ticos de motocicleta, neum\u00e1ticos de bicicleta y otros inflables como pelotas deportivas o peque\u00f1os colchones de aire.<\/span><br \/>\n<span dir=\"auto\">-Dise\u00f1o plug-and-play, que le permite conectarlo a la toma de corriente del autom\u00f3vil o una fuente de alimentaci\u00f3n compatible y comenzar a inflar de inmediato. -La<\/span><br \/>\n<span dir=\"auto\">construcci\u00f3n robusta garantiza un rendimiento confiable a lo largo del tiempo, incluso con un uso frecuente.<\/span><br \/>\n<span dir=\"auto\">-Inflado de neum\u00e1ticos de autom\u00f3vil<\/span><br \/>\n<span dir=\"auto\">-Inflado de neum\u00e1ticos de emergencia en la carretera -Inflado<\/span><br \/>\n<span dir=\"auto\">de uso general para bicicletas, equipos deportivos y m\u00e1s.<\/span><br \/>\n<span dir=\"auto\">-C\u00f3digo de barras: 8388777509653<\/span><\/p>\n<p><strong><span dir=\"auto\">*NB Cantidad de cajas para pedidos al por mayor: 60 piezas<\/span><\/strong><\/p>\n<p><span dir=\"auto\">Peso del paquete: 516 g<\/span><\/p>\n<p><span dir=\"auto\">Dimensiones del paquete: 11 cm x 6 cm x 21 cm<\/span><\/p>\n<p><span dir=\"auto\">El paquete incluye:<\/span><\/p>\n<p><span dir=\"auto\">1 x Bomba de neum\u00e1ticos<\/span><br \/>\n<span dir=\"auto\">1 x Manual<\/span><br \/>\n<span dir=\"auto\">1 x Cable USB tipo C<\/span><\/p>\n","protected":false},"excerpt":{"rendered":"<p>-La bomba de inflado para autom\u00f3vil Wolulu AS-50965 es un compresor de aire compacto y port\u00e1til dise\u00f1ado para inflar f\u00e1cilmente neum\u00e1ticos y otros art\u00edculos inflables. -Ligero y port\u00e1til, lo que lo hace ideal para guardarlo en su autom\u00f3vil para emergencias o uso regular. -Equipado con un man\u00f3metro transparente para monitorear el proceso de inflado con&#8230;<\/p>\n","protected":false},"featured_media":778,"comment_status":"open","ping_status":"closed","template":"","meta":{"_kad_post_transparent":"default","_kad_post_title":"","_kad_post_layout":"default","_kad_post_sidebar_id":"","_kad_post_content_style":"default","_kad_post_vertical_padding":"default","_kad_post_feature":"","_kad_post_feature_position":"","_kad_post_header":false,"_kad_post_footer":false,"_kad_post_classname":""},"product_brand":[],"product_cat":[16],"product_tag":[],"class_list":{"0":"post-777","1":"product","2":"type-product","3":"status-publish","4":"has-post-thumbnail","6":"product_cat-accesorios","8":"first","9":"instock","10":"shipping-taxable","11":"purchasable","12":"product-type-simple","13":"entry","14":"content-bg","15":"loop-entry"},"_links":{"self":[{"href":"https:\/\/lacuinaproductosyservicios.com\/index.php\/wp-json\/wp\/v2\/product\/777","targetHints":{"allow":["GET"]}}],"collection":[{"href":"https:\/\/lacuinaproductosyservicios.com\/index.php\/wp-json\/wp\/v2\/product"}],"about":[{"href":"https:\/\/lacuinaproductosyservicios.com\/index.php\/wp-json\/wp\/v2\/types\/product"}],"replies":[{"embeddable":true,"href":"https:\/\/lacuinaproductosyservicios.com\/index.php\/wp-json\/wp\/v2\/comments?post=777"}],"wp:featuredmedia":[{"embeddable":true,"href":"https:\/\/lacuinaproductosyservicios.com\/index.php\/wp-json\/wp\/v2\/media\/778"}],"wp:attachment":[{"href":"https:\/\/lacuinaproductosyservicios.com\/index.php\/wp-json\/wp\/v2\/media?parent=777"}],"wp:term":[{"taxonomy":"product_brand","embeddable":true,"href":"https:\/\/lacuinaproductosyservicios.com\/index.php\/wp-json\/wp\/v2\/product_brand?post=777"},{"taxonomy":"product_cat","embeddable":true,"href":"https:\/\/lacuinaproductosyservicios.com\/index.php\/wp-json\/wp\/v2\/product_cat?post=777"},{"taxonomy":"product_tag","embeddable":true,"href":"https:\/\/lacuinaproductosyservicios.com\/index.php\/wp-json\/wp\/v2\/product_tag?post=777"}],"curies":[{"name":"wp","href":"https:\/\/api.w.org\/{rel}","templated":true}]}}