{"id":782,"date":"2026-01-06T13:05:25","date_gmt":"2026-01-06T13:05:25","guid":{"rendered":"https:\/\/lacuinaproductosyservicios.com\/?post_type=product&#038;p=782"},"modified":"2026-01-06T13:05:26","modified_gmt":"2026-01-06T13:05:26","slug":"control-ps4-con-diseno-playstation-generico","status":"publish","type":"product","link":"https:\/\/lacuinaproductosyservicios.com\/index.php\/producto\/control-ps4-con-diseno-playstation-generico\/","title":{"rendered":"Control PS4 Con Dise\u00f1o PLAYSTATION GENERICO"},"content":{"rendered":"<p data-start=\"539\" data-end=\"855\">El\u00a0<strong data-start=\"571\" data-end=\"620\">control inal\u00e1mbrico Sony DualShock 4 para PS4<\/strong> ofrece precisi\u00f3n, comodidad y tecnolog\u00eda avanzada para una experiencia de juego superior. Su dise\u00f1o ergon\u00f3mico y su distribuci\u00f3n de botones optimizada permiten un agarre c\u00f3modo incluso en largas sesiones de juego.<\/p>\n<p data-start=\"857\" data-end=\"1162\">Cuenta con un\u00a0<strong data-start=\"871\" data-end=\"893\">touchpad integrado<\/strong>, que a\u00f1ade nuevas formas de interacci\u00f3n en los juegos, y un\u00a0<strong data-start=\"954\" data-end=\"1008\">sensor de movimiento con giroscopio y aceler\u00f3metro<\/strong>, que mejora la respuesta en t\u00edtulos compatibles. Su\u00a0<strong data-start=\"1061\" data-end=\"1106\">conectividad Bluetooth y puerto micro USB<\/strong>\u00a0permiten jugar sin cables o cargarlo mientras se usa.<\/p>\n<p data-start=\"1164\" data-end=\"1358\" data-is-last-node=\"\" data-is-only-node=\"\">Adem\u00e1s de ser el complemento ideal para\u00a0<strong data-start=\"1204\" data-end=\"1221\">PlayStation 4<\/strong>, el\u00a0<strong data-start=\"1226\" data-end=\"1241\">DualShock 4<\/strong>\u00a0es compatible con\u00a0<strong data-start=\"1260\" data-end=\"1266\">PC<\/strong>, brindando una opci\u00f3n vers\u00e1til para quienes buscan un control preciso y con gran respuesta.<\/p>\n","protected":false},"excerpt":{"rendered":"<p>El\u00a0control inal\u00e1mbrico Sony DualShock 4 para PS4 ofrece precisi\u00f3n, comodidad y tecnolog\u00eda avanzada para una experiencia de juego superior. Su dise\u00f1o ergon\u00f3mico y su distribuci\u00f3n de botones optimizada permiten un agarre c\u00f3modo incluso en largas sesiones de juego. Cuenta con un\u00a0touchpad integrado, que a\u00f1ade nuevas formas de interacci\u00f3n en los juegos, y un\u00a0sensor de movimiento&#8230;<\/p>\n","protected":false},"featured_media":783,"comment_status":"open","ping_status":"closed","template":"","meta":{"_kad_post_transparent":"default","_kad_post_title":"","_kad_post_layout":"default","_kad_post_sidebar_id":"","_kad_post_content_style":"default","_kad_post_vertical_padding":"default","_kad_post_feature":"","_kad_post_feature_position":"","_kad_post_header":false,"_kad_post_footer":false,"_kad_post_classname":""},"product_brand":[],"product_cat":[24],"product_tag":[],"class_list":{"0":"post-782","1":"product","2":"type-product","3":"status-publish","4":"has-post-thumbnail","6":"product_cat-gaming-y-streaming","8":"first","9":"instock","10":"shipping-taxable","11":"purchasable","12":"product-type-simple","13":"entry","14":"content-bg","15":"loop-entry"},"_links":{"self":[{"href":"https:\/\/lacuinaproductosyservicios.com\/index.php\/wp-json\/wp\/v2\/product\/782","targetHints":{"allow":["GET"]}}],"collection":[{"href":"https:\/\/lacuinaproductosyservicios.com\/index.php\/wp-json\/wp\/v2\/product"}],"about":[{"href":"https:\/\/lacuinaproductosyservicios.com\/index.php\/wp-json\/wp\/v2\/types\/product"}],"replies":[{"embeddable":true,"href":"https:\/\/lacuinaproductosyservicios.com\/index.php\/wp-json\/wp\/v2\/comments?post=782"}],"wp:featuredmedia":[{"embeddable":true,"href":"https:\/\/lacuinaproductosyservicios.com\/index.php\/wp-json\/wp\/v2\/media\/783"}],"wp:attachment":[{"href":"https:\/\/lacuinaproductosyservicios.com\/index.php\/wp-json\/wp\/v2\/media?parent=782"}],"wp:term":[{"taxonomy":"product_brand","embeddable":true,"href":"https:\/\/lacuinaproductosyservicios.com\/index.php\/wp-json\/wp\/v2\/product_brand?post=782"},{"taxonomy":"product_cat","embeddable":true,"href":"https:\/\/lacuinaproductosyservicios.com\/index.php\/wp-json\/wp\/v2\/product_cat?post=782"},{"taxonomy":"product_tag","embeddable":true,"href":"https:\/\/lacuinaproductosyservicios.com\/index.php\/wp-json\/wp\/v2\/product_tag?post=782"}],"curies":[{"name":"wp","href":"https:\/\/api.w.org\/{rel}","templated":true}]}}