{"id":797,"date":"2026-01-06T14:22:28","date_gmt":"2026-01-06T14:22:28","guid":{"rendered":"https:\/\/lacuinaproductosyservicios.com\/?post_type=product&#038;p=797"},"modified":"2026-01-06T14:22:28","modified_gmt":"2026-01-06T14:22:28","slug":"consola-sup-game-box-retro-400-en-1","status":"publish","type":"product","link":"https:\/\/lacuinaproductosyservicios.com\/index.php\/producto\/consola-sup-game-box-retro-400-en-1\/","title":{"rendered":"Consola Sup Game Box Retro 400 en 1"},"content":{"rendered":"<p>Sum\u00e9rgete en un mundo de 400 juegos cl\u00e1sicos integrados con un tama\u00f1o peque\u00f1o y ligero. Ideal para viajes o regalo perfecto para ni\u00f1os, amantes de los juegos retro, coleccionistas. Ofrece pantalla TFT en color de alta definici\u00f3n de 3.0 pulgadas, transmisi\u00f3n de imagen precisa. Aproximadamente 6 horas de reproducci\u00f3n continua despu\u00e9s de una carga completa.<\/p>\n<ul>\n<li><strong>Dise\u00f1o:\u00a0<\/strong>Ligero y peque\u00f1o<\/li>\n<li><strong>Pantalla:\u00a0<\/strong>LCD de 3&#8243;<\/li>\n<li><strong>Incorporado:<\/strong>\u00a0400 juegos clasicos<\/li>\n<li><strong>Duracion de bateria:<\/strong>\u00a06 horas aproximadamente<\/li>\n<\/ul>\n","protected":false},"excerpt":{"rendered":"<p>Sum\u00e9rgete en un mundo de 400 juegos cl\u00e1sicos integrados con un tama\u00f1o peque\u00f1o y ligero. Ideal para viajes o regalo perfecto para ni\u00f1os, amantes de los juegos retro, coleccionistas. Ofrece pantalla TFT en color de alta definici\u00f3n de 3.0 pulgadas, transmisi\u00f3n de imagen precisa. Aproximadamente 6 horas de reproducci\u00f3n continua despu\u00e9s de una carga completa&#8230;.<\/p>\n","protected":false},"featured_media":798,"comment_status":"open","ping_status":"closed","template":"","meta":{"_kad_post_transparent":"default","_kad_post_title":"","_kad_post_layout":"default","_kad_post_sidebar_id":"","_kad_post_content_style":"default","_kad_post_vertical_padding":"default","_kad_post_feature":"","_kad_post_feature_position":"","_kad_post_header":false,"_kad_post_footer":false,"_kad_post_classname":""},"product_brand":[],"product_cat":[24],"product_tag":[],"class_list":{"0":"post-797","1":"product","2":"type-product","3":"status-publish","4":"has-post-thumbnail","6":"product_cat-gaming-y-streaming","8":"first","9":"instock","10":"shipping-taxable","11":"purchasable","12":"product-type-simple","13":"entry","14":"content-bg","15":"loop-entry"},"_links":{"self":[{"href":"https:\/\/lacuinaproductosyservicios.com\/index.php\/wp-json\/wp\/v2\/product\/797","targetHints":{"allow":["GET"]}}],"collection":[{"href":"https:\/\/lacuinaproductosyservicios.com\/index.php\/wp-json\/wp\/v2\/product"}],"about":[{"href":"https:\/\/lacuinaproductosyservicios.com\/index.php\/wp-json\/wp\/v2\/types\/product"}],"replies":[{"embeddable":true,"href":"https:\/\/lacuinaproductosyservicios.com\/index.php\/wp-json\/wp\/v2\/comments?post=797"}],"wp:featuredmedia":[{"embeddable":true,"href":"https:\/\/lacuinaproductosyservicios.com\/index.php\/wp-json\/wp\/v2\/media\/798"}],"wp:attachment":[{"href":"https:\/\/lacuinaproductosyservicios.com\/index.php\/wp-json\/wp\/v2\/media?parent=797"}],"wp:term":[{"taxonomy":"product_brand","embeddable":true,"href":"https:\/\/lacuinaproductosyservicios.com\/index.php\/wp-json\/wp\/v2\/product_brand?post=797"},{"taxonomy":"product_cat","embeddable":true,"href":"https:\/\/lacuinaproductosyservicios.com\/index.php\/wp-json\/wp\/v2\/product_cat?post=797"},{"taxonomy":"product_tag","embeddable":true,"href":"https:\/\/lacuinaproductosyservicios.com\/index.php\/wp-json\/wp\/v2\/product_tag?post=797"}],"curies":[{"name":"wp","href":"https:\/\/api.w.org\/{rel}","templated":true}]}}