{"id":801,"date":"2026-01-06T14:32:29","date_gmt":"2026-01-06T14:32:29","guid":{"rendered":"https:\/\/lacuinaproductosyservicios.com\/?post_type=product&#038;p=801"},"modified":"2026-01-06T14:32:30","modified_gmt":"2026-01-06T14:32:30","slug":"game-stick-lite-con-control-inalambrico-luo-lu-sy03","status":"publish","type":"product","link":"https:\/\/lacuinaproductosyservicios.com\/index.php\/producto\/game-stick-lite-con-control-inalambrico-luo-lu-sy03\/","title":{"rendered":"Game Stick Lite con Control Inal\u00e1mbrico Luo Lu-SY03"},"content":{"rendered":"<ul>\n<li class=\"icon-ok\">Gran Biblioteca de Juegos: Con m\u00e1s de 20,000 juegos preinstalados, disfruta de los cl\u00e1sicos de consolas como ATARI, FAMILY GAME, Super NINTENDO, GAME BOY \/ COLOR \/ ADVANCE, SEGA Genesis, NEO GEO, y PlayStation 1.<\/li>\n<li class=\"icon-ok\">Plug and Play: F\u00e1cil de configurar, simplemente conecta la consola a tu televisor a trav\u00e9s del puerto HDMI y empieza a jugar inmediatamente.<\/li>\n<li class=\"icon-ok\">Calidad de Imagen: Soporte HDMI 1080P que garantiza una salida de video clara y n\u00edtida, mejorando la experiencia visual de tus juegos cl\u00e1sicos.<\/li>\n<li class=\"icon-ok\">Controles Inal\u00e1mbricos: Incluye dos controles inal\u00e1mbricos que te permiten jugar c\u00f3modamente desde cualquier parte de la habitaci\u00f3n sin las limitaciones de cables.<\/li>\n<\/ul>\n","protected":false},"excerpt":{"rendered":"<p>Gran Biblioteca de Juegos: Con m\u00e1s de 20,000 juegos preinstalados, disfruta de los cl\u00e1sicos de consolas como ATARI, FAMILY GAME, Super NINTENDO, GAME BOY \/ COLOR \/ ADVANCE, SEGA Genesis, NEO GEO, y PlayStation 1. Plug and Play: F\u00e1cil de configurar, simplemente conecta la consola a tu televisor a trav\u00e9s del puerto HDMI y empieza&#8230;<\/p>\n","protected":false},"featured_media":802,"comment_status":"open","ping_status":"closed","template":"","meta":{"_kad_post_transparent":"default","_kad_post_title":"","_kad_post_layout":"default","_kad_post_sidebar_id":"","_kad_post_content_style":"default","_kad_post_vertical_padding":"default","_kad_post_feature":"","_kad_post_feature_position":"","_kad_post_header":false,"_kad_post_footer":false,"_kad_post_classname":""},"product_brand":[],"product_cat":[24],"product_tag":[],"class_list":{"0":"post-801","1":"product","2":"type-product","3":"status-publish","4":"has-post-thumbnail","6":"product_cat-gaming-y-streaming","8":"first","9":"instock","10":"shipping-taxable","11":"purchasable","12":"product-type-simple","13":"entry","14":"content-bg","15":"loop-entry"},"_links":{"self":[{"href":"https:\/\/lacuinaproductosyservicios.com\/index.php\/wp-json\/wp\/v2\/product\/801","targetHints":{"allow":["GET"]}}],"collection":[{"href":"https:\/\/lacuinaproductosyservicios.com\/index.php\/wp-json\/wp\/v2\/product"}],"about":[{"href":"https:\/\/lacuinaproductosyservicios.com\/index.php\/wp-json\/wp\/v2\/types\/product"}],"replies":[{"embeddable":true,"href":"https:\/\/lacuinaproductosyservicios.com\/index.php\/wp-json\/wp\/v2\/comments?post=801"}],"wp:featuredmedia":[{"embeddable":true,"href":"https:\/\/lacuinaproductosyservicios.com\/index.php\/wp-json\/wp\/v2\/media\/802"}],"wp:attachment":[{"href":"https:\/\/lacuinaproductosyservicios.com\/index.php\/wp-json\/wp\/v2\/media?parent=801"}],"wp:term":[{"taxonomy":"product_brand","embeddable":true,"href":"https:\/\/lacuinaproductosyservicios.com\/index.php\/wp-json\/wp\/v2\/product_brand?post=801"},{"taxonomy":"product_cat","embeddable":true,"href":"https:\/\/lacuinaproductosyservicios.com\/index.php\/wp-json\/wp\/v2\/product_cat?post=801"},{"taxonomy":"product_tag","embeddable":true,"href":"https:\/\/lacuinaproductosyservicios.com\/index.php\/wp-json\/wp\/v2\/product_tag?post=801"}],"curies":[{"name":"wp","href":"https:\/\/api.w.org\/{rel}","templated":true}]}}