{"id":810,"date":"2026-01-06T14:49:05","date_gmt":"2026-01-06T14:49:05","guid":{"rendered":"https:\/\/lacuinaproductosyservicios.com\/?post_type=product&#038;p=810"},"modified":"2026-01-06T14:49:05","modified_gmt":"2026-01-06T14:49:05","slug":"game-box-luo-400-juegos-lu-sy04","status":"publish","type":"product","link":"https:\/\/lacuinaproductosyservicios.com\/index.php\/producto\/game-box-luo-400-juegos-lu-sy04\/","title":{"rendered":"Game Box Luo 400 Juegos LU-SY04"},"content":{"rendered":"<ul>\n<li><strong>Entretenimiento sin Fin:<\/strong>\u00a0Olv\u00eddate del aburrimiento con esta incre\u00edble Game Box que te ofrece horas de entretenimiento sin importar d\u00f3nde te encuentres.<\/li>\n<li><strong>M\u00e1s de 400 Juegos en Uno:<\/strong>\u00a0Su vers\u00e1til sistema te permite emular una amplia variedad de juegos cl\u00e1sicos y modernos, todo en un solo dispositivo.<\/li>\n<li><strong>F\u00e1cil de Usar:<\/strong>\u00a0Conecta la Game Box a cualquier pantalla o televisor mediante su salida de audio\/video (incluye adaptador) y disfruta de tus juegos favoritos con un solo toque.<\/li>\n<li><strong>Pantalla LCD de 3 Pulgadas:<\/strong>\u00a0Disfruta de una experiencia de juego port\u00e1til en cualquier lugar gracias a su pr\u00e1ctica pantalla integrada.<\/li>\n<li><strong>Bater\u00eda Recargable:<\/strong>\u00a0La Game Box incluye una bater\u00eda recargable de alta duraci\u00f3n que te permite jugar durante horas sin interrupciones.<\/li>\n<\/ul>\n<p>\u00a1Con el Game Box Luo 400 Juegos LU-SY04, la diversi\u00f3n est\u00e1 garantizada en cualquier momento y lugar!<\/p>\n","protected":false},"excerpt":{"rendered":"<p>Entretenimiento sin Fin:\u00a0Olv\u00eddate del aburrimiento con esta incre\u00edble Game Box que te ofrece horas de entretenimiento sin importar d\u00f3nde te encuentres. M\u00e1s de 400 Juegos en Uno:\u00a0Su vers\u00e1til sistema te permite emular una amplia variedad de juegos cl\u00e1sicos y modernos, todo en un solo dispositivo. F\u00e1cil de Usar:\u00a0Conecta la Game Box a cualquier pantalla o&#8230;<\/p>\n","protected":false},"featured_media":811,"comment_status":"open","ping_status":"closed","template":"","meta":{"_kad_post_transparent":"default","_kad_post_title":"","_kad_post_layout":"default","_kad_post_sidebar_id":"","_kad_post_content_style":"default","_kad_post_vertical_padding":"default","_kad_post_feature":"","_kad_post_feature_position":"","_kad_post_header":false,"_kad_post_footer":false,"_kad_post_classname":""},"product_brand":[],"product_cat":[24],"product_tag":[],"class_list":{"0":"post-810","1":"product","2":"type-product","3":"status-publish","4":"has-post-thumbnail","6":"product_cat-gaming-y-streaming","8":"first","9":"instock","10":"shipping-taxable","11":"purchasable","12":"product-type-simple","13":"entry","14":"content-bg","15":"loop-entry"},"_links":{"self":[{"href":"https:\/\/lacuinaproductosyservicios.com\/index.php\/wp-json\/wp\/v2\/product\/810","targetHints":{"allow":["GET"]}}],"collection":[{"href":"https:\/\/lacuinaproductosyservicios.com\/index.php\/wp-json\/wp\/v2\/product"}],"about":[{"href":"https:\/\/lacuinaproductosyservicios.com\/index.php\/wp-json\/wp\/v2\/types\/product"}],"replies":[{"embeddable":true,"href":"https:\/\/lacuinaproductosyservicios.com\/index.php\/wp-json\/wp\/v2\/comments?post=810"}],"wp:featuredmedia":[{"embeddable":true,"href":"https:\/\/lacuinaproductosyservicios.com\/index.php\/wp-json\/wp\/v2\/media\/811"}],"wp:attachment":[{"href":"https:\/\/lacuinaproductosyservicios.com\/index.php\/wp-json\/wp\/v2\/media?parent=810"}],"wp:term":[{"taxonomy":"product_brand","embeddable":true,"href":"https:\/\/lacuinaproductosyservicios.com\/index.php\/wp-json\/wp\/v2\/product_brand?post=810"},{"taxonomy":"product_cat","embeddable":true,"href":"https:\/\/lacuinaproductosyservicios.com\/index.php\/wp-json\/wp\/v2\/product_cat?post=810"},{"taxonomy":"product_tag","embeddable":true,"href":"https:\/\/lacuinaproductosyservicios.com\/index.php\/wp-json\/wp\/v2\/product_tag?post=810"}],"curies":[{"name":"wp","href":"https:\/\/api.w.org\/{rel}","templated":true}]}}