{"id":818,"date":"2026-01-06T15:21:14","date_gmt":"2026-01-06T15:21:14","guid":{"rendered":"https:\/\/lacuinaproductosyservicios.com\/?post_type=product&#038;p=818"},"modified":"2026-01-06T15:21:14","modified_gmt":"2026-01-06T15:21:14","slug":"lonchera-termica-c-disenos-para-ninos","status":"publish","type":"product","link":"https:\/\/lacuinaproductosyservicios.com\/index.php\/producto\/lonchera-termica-c-disenos-para-ninos\/","title":{"rendered":"LONCHERA TERMICA C\/DISE\u00d1OS PARA NI\u00d1OS"},"content":{"rendered":"<p>\u00a1LA COMPA\u00d1ERA PERFECTA PARA LA VUELTA A CLASES!<br \/>\nMant\u00e9n la comida de tus hijos fresca y caliente durante todo el d\u00eda con la lonchera t\u00e9rmica con dise\u00f1os.<br \/>\nCARACTERISTICAS:<br \/>\n\u2022AISLAMIENTO T\u00c9RMICO DE ALTA CALIDAD PARA MANTENER LA TEMPERATURA DE LA COMIDA DURANTE HORAS<br \/>\n\u2022DISE\u00d1O DIVERTIDO Y COLORIDO QUE LOS NI\u00d1OS AMARAN<br \/>\n\u2022TAMA\u00d1O COMPACTO Y LIGERO PARA QUE SEA FACIL LLEVAR EN LA MOCHILA<br \/>\n\u2022MATERIA RESISTENTE Y F\u00c1CIL DE LIMPIAR<br \/>\nIDEAL PARA:<br \/>\n\u2022NI\u00d1OS EN EDAD ESCOLAR QUE NECESITAN UNA COMIDA SALUDABLE Y FRESCA DURANTE EL DIA<br \/>\n\u2022PADRES QUE BUSCAN UNA FORMA PRACTICA Y SEGURA DE LLEVAR LA COMIDA DE SUS HIJOS AL COLEGIO<br \/>\n\u2022HAZ QUE EL ALMUERZO DE TUS NI\u00d1OS SEA UNA EXPERIENCIA DIVERTIDA Y SALUDABLE.<\/p>\n","protected":false},"excerpt":{"rendered":"<p>\u00a1LA COMPA\u00d1ERA PERFECTA PARA LA VUELTA A CLASES! Mant\u00e9n la comida de tus hijos fresca y caliente durante todo el d\u00eda con la lonchera t\u00e9rmica con dise\u00f1os. CARACTERISTICAS: \u2022AISLAMIENTO T\u00c9RMICO DE ALTA CALIDAD PARA MANTENER LA TEMPERATURA DE LA COMIDA DURANTE HORAS \u2022DISE\u00d1O DIVERTIDO Y COLORIDO QUE LOS NI\u00d1OS AMARAN \u2022TAMA\u00d1O COMPACTO Y LIGERO PARA&#8230;<\/p>\n","protected":false},"featured_media":819,"comment_status":"open","ping_status":"closed","template":"","meta":{"_kad_post_transparent":"default","_kad_post_title":"","_kad_post_layout":"default","_kad_post_sidebar_id":"","_kad_post_content_style":"default","_kad_post_vertical_padding":"default","_kad_post_feature":"","_kad_post_feature_position":"","_kad_post_header":false,"_kad_post_footer":false,"_kad_post_classname":""},"product_brand":[],"product_cat":[16],"product_tag":[],"class_list":{"0":"post-818","1":"product","2":"type-product","3":"status-publish","4":"has-post-thumbnail","6":"product_cat-accesorios","8":"first","9":"instock","10":"shipping-taxable","11":"purchasable","12":"product-type-simple","13":"entry","14":"content-bg","15":"loop-entry"},"_links":{"self":[{"href":"https:\/\/lacuinaproductosyservicios.com\/index.php\/wp-json\/wp\/v2\/product\/818","targetHints":{"allow":["GET"]}}],"collection":[{"href":"https:\/\/lacuinaproductosyservicios.com\/index.php\/wp-json\/wp\/v2\/product"}],"about":[{"href":"https:\/\/lacuinaproductosyservicios.com\/index.php\/wp-json\/wp\/v2\/types\/product"}],"replies":[{"embeddable":true,"href":"https:\/\/lacuinaproductosyservicios.com\/index.php\/wp-json\/wp\/v2\/comments?post=818"}],"wp:featuredmedia":[{"embeddable":true,"href":"https:\/\/lacuinaproductosyservicios.com\/index.php\/wp-json\/wp\/v2\/media\/819"}],"wp:attachment":[{"href":"https:\/\/lacuinaproductosyservicios.com\/index.php\/wp-json\/wp\/v2\/media?parent=818"}],"wp:term":[{"taxonomy":"product_brand","embeddable":true,"href":"https:\/\/lacuinaproductosyservicios.com\/index.php\/wp-json\/wp\/v2\/product_brand?post=818"},{"taxonomy":"product_cat","embeddable":true,"href":"https:\/\/lacuinaproductosyservicios.com\/index.php\/wp-json\/wp\/v2\/product_cat?post=818"},{"taxonomy":"product_tag","embeddable":true,"href":"https:\/\/lacuinaproductosyservicios.com\/index.php\/wp-json\/wp\/v2\/product_tag?post=818"}],"curies":[{"name":"wp","href":"https:\/\/api.w.org\/{rel}","templated":true}]}}