{"id":849,"date":"2026-01-14T13:50:10","date_gmt":"2026-01-14T13:50:10","guid":{"rendered":"https:\/\/lacuinaproductosyservicios.com\/?post_type=product&#038;p=849"},"modified":"2026-01-14T13:50:10","modified_gmt":"2026-01-14T13:50:10","slug":"control-remoto-universal-ecopower-ep-8606","status":"publish","type":"product","link":"https:\/\/lacuinaproductosyservicios.com\/index.php\/producto\/control-remoto-universal-ecopower-ep-8606\/","title":{"rendered":"Control Remoto Universal Ecopower EP-8606"},"content":{"rendered":"","protected":false},"excerpt":{"rendered":"<p>El control remoto universal Ecopower EP-8606 es la soluci\u00f3n perfecta para sustituir todos esos mandos a distancia que tienes desperdigados por casa. Adem\u00e1s, funciona con dos pilas AAA, estas pueden ser tambi\u00e9n recargables para evitar el cambio constante.<\/p>\n<ul>\n<li><strong>Dise\u00f1o:<\/strong>\u00a0Compacto<\/li>\n<li><strong>Material:\u00a0<\/strong>Resistente<\/li>\n<li><strong>Requiere:\u00a0<\/strong>2 pilas AAA (no incluidas)<\/li>\n<li><strong>Compatibilidad:<\/strong>\u00a0TV LCD y LED<\/li>\n<\/ul>\n","protected":false},"featured_media":850,"comment_status":"open","ping_status":"closed","template":"","meta":{"_kad_post_transparent":"default","_kad_post_title":"","_kad_post_layout":"default","_kad_post_sidebar_id":"","_kad_post_content_style":"default","_kad_post_vertical_padding":"default","_kad_post_feature":"","_kad_post_feature_position":"","_kad_post_header":false,"_kad_post_footer":false,"_kad_post_classname":""},"product_brand":[],"product_cat":[16],"product_tag":[],"class_list":{"0":"post-849","1":"product","2":"type-product","3":"status-publish","4":"has-post-thumbnail","6":"product_cat-accesorios","8":"first","9":"instock","10":"shipping-taxable","11":"purchasable","12":"product-type-simple","13":"entry","14":"content-bg","15":"loop-entry"},"_links":{"self":[{"href":"https:\/\/lacuinaproductosyservicios.com\/index.php\/wp-json\/wp\/v2\/product\/849","targetHints":{"allow":["GET"]}}],"collection":[{"href":"https:\/\/lacuinaproductosyservicios.com\/index.php\/wp-json\/wp\/v2\/product"}],"about":[{"href":"https:\/\/lacuinaproductosyservicios.com\/index.php\/wp-json\/wp\/v2\/types\/product"}],"replies":[{"embeddable":true,"href":"https:\/\/lacuinaproductosyservicios.com\/index.php\/wp-json\/wp\/v2\/comments?post=849"}],"wp:featuredmedia":[{"embeddable":true,"href":"https:\/\/lacuinaproductosyservicios.com\/index.php\/wp-json\/wp\/v2\/media\/850"}],"wp:attachment":[{"href":"https:\/\/lacuinaproductosyservicios.com\/index.php\/wp-json\/wp\/v2\/media?parent=849"}],"wp:term":[{"taxonomy":"product_brand","embeddable":true,"href":"https:\/\/lacuinaproductosyservicios.com\/index.php\/wp-json\/wp\/v2\/product_brand?post=849"},{"taxonomy":"product_cat","embeddable":true,"href":"https:\/\/lacuinaproductosyservicios.com\/index.php\/wp-json\/wp\/v2\/product_cat?post=849"},{"taxonomy":"product_tag","embeddable":true,"href":"https:\/\/lacuinaproductosyservicios.com\/index.php\/wp-json\/wp\/v2\/product_tag?post=849"}],"curies":[{"name":"wp","href":"https:\/\/api.w.org\/{rel}","templated":true}]}}