{"id":851,"date":"2026-01-14T13:55:44","date_gmt":"2026-01-14T13:55:44","guid":{"rendered":"https:\/\/lacuinaproductosyservicios.com\/?post_type=product&#038;p=851"},"modified":"2026-01-14T13:55:44","modified_gmt":"2026-01-14T13:55:44","slug":"radio-car-ecopower-ep-620-blt-usb-sd-fm","status":"publish","type":"product","link":"https:\/\/lacuinaproductosyservicios.com\/index.php\/producto\/radio-car-ecopower-ep-620-blt-usb-sd-fm\/","title":{"rendered":"RADIO CAR ECOPOWER EP-620 BLT \/ USB \/ SD \/ FM"},"content":{"rendered":"<p>Marca: ECOPOWER<br \/>\nModelo: EP-620<br \/>\nCon ranura para tarjeta SD\/MMC y puerto USB 2.0<br \/>\nCompatible con tarjetas de memoria de 512 MB\/1 GB\/2 GB\/4 GB\/8 GB (incluida transmisi\u00f3n USB de alta velocidad)<br \/>\nCompatible con formato de reproducci\u00f3n MP3<br \/>\nRadio FM<br \/>\nSintonizador electr\u00f3nico est\u00e9reo: escanea y almacena emisoras autom\u00e1ticamente<br \/>\nSintonizaci\u00f3n electr\u00f3nica: m\u00e1s de 3 bandas (FM1, FM2, FM3) y 18 presinton\u00edas<br \/>\nApagado con almacenamiento autom\u00e1tico en memoria<br \/>\nFuncionamiento en modo radio o SD\/MMS\/USB<br \/>\nPantalla LED\/CD a color (opcional)<br \/>\nEcualizador: Plano\/Jazz\/Rock\/POP\/Cl\u00e1sico\/Alto<br \/>\nMOSFET: Potencia m\u00e1xima de salida: 45 W x 4, control de volumen integrado<br \/>\nSe pueden seleccionar diversos efectos de sonido, control de audio DSP<br \/>\nControl remoto IR multifunci\u00f3n (opcional)<br \/>\nAlimentaci\u00f3n: DC 12V<br \/>\nAUX Entrada (opcional)<br \/>\nFunci\u00f3n de reloj (opcional)<br \/>\nCanales de graves y agudos (izq. y der.)<\/p>\n","protected":false},"excerpt":{"rendered":"<p>Marca: ECOPOWER Modelo: EP-620 Con ranura para tarjeta SD\/MMC y puerto USB 2.0 Compatible con tarjetas de memoria de 512 MB\/1 GB\/2 GB\/4 GB\/8 GB (incluida transmisi\u00f3n USB de alta velocidad) Compatible con formato de reproducci\u00f3n MP3 Radio FM Sintonizador electr\u00f3nico est\u00e9reo: escanea y almacena emisoras autom\u00e1ticamente Sintonizaci\u00f3n electr\u00f3nica: m\u00e1s de 3 bandas (FM1, FM2,&#8230;<\/p>\n","protected":false},"featured_media":852,"comment_status":"open","ping_status":"closed","template":"","meta":{"_kad_post_transparent":"default","_kad_post_title":"","_kad_post_layout":"default","_kad_post_sidebar_id":"","_kad_post_content_style":"default","_kad_post_vertical_padding":"default","_kad_post_feature":"","_kad_post_feature_position":"","_kad_post_header":false,"_kad_post_footer":false,"_kad_post_classname":""},"product_brand":[],"product_cat":[18],"product_tag":[],"class_list":{"0":"post-851","1":"product","2":"type-product","3":"status-publish","4":"has-post-thumbnail","6":"product_cat-accesorios-para-auro","8":"first","9":"instock","10":"shipping-taxable","11":"purchasable","12":"product-type-simple","13":"entry","14":"content-bg","15":"loop-entry"},"_links":{"self":[{"href":"https:\/\/lacuinaproductosyservicios.com\/index.php\/wp-json\/wp\/v2\/product\/851","targetHints":{"allow":["GET"]}}],"collection":[{"href":"https:\/\/lacuinaproductosyservicios.com\/index.php\/wp-json\/wp\/v2\/product"}],"about":[{"href":"https:\/\/lacuinaproductosyservicios.com\/index.php\/wp-json\/wp\/v2\/types\/product"}],"replies":[{"embeddable":true,"href":"https:\/\/lacuinaproductosyservicios.com\/index.php\/wp-json\/wp\/v2\/comments?post=851"}],"wp:featuredmedia":[{"embeddable":true,"href":"https:\/\/lacuinaproductosyservicios.com\/index.php\/wp-json\/wp\/v2\/media\/852"}],"wp:attachment":[{"href":"https:\/\/lacuinaproductosyservicios.com\/index.php\/wp-json\/wp\/v2\/media?parent=851"}],"wp:term":[{"taxonomy":"product_brand","embeddable":true,"href":"https:\/\/lacuinaproductosyservicios.com\/index.php\/wp-json\/wp\/v2\/product_brand?post=851"},{"taxonomy":"product_cat","embeddable":true,"href":"https:\/\/lacuinaproductosyservicios.com\/index.php\/wp-json\/wp\/v2\/product_cat?post=851"},{"taxonomy":"product_tag","embeddable":true,"href":"https:\/\/lacuinaproductosyservicios.com\/index.php\/wp-json\/wp\/v2\/product_tag?post=851"}],"curies":[{"name":"wp","href":"https:\/\/api.w.org\/{rel}","templated":true}]}}