{"id":865,"date":"2026-01-14T14:53:17","date_gmt":"2026-01-14T14:53:17","guid":{"rendered":"https:\/\/lacuinaproductosyservicios.com\/?post_type=product&#038;p=865"},"modified":"2026-01-14T14:53:17","modified_gmt":"2026-01-14T14:53:17","slug":"camara-ip-keen-a28b-full-hd-2-camaras-icsee","status":"publish","type":"product","link":"https:\/\/lacuinaproductosyservicios.com\/index.php\/producto\/camara-ip-keen-a28b-full-hd-2-camaras-icsee\/","title":{"rendered":"CAMARA IP KEEN A28B FULL HD 2 CAMARAS ICSEE"},"content":{"rendered":"<ul>\n<li><strong>Marca\/Modelo: KEEN A28B<\/strong><\/li>\n<li><strong>C\u00e1mara Doble Lente Exterior<\/strong><\/li>\n<li><strong>Monitoreo en Tiempo Real<\/strong><\/li>\n<li><strong>Visi\u00f3n Nocturna<\/strong><\/li>\n<li><strong>Detecci\u00f3n de Movimiento Inteligente<\/strong><\/li>\n<li><strong>Especificaciones:<\/strong><br \/>\n<strong>&#8211; Di\u00e1metro del lente: doble lente<\/strong><br \/>\n<strong>&#8211; Aplicaci\u00f3n de Funcionamiento: IcSee<\/strong><br \/>\n<strong>&#8211; Sensor de Movimiento: Con alertas al celular<\/strong><br \/>\n<strong>&#8211; Micr\u00f3fono y Audio Integrado<\/strong><br \/>\n<strong>&#8211; Calidad de Resoluci\u00f3n: 4MP<\/strong><br \/>\n<strong>&#8211; A Prueba de Agua: Grado de protecci\u00f3n IP66<\/strong><br \/>\n<strong>&#8211; Capacidad de Almacenamiento: Admite tarjeta TF de hasta 128GB<\/strong><br \/>\n<strong>&#8211; Alarma Sirena Programable: 80 dB<\/strong><br \/>\n<strong>&#8211; Distancia Infrarroja: 40 metros<\/strong><br \/>\n<strong>&#8211; Compatibilidad Inal\u00e1mbrica: WiFi 2.4GHz, WiFi WIN remoto, WiFi 5GHz con cable de\u00a0<\/strong><strong>red<\/strong><br \/>\n<strong>&#8211; Resoluci\u00f3n de pantalla FHD (1920 x 1080)<\/strong><br \/>\n<strong>&#8211; \u00c1ngulo de visi\u00f3n: 360\u00b0<\/strong><\/li>\n<\/ul>\n","protected":false},"excerpt":{"rendered":"<p>Marca\/Modelo: KEEN A28B C\u00e1mara Doble Lente Exterior Monitoreo en Tiempo Real Visi\u00f3n Nocturna Detecci\u00f3n de Movimiento Inteligente Especificaciones: &#8211; Di\u00e1metro del lente: doble lente &#8211; Aplicaci\u00f3n de Funcionamiento: IcSee &#8211; Sensor de Movimiento: Con alertas al celular &#8211; Micr\u00f3fono y Audio Integrado &#8211; Calidad de Resoluci\u00f3n: 4MP &#8211; A Prueba de Agua: Grado de protecci\u00f3n&#8230;<\/p>\n","protected":false},"featured_media":866,"comment_status":"open","ping_status":"closed","template":"","meta":{"_kad_post_transparent":"default","_kad_post_title":"","_kad_post_layout":"default","_kad_post_sidebar_id":"","_kad_post_content_style":"default","_kad_post_vertical_padding":"default","_kad_post_feature":"","_kad_post_feature_position":"","_kad_post_header":false,"_kad_post_footer":false,"_kad_post_classname":""},"product_brand":[],"product_cat":[22],"product_tag":[],"class_list":{"0":"post-865","1":"product","2":"type-product","3":"status-publish","4":"has-post-thumbnail","6":"product_cat-camaras","8":"first","9":"instock","10":"shipping-taxable","11":"purchasable","12":"product-type-simple","13":"entry","14":"content-bg","15":"loop-entry"},"_links":{"self":[{"href":"https:\/\/lacuinaproductosyservicios.com\/index.php\/wp-json\/wp\/v2\/product\/865","targetHints":{"allow":["GET"]}}],"collection":[{"href":"https:\/\/lacuinaproductosyservicios.com\/index.php\/wp-json\/wp\/v2\/product"}],"about":[{"href":"https:\/\/lacuinaproductosyservicios.com\/index.php\/wp-json\/wp\/v2\/types\/product"}],"replies":[{"embeddable":true,"href":"https:\/\/lacuinaproductosyservicios.com\/index.php\/wp-json\/wp\/v2\/comments?post=865"}],"wp:featuredmedia":[{"embeddable":true,"href":"https:\/\/lacuinaproductosyservicios.com\/index.php\/wp-json\/wp\/v2\/media\/866"}],"wp:attachment":[{"href":"https:\/\/lacuinaproductosyservicios.com\/index.php\/wp-json\/wp\/v2\/media?parent=865"}],"wp:term":[{"taxonomy":"product_brand","embeddable":true,"href":"https:\/\/lacuinaproductosyservicios.com\/index.php\/wp-json\/wp\/v2\/product_brand?post=865"},{"taxonomy":"product_cat","embeddable":true,"href":"https:\/\/lacuinaproductosyservicios.com\/index.php\/wp-json\/wp\/v2\/product_cat?post=865"},{"taxonomy":"product_tag","embeddable":true,"href":"https:\/\/lacuinaproductosyservicios.com\/index.php\/wp-json\/wp\/v2\/product_tag?post=865"}],"curies":[{"name":"wp","href":"https:\/\/api.w.org\/{rel}","templated":true}]}}