{"id":881,"date":"2026-01-14T19:16:47","date_gmt":"2026-01-14T19:16:47","guid":{"rendered":"https:\/\/lacuinaproductosyservicios.com\/?post_type=product&#038;p=881"},"modified":"2026-01-14T19:16:47","modified_gmt":"2026-01-14T19:16:47","slug":"camara-ip-luo-smart-lu-e120-wifi-3cameras","status":"publish","type":"product","link":"https:\/\/lacuinaproductosyservicios.com\/index.php\/producto\/camara-ip-luo-smart-lu-e120-wifi-3cameras\/","title":{"rendered":"CAMARA IP LUO SMART LU-E120 &#8211; WIFI &#8211; 3CAMERAS"},"content":{"rendered":"<p>Marca: LUO<br \/>\nModelo: LU-E120<br \/>\nMaterial: Pl\u00e1stico de ingenier\u00eda ABS<br \/>\nFuente de limentaci\u00f3n: 12 V\/2 A<br \/>\nConexiones de red: WiFi 802.11 b\/g\/n 2.GHz<br \/>\nRotaci\u00f3n panor\u00e1mica e inclinada: la c\u00e1mara tiene una lente superior fija y una inferior con rotaci\u00f3n horizontal de 355\u00b0 y vertical de 90\u00b0.<br \/>\nIP66 resistente al agua: carcasa de pl\u00e1stico ABS, a prueba de agua y polvo, adecuada para exteriores y condiciones clim\u00e1ticas adversas.<br \/>\nDetecci\u00f3n de movimiento y uso compartido: detecta movimiento con alertas y permite monitoreo remoto desde el m\u00f3vil, con hasta 5 usuarios compartiendo im\u00e1genes en tiempo real.<br \/>\nImagen de 3 lentes: muestra tres \u00e1ngulos simult\u00e1neamente en pantalla y permite comunicaci\u00f3n bidireccional.<br \/>\nVisi\u00f3n nocturna: luces LED de alto brillo para una mejor visibilidad nocturna.<br \/>\nAlmacenamiento en la nube<br \/>\nIncluye: C\u00e1mara WiFi inteligente x1, Gu\u00eda r\u00e1pida x1, Adaptador de corriente x1, Cable de conexi\u00f3n x1, Kit de tornillos x1, Pedestal x1<\/p>\n","protected":false},"excerpt":{"rendered":"<p>Marca: LUO Modelo: LU-E120 Material: Pl\u00e1stico de ingenier\u00eda ABS Fuente de limentaci\u00f3n: 12 V\/2 A Conexiones de red: WiFi 802.11 b\/g\/n 2.GHz Rotaci\u00f3n panor\u00e1mica e inclinada: la c\u00e1mara tiene una lente superior fija y una inferior con rotaci\u00f3n horizontal de 355\u00b0 y vertical de 90\u00b0. IP66 resistente al agua: carcasa de pl\u00e1stico ABS, a prueba&#8230;<\/p>\n","protected":false},"featured_media":882,"comment_status":"open","ping_status":"closed","template":"","meta":{"_kad_post_transparent":"default","_kad_post_title":"","_kad_post_layout":"default","_kad_post_sidebar_id":"","_kad_post_content_style":"default","_kad_post_vertical_padding":"default","_kad_post_feature":"","_kad_post_feature_position":"","_kad_post_header":false,"_kad_post_footer":false,"_kad_post_classname":""},"product_brand":[],"product_cat":[22],"product_tag":[],"class_list":{"0":"post-881","1":"product","2":"type-product","3":"status-publish","4":"has-post-thumbnail","6":"product_cat-camaras","8":"first","9":"instock","10":"shipping-taxable","11":"purchasable","12":"product-type-simple","13":"entry","14":"content-bg","15":"loop-entry"},"_links":{"self":[{"href":"https:\/\/lacuinaproductosyservicios.com\/index.php\/wp-json\/wp\/v2\/product\/881","targetHints":{"allow":["GET"]}}],"collection":[{"href":"https:\/\/lacuinaproductosyservicios.com\/index.php\/wp-json\/wp\/v2\/product"}],"about":[{"href":"https:\/\/lacuinaproductosyservicios.com\/index.php\/wp-json\/wp\/v2\/types\/product"}],"replies":[{"embeddable":true,"href":"https:\/\/lacuinaproductosyservicios.com\/index.php\/wp-json\/wp\/v2\/comments?post=881"}],"wp:featuredmedia":[{"embeddable":true,"href":"https:\/\/lacuinaproductosyservicios.com\/index.php\/wp-json\/wp\/v2\/media\/882"}],"wp:attachment":[{"href":"https:\/\/lacuinaproductosyservicios.com\/index.php\/wp-json\/wp\/v2\/media?parent=881"}],"wp:term":[{"taxonomy":"product_brand","embeddable":true,"href":"https:\/\/lacuinaproductosyservicios.com\/index.php\/wp-json\/wp\/v2\/product_brand?post=881"},{"taxonomy":"product_cat","embeddable":true,"href":"https:\/\/lacuinaproductosyservicios.com\/index.php\/wp-json\/wp\/v2\/product_cat?post=881"},{"taxonomy":"product_tag","embeddable":true,"href":"https:\/\/lacuinaproductosyservicios.com\/index.php\/wp-json\/wp\/v2\/product_tag?post=881"}],"curies":[{"name":"wp","href":"https:\/\/api.w.org\/{rel}","templated":true}]}}