{"id":883,"date":"2026-01-14T19:39:17","date_gmt":"2026-01-14T19:39:17","guid":{"rendered":"https:\/\/lacuinaproductosyservicios.com\/?post_type=product&#038;p=883"},"modified":"2026-01-14T19:39:17","modified_gmt":"2026-01-14T19:39:17","slug":"mini-teclado-inalambrico-rgb-luo-lu-19","status":"publish","type":"product","link":"https:\/\/lacuinaproductosyservicios.com\/index.php\/producto\/mini-teclado-inalambrico-rgb-luo-lu-19\/","title":{"rendered":"Mini Teclado Inal\u00e1mbrico RGB LUO LU-19"},"content":{"rendered":"<ul>\n<li>La combinaci\u00f3n de mouse y teclado.<\/li>\n<li>Control remoto multimedia espec\u00edfico y teclado de mano con funci\u00f3n Touchpad.<\/li>\n<li>Con las funciones ajustables de Touchpad DPI, se adapta mejor a los diferentes tama\u00f1os de pantalla.<\/li>\n<li>Podr\u00e1s usarlo en smart TV, computadoras, laptops, Smart phone, tablets y mucho m\u00e1s.<\/li>\n<li>Es compatible con Windows, Linux.<\/li>\n<li>Es f\u00e1cil de usar, solo conectas el adaptador inal\u00e1mbrico a un puerto usb disponible de la pantalla o PC disponible (no necesita instalaci\u00f3n de software adicionales).<\/li>\n<li>Cuenta con bater\u00eda recargable extra\u00edble.<\/li>\n<li>Luz LED RGB.<\/li>\n<li>Incluye un cable USB para la carga.<\/li>\n<\/ul>\n","protected":false},"excerpt":{"rendered":"<p>La combinaci\u00f3n de mouse y teclado. Control remoto multimedia espec\u00edfico y teclado de mano con funci\u00f3n Touchpad. Con las funciones ajustables de Touchpad DPI, se adapta mejor a los diferentes tama\u00f1os de pantalla. Podr\u00e1s usarlo en smart TV, computadoras, laptops, Smart phone, tablets y mucho m\u00e1s. Es compatible con Windows, Linux. Es f\u00e1cil de usar,&#8230;<\/p>\n","protected":false},"featured_media":885,"comment_status":"open","ping_status":"closed","template":"","meta":{"_kad_post_transparent":"default","_kad_post_title":"","_kad_post_layout":"default","_kad_post_sidebar_id":"","_kad_post_content_style":"default","_kad_post_vertical_padding":"default","_kad_post_feature":"","_kad_post_feature_position":"","_kad_post_header":false,"_kad_post_footer":false,"_kad_post_classname":""},"product_brand":[],"product_cat":[16],"product_tag":[],"class_list":{"0":"post-883","1":"product","2":"type-product","3":"status-publish","4":"has-post-thumbnail","6":"product_cat-accesorios","8":"first","9":"instock","10":"shipping-taxable","11":"purchasable","12":"product-type-simple","13":"entry","14":"content-bg","15":"loop-entry"},"_links":{"self":[{"href":"https:\/\/lacuinaproductosyservicios.com\/index.php\/wp-json\/wp\/v2\/product\/883","targetHints":{"allow":["GET"]}}],"collection":[{"href":"https:\/\/lacuinaproductosyservicios.com\/index.php\/wp-json\/wp\/v2\/product"}],"about":[{"href":"https:\/\/lacuinaproductosyservicios.com\/index.php\/wp-json\/wp\/v2\/types\/product"}],"replies":[{"embeddable":true,"href":"https:\/\/lacuinaproductosyservicios.com\/index.php\/wp-json\/wp\/v2\/comments?post=883"}],"wp:featuredmedia":[{"embeddable":true,"href":"https:\/\/lacuinaproductosyservicios.com\/index.php\/wp-json\/wp\/v2\/media\/885"}],"wp:attachment":[{"href":"https:\/\/lacuinaproductosyservicios.com\/index.php\/wp-json\/wp\/v2\/media?parent=883"}],"wp:term":[{"taxonomy":"product_brand","embeddable":true,"href":"https:\/\/lacuinaproductosyservicios.com\/index.php\/wp-json\/wp\/v2\/product_brand?post=883"},{"taxonomy":"product_cat","embeddable":true,"href":"https:\/\/lacuinaproductosyservicios.com\/index.php\/wp-json\/wp\/v2\/product_cat?post=883"},{"taxonomy":"product_tag","embeddable":true,"href":"https:\/\/lacuinaproductosyservicios.com\/index.php\/wp-json\/wp\/v2\/product_tag?post=883"}],"curies":[{"name":"wp","href":"https:\/\/api.w.org\/{rel}","templated":true}]}}