{"id":902,"date":"2026-01-14T20:45:05","date_gmt":"2026-01-14T20:45:05","guid":{"rendered":"https:\/\/lacuinaproductosyservicios.com\/?post_type=product&#038;p=902"},"modified":"2026-01-14T20:45:05","modified_gmt":"2026-01-14T20:45:05","slug":"consola-de-juegos-m22-con-mandos-inalambricos-retro-plug-play-hdmi-y-dos-mandos","status":"publish","type":"product","link":"https:\/\/lacuinaproductosyservicios.com\/index.php\/producto\/consola-de-juegos-m22-con-mandos-inalambricos-retro-plug-play-hdmi-y-dos-mandos\/","title":{"rendered":"Consola de juegos M22 con mandos inal\u00e1mbricos, retro, plug &#038; play, HDMI y dos mandos."},"content":{"rendered":"<p><span dir=\"auto\">Disfruta de horas de juegos nost\u00e1lgicos con la\u00a0<\/span><strong data-start=\"306\" data-end=\"326\"><span dir=\"auto\">consola M22<\/span><\/strong><span dir=\"auto\">\u00a0: la soluci\u00f3n plug-and-play definitiva para los amantes de los juegos retro. Dise\u00f1ada para la facilidad y la diversi\u00f3n, esta consola compacta se conecta directamente a tu televisor mediante HDMI e incluye todo lo necesario para empezar a jugar desde el primer momento. Con dos mandos inal\u00e1mbricos y una biblioteca de juegos cl\u00e1sicos, la M22 es perfecta para jugar en solitario o en pareja.<\/span><\/p>\n","protected":false},"excerpt":{"rendered":"<p>Disfruta de horas de juegos nost\u00e1lgicos con la\u00a0consola M22\u00a0: la soluci\u00f3n plug-and-play definitiva para los amantes de los juegos retro. Dise\u00f1ada para la facilidad y la diversi\u00f3n, esta consola compacta se conecta directamente a tu televisor mediante HDMI e incluye todo lo necesario para empezar a jugar desde el primer momento. Con dos mandos inal\u00e1mbricos&#8230;<\/p>\n","protected":false},"featured_media":903,"comment_status":"open","ping_status":"closed","template":"","meta":{"_kad_post_transparent":"default","_kad_post_title":"","_kad_post_layout":"default","_kad_post_sidebar_id":"","_kad_post_content_style":"default","_kad_post_vertical_padding":"default","_kad_post_feature":"","_kad_post_feature_position":"","_kad_post_header":false,"_kad_post_footer":false,"_kad_post_classname":""},"product_brand":[],"product_cat":[24],"product_tag":[],"class_list":{"0":"post-902","1":"product","2":"type-product","3":"status-publish","4":"has-post-thumbnail","6":"product_cat-gaming-y-streaming","8":"first","9":"instock","10":"shipping-taxable","11":"purchasable","12":"product-type-simple","13":"entry","14":"content-bg","15":"loop-entry"},"_links":{"self":[{"href":"https:\/\/lacuinaproductosyservicios.com\/index.php\/wp-json\/wp\/v2\/product\/902","targetHints":{"allow":["GET"]}}],"collection":[{"href":"https:\/\/lacuinaproductosyservicios.com\/index.php\/wp-json\/wp\/v2\/product"}],"about":[{"href":"https:\/\/lacuinaproductosyservicios.com\/index.php\/wp-json\/wp\/v2\/types\/product"}],"replies":[{"embeddable":true,"href":"https:\/\/lacuinaproductosyservicios.com\/index.php\/wp-json\/wp\/v2\/comments?post=902"}],"wp:featuredmedia":[{"embeddable":true,"href":"https:\/\/lacuinaproductosyservicios.com\/index.php\/wp-json\/wp\/v2\/media\/903"}],"wp:attachment":[{"href":"https:\/\/lacuinaproductosyservicios.com\/index.php\/wp-json\/wp\/v2\/media?parent=902"}],"wp:term":[{"taxonomy":"product_brand","embeddable":true,"href":"https:\/\/lacuinaproductosyservicios.com\/index.php\/wp-json\/wp\/v2\/product_brand?post=902"},{"taxonomy":"product_cat","embeddable":true,"href":"https:\/\/lacuinaproductosyservicios.com\/index.php\/wp-json\/wp\/v2\/product_cat?post=902"},{"taxonomy":"product_tag","embeddable":true,"href":"https:\/\/lacuinaproductosyservicios.com\/index.php\/wp-json\/wp\/v2\/product_tag?post=902"}],"curies":[{"name":"wp","href":"https:\/\/api.w.org\/{rel}","templated":true}]}}